{"id":8523,"date":"2019-02-11T03:39:31","date_gmt":"2019-02-11T01:39:31","guid":{"rendered":"https:\/\/webstore4.com\/\/?product=ajax-starterkit-luxe-wit"},"modified":"2025-02-19T05:22:00","modified_gmt":"2025-02-19T04:22:00","slug":"ajax-starterkit-luxe-wit","status":"publish","type":"product","link":"https:\/\/webstore4.com\/de\/product\/ajax-starterkit-luxe-wit\/","title":{"rendered":"Ajax StarterKit Luxury White mit Hub, 2x DoorProtect, 2x MotionProtect, SpaceControl, KeyPad und HomeSiren"},"content":{"rendered":"<p>Ajax StarterKit Luxe Wit is een complete kit binnen het Ajax Baseline alarmsysteem. Ajax is een toonaangevend bedrijf op het gebied van beveiligingsoplossingen. Met geavanceerde technologie\u00ebn en innovatieve producten bieden ze betrouwbare en effectieve beveiligingsoplossingen voor zowel particuliere als zakelijke klanten. Hun systemen zijn eenvoudig te installeren en te bedienen, waardoor gebruikers een veilig gevoel hebben. Ajax Security Systems staat bekend om zijn hoogwaardige beveiligingsproducten die voldoen aan de strengste normen en eisen.<\/p>\n<p>Ajax bietet zu seinen Produkten eine kostenlose App an, die mit dem zentralen Hub kommuniziert, an den bis zu f\u00fcnfzig Benutzer und hundert Ger\u00e4te angeschlossen werden k\u00f6nnen. Die App erm\u00f6glicht es, Benachrichtigungen \u00fcber Alarme und Ereignisse zu erhalten, Live-Videostreams anzusehen und den Status aller Sicherheitsger\u00e4te zu \u00fcberpr\u00fcfen. Die App bietet detaillierte Veranstaltungsinformationen und l\u00e4sst sich einfach \u00fcber mehrere Ger\u00e4te und Benutzer hinweg verwalten.<\/p>\n<p><strong>M\u00f6glichkeiten<\/strong><\/p>\n<p>Het Ajax StarterKit Luxe Wit is een luxe kit met alle benodigde onderdelen voor de basis van het Ajax alarmsysteem.<br \/>\nDe kit bestaat uit een <span style=\"color: #ff9900;\"><a style=\"color: #ff9900;\" href=\"https:\/\/webstore4.com\/ajax-hub-wit-met-1x-2g-gsm-en-lan\/\" target=\"_blank\" rel=\"noopener\">Ajax Hub Wei\u00df mit 1x 2G GSM und LAN<\/a><\/span>, twee stuks <span style=\"color: #ff9900;\"><a style=\"color: #ff9900;\" href=\"https:\/\/webstore4.com\/ajax-doorprotect-wit\/\" target=\"_blank\" rel=\"noopener\">Ajax DoorProtect Wei\u00dfer Magnetkontakt<\/a><\/span>, twee stuks <span style=\"color: #ff9900;\"><a style=\"color: #ff9900;\" href=\"https:\/\/webstore4.com\/ajax-motionprotect-wit\/\" target=\"_blank\" rel=\"noopener\">Ajax MotionProtect White mit IR-Sensor<\/a><\/span>, Ein <span style=\"color: #ff9900;\"><a style=\"color: #ff9900;\" href=\"https:\/\/webstore4.com\/ajax-spacecontrol-wit\/\" target=\"_blank\" rel=\"noopener\">Ajax SpaceControl Wei\u00df<\/a><\/span>, een draadloze <span style=\"color: #ff9900;\"><a style=\"color: #ff9900;\" href=\"https:\/\/webstore4.com\/ajax-keypad-wit\/\" target=\"_blank\" rel=\"noopener\">Ajax KeyPad Wei\u00df Juwelier<\/a> <\/span>und ein <span style=\"color: #ff9900;\"><a style=\"color: #ff9900;\" href=\"https:\/\/webstore4.com\/ajax-homesiren-wit\/\" target=\"_blank\" rel=\"noopener\">Ajax HomeSiren Wei\u00dfe kabellose Innensirene<\/a><\/span>.<\/p>\n<p>De Ajax Hub Wit met 1x 2G GSM en LAN functioneert tussen de andere beveiligingsapparatuur van Ajax. Deze centrale eenheid is het punt wat met de gratis applicatie van Ajax communiceert. Met de app kan het beveiligingssysteem eenvoudig worden beheerd en de ruimte worden bewaakt. De overige componenten van het Ajax beveiligingssysteem worden verbonden met de centrale hub binnen een afstand van 2000 meter.<br \/>\nDe Ajax Hub Wit met 1x 2G GSM meldt de alarmen via push meldingen, sms of telefoongesprek.<br \/>\nDe Ajax Hub Wit met 1x 2G GSM werkt na stroomuitval nog ongeveer 10 uur op een batterij back-up. Bij het ongewenst verwijderen van de voeding wordt het alarm geactiveerd.<\/p>\n<p>De twee Ajax DoorProtect Wit magneetcontact zijn draadloze beveiligingssensoren die zijn ontworpen om ramen en deuren te bewaken. De componenten bestaan uit een magneet en een sensor. Zodra de verbinding tussen magneet en sensor verbroken wordt, wordt het alarm geactiveerd. De Ajax DoorProtect Wit stuurt dan direct een signaal af naar de Ajax Hub Wit met 1x 2G GSM.<\/p>\n<p>Der Ajax MotionProtect Black mit IR-Sensor ist ein fortschrittlicher Bewegungssensor, der mit Passiv-Infrarot-Technologie (PIR) arbeitet. Diese Technologie sorgt daf\u00fcr, dass Bewegungen im erkannten Bereich sofort bemerkt werden.<br \/>\nDa der Ajax MotionProtect Black \u00fcber einen fortschrittlichen Algorithmus verf\u00fcgt, kann er zwischen menschlichen Bewegungen und den Bewegungen von Objekten oder Tieren unterscheiden.<\/p>\n<p>Die mitgelieferte Ajax SpaceControl White-Fernbedienung bietet Benutzern die M\u00f6glichkeit, den Status des Sicherheitssystems schnell und einfach zu \u00e4ndern. Die Fernbedienung ist mit Sicherheitsma\u00dfnahmen wie einer Verschl\u00fcsselung ausgestattet, die einen unbefugten Zugriff auf das System verhindert.<\/p>\n<p>Ook zit er een Ajax KeyPad Wit Jeweller in deze kit. Dit is een bedieningspaneel die kan worden beheerd om het alarmsysteem te activeren of te deactiveren met een toegangscode. Op de keypad is een paniekknop aanwezig.<\/p>\n<p>Tenslotte bevind zich in de Ajax StarterKit Luxe Wit ook een Ajax HomeSiren Wit draadloze binnen sirene. Deze sirene werkt in samenwerking met de centrale hub en geeft geluidssignalen van 105 decibel en lichtsignalen af.<\/p>\n<p>Uiteraard kunnen er nog extra apparaten bijgekocht worden bij Ajax StarterKit Luxe Wit. Een aantal aanbevolen producten staan onder opties. Koop voor het monteren van de onderdelen <span style=\"color: #ff9900;\"><a style=\"color: #ff9900;\" href=\"https:\/\/webstore4.com\/alarmsystemen\/ajax-baseline\/?yith_wcan=1&amp;filter_product=bracket&amp;query_type_product=or\" target=\"_blank\" rel=\"noopener\">Hier<\/a> <\/span>eine zus\u00e4tzliche Halterung mit den Materialien.<\/p>\n<p>F\u00fcr eine detailliertere Beschreibung der einzelnen Produkte verweisen wir auf die Produkte selbst. Wir empfehlen au\u00dferdem, die Produktseite zu konsultieren, die unter der Registerkarte \u201eDokumentation\u201c enthalten ist.<\/p>\n<p><strong>Wichtigste Funktionen<br \/>\n<\/strong><\/p>\n<ul>\n<li>Kompletter Ajax-Bausatz<\/li>\n<li>1x <span style=\"color: #ff9900;\"><a style=\"color: #ff9900;\" href=\"https:\/\/webstore4.com\/ajax-hub-wit-met-1x-2g-gsm-en-lan\/\" target=\"_blank\" rel=\"noopener\">Ajax Hub Wei\u00df mit 1x 2G GSM und LAN<\/a><\/span>, mit ca. 10 Stunden Batterie-Backup<\/li>\n<li>2x <span style=\"color: #ff9900;\"><a style=\"color: #ff9900;\" href=\"https:\/\/webstore4.com\/ajax-doorprotect-wit\/\" target=\"_blank\" rel=\"noopener\">Ajax DoorProtect Wei\u00dfer Magnetkontakt<\/a><\/span><\/li>\n<li>2x <span style=\"color: #ff9900;\"><a style=\"color: #ff9900;\" href=\"https:\/\/webstore4.com\/ajax-motionprotect-wit\/\" target=\"_blank\" rel=\"noopener\">Ajax MotionProtect White mit IR-Sensor<\/a><\/span><\/li>\n<li>1x <span style=\"color: #ff9900;\"><a style=\"color: #ff9900;\" href=\"https:\/\/webstore4.com\/ajax-spacecontrol-wit\/\" target=\"_blank\" rel=\"noopener\">Ajax SpaceControl Wei\u00df<\/a><\/span><\/li>\n<li>1x <span style=\"color: #ff9900;\"><a style=\"color: #ff9900;\" href=\"https:\/\/webstore4.com\/ajax-keypad-wit\/\" target=\"_blank\" rel=\"noopener\">Ajax KeyPad Wei\u00df Juwelier<\/a><\/span><\/li>\n<li>1x <span style=\"color: #ff9900;\"><a style=\"color: #ff9900;\" href=\"https:\/\/webstore4.com\/ajax-homesiren-wit\/\" target=\"_blank\" rel=\"noopener\">Ajax HomeSiren Wei\u00dfe kabellose Innensirene<\/a><\/span><\/li>\n<li>Maximal 50 Benutzer<\/li>\n<li>Bis zu 100 Ger\u00e4te<\/li>\n<li>Steuerung \u00fcber Ajax-Anwendung<\/li>\n<li>Ausgestattet mit LAN und 2G GSM Backup<\/li>\n<li>Batterien im Lieferumfang enthalten, Batterien sind von der Garantie ausgeschlossen<\/li>\n<li>Teile zum Anschluss des Bausatzes im Umkreis von 2000 Metern.<\/li>\n<li>Der Hub ist vom R\u00fcckgaberecht ausgeschlossen. Denn das Protokoll (nach der Registrierung) kann nicht gel\u00f6scht werden.<\/li>\n<li>Wei\u00df<\/li>\n<\/ul>\n<p>WebStore4 ist offizieller H\u00e4ndler von Ajax Systems. Bestellen Sie Alarmsysteme von Ajax Systems einfach und schnell \u00fcber unseren Webshop. Alle Elemente k\u00f6nnen auch einzeln bestellt werden. Gerne beraten wir Sie fachkundig \u00fcber die M\u00f6glichkeiten des Ajax-Systems. Bei gr\u00f6\u00dferen Projekten k\u00f6nnen wir attraktive Preise anbieten und Hilfe bei der Montage der richtigen Teile anbieten.<\/p>\n<p>Wussten Sie, dass Ajax Systems ein zertifiziertes drahtloses Alarmsystem ist? Neben einem Alarmsystem ist Ajax Systems auch ein Smart-Home-System. Dadurch besteht auch die M\u00f6glichkeit, eine IP-Kamera in das System zu integrieren.<\/p>\n<p><a href=\"https:\/\/www.webstore4ipcameras.nl\/Copyright\" target=\"_blank\" rel=\"noopener\"><span style=\"color: #ff6e03; font-size: 11px;\">\u00a9 Der Text ist urheberrechtlich gesch\u00fctzt<\/span><\/a><\/p>\n<p><iframe title=\"Ajax: Das drahtlose Sicherheitssystem der n\u00e4chsten Generation\" width=\"960\" height=\"540\" src=\"https:\/\/www.youtube.com\/embed\/0T5Sk6xCKek?feature=oembed&#038;enablejsapi=1&#038;origin=https:\/\/webstore4.com\" frameborder=\"0\" allow=\"accelerometer; autoplay; clipboard-write; encrypted-media; gyroscope; picture-in-picture; web-share\" referrerpolicy=\"strict-origin-when-cross-origin\" allowfullscreen><\/iframe><\/p>\n<p>&nbsp;<\/p>\n<p>&nbsp;<\/p>","protected":false},"excerpt":{"rendered":"<p>Ajax StarterKit Luxe Wit is een complete kit binnen het Ajax Baseline alarmsysteem. Ajax is een toonaangevend bedrijf op het gebied van beveiligingsoplossingen. Met geavanceerde technologie\u00ebn en innovatieve producten bieden ze betrouwbare en effectieve beveiligingsoplossingen voor zowel particuliere als zakelijke klanten. Hun systemen zijn eenvoudig te installeren en te bedienen, waardoor gebruikers een veilig gevoel<\/p>\n<div class=\"klb-readmore button\"><a class=\"btn link\" href=\"https:\/\/webstore4.com\/de\/product\/ajax-starterkit-luxe-wit\/\">Mehr lesen <i class=\"klbth-icon-right-arrow\"><\/i><\/a><\/div>","protected":false},"featured_media":8524,"comment_status":"closed","ping_status":"closed","template":"","meta":[],"pwb-brand":[3408],"product_cat":[3466,4224,4263],"product_tag":[],"class_list":{"0":"post-8523","1":"product","2":"type-product","3":"status-publish","4":"has-post-thumbnail","6":"pwb-brand-ajax-systems","7":"product_cat-alarm","8":"product_cat-alarmsystemen","9":"product_cat-ajax-baseline","10":"product_shipping_class-pakket","11":"pa_aanbieding-sale","12":"pa_kleur-wit","13":"pa_merk-ajax-systems","14":"pa_product-complete-kit","16":"first","17":"onbackorder","18":"sale","19":"featured","20":"taxable","21":"shipping-taxable","22":"purchasable","23":"product-type-simple"},"brands":[{"id":3408,"name":"Ajax Systems","slug":"ajax-systems"}],"_links":{"self":[{"href":"https:\/\/webstore4.com\/de\/wp-json\/wp\/v2\/product\/8523","targetHints":{"allow":["GET"]}}],"collection":[{"href":"https:\/\/webstore4.com\/de\/wp-json\/wp\/v2\/product"}],"about":[{"href":"https:\/\/webstore4.com\/de\/wp-json\/wp\/v2\/types\/product"}],"replies":[{"embeddable":true,"href":"https:\/\/webstore4.com\/de\/wp-json\/wp\/v2\/comments?post=8523"}],"wp:featuredmedia":[{"embeddable":true,"href":"https:\/\/webstore4.com\/de\/wp-json\/wp\/v2\/media\/8524"}],"wp:attachment":[{"href":"https:\/\/webstore4.com\/de\/wp-json\/wp\/v2\/media?parent=8523"}],"wp:term":[{"taxonomy":"pwb-brand","embeddable":true,"href":"https:\/\/webstore4.com\/de\/wp-json\/wp\/v2\/pwb-brand?post=8523"},{"taxonomy":"product_cat","embeddable":true,"href":"https:\/\/webstore4.com\/de\/wp-json\/wp\/v2\/product_cat?post=8523"},{"taxonomy":"product_tag","embeddable":true,"href":"https:\/\/webstore4.com\/de\/wp-json\/wp\/v2\/product_tag?post=8523"}],"curies":[{"name":"wp","href":"https:\/\/api.w.org\/{rel}","templated":true}]}}