{"id":8519,"date":"2019-02-11T03:28:48","date_gmt":"2019-02-11T01:28:48","guid":{"rendered":"https:\/\/webstore4.com\/\/?product=ajax-uartbridge"},"modified":"2024-04-19T15:07:05","modified_gmt":"2024-04-19T14:07:05","slug":"ajax-uartbridge","status":"publish","type":"product","link":"https:\/\/webstore4.com\/de\/product\/ajax-uartbridge\/","title":{"rendered":"Ajax uartBridge"},"content":{"rendered":"<p>Die Ajax uartBridge ist Teil des Ajax Baseline-Alarmsystems. Ajax ist ein f\u00fchrendes Unternehmen im Bereich Sicherheitsl\u00f6sungen. Mit fortschrittlichen Technologien und innovativen Produkten bieten sie zuverl\u00e4ssige und effektive Sicherheitsl\u00f6sungen f\u00fcr Privat- und Gesch\u00e4ftskunden. Ajax-Systeme sind einfach zu installieren und zu bedienen und geben den Benutzern ein Gef\u00fchl der Sicherheit. Ajax Security Systems ist bekannt f\u00fcr seine hochwertigen Sicherheitsprodukte, die die strengsten Standards und Anforderungen erf\u00fcllen.<\/p>\n<p>Die App erm\u00f6glicht es, Benachrichtigungen \u00fcber Alarme und Ereignisse zu erhalten, Live-Videostreams anzusehen (sofern Kameras integriert sind) und den Status aller Sicherheitsger\u00e4te zu \u00fcberpr\u00fcfen. Die App bietet detaillierte Veranstaltungsinformationen und l\u00e4sst sich einfach \u00fcber mehrere Ger\u00e4te und Benutzer hinweg verwalten.<\/p>\n<p><strong>M\u00f6glichkeiten<\/strong><\/p>\n<p>Die Ajax uartBridge bietet Kunden die M\u00f6glichkeit, Sicherheitselemente von Drittanbietern zum Ajax-Alarmsystem hinzuzuf\u00fcgen. Die Ajax uartBridge fungiert tats\u00e4chlich als Br\u00fccke zwischen dem Ajax-Sicherheitssystem und anderen Sicherheitssystemen oder -ger\u00e4ten.<br \/>\nAuf diese Weise ist es m\u00f6glich, \u00e4ltere kabelgebundene Systeme anzuschlie\u00dfen und diese sofort nach der Verbindung mit der Ajax ocBridge PLUS drahtlos zu machen. Dies kann besonders n\u00fctzlich sein, wenn vor Ort bereits eine Alarmanlage vorhanden ist oder ein Teil der Alarmanlage verkabelt bleiben muss.<br \/>\nDurch die Verbindung mit der Ajax uartBridge werden die angeschlossenen Ger\u00e4te auch in die Ajax-Anwendung integriert.<\/p>\n<p>Die Ajax ocBridge PLUS ist mit einer Software zur Blockierungsverhinderung ausgestattet und steht daher, wie die anderen Ger\u00e4te des Ajax Baseline Alarmsystems, zuverl\u00e4ssig in der Kommunikation mit dem zentralen Hub. Die Ajax ocBridge PLUS muss in einem Abstand von 2000 Metern (Freifl\u00e4che) vom zentralen Hub montiert werden. Auf diesem universellen Integrationsmodul k\u00f6nnen insgesamt acht verdrahtete Ausg\u00e4nge belegt werden. Die Ajax ocBridge PLUS verf\u00fcgt \u00fcber einen vorinstallierten Akku und kann bei Konfiguration \u00fcber einen Mini-USB mit Strom versorgt werden.<\/p>\n<p>F\u00fcr weitere Spezifikationen empfehlen wir Ihnen, das Benutzerhandbuch zu konsultieren, das unter der Registerkarte \u201eDokumentation\u201c enthalten ist.<\/p>\n<p><strong>Wichtigste Funktionen<\/strong><\/p>\n<ul>\n<li>Funktioniert mit MotionProtect, MotionProtect PLUS, DoorProtect, SpaceControl, GlassProtect, CombiProtect, FireProtect, FireProtect PLUS und LeaksProtect<\/li>\n<li>Funktionen <strong>nicht<\/strong> mit den Ajax-Hub-Kraftwerken<\/li>\n<li>Ohne Wohnraum<\/li>\n<li>Erm\u00f6glicht den Anschluss externer Ger\u00e4te an das Ajax-Alarmsystem<\/li>\n<li>Steuerung \u00fcber Ajax-Anwendung<\/li>\n<li>2-Wege-Kommunikation<\/li>\n<li>Stromversorgung 5 VDC<\/li>\n<li>Inklusive Batterie, Batterie ist von der Garantie ausgeschlossen<\/li>\n<li>Bis zu 85 Ger\u00e4te<\/li>\n<li>Kann in einem Umkreis von bis zu 2000 Metern (Freifl\u00e4che) mit dem Ajax Hub verbunden werden.<\/li>\n<\/ul>\n<p><a href=\"https:\/\/www.webstore4ipcameras.nl\/Copyright\" target=\"_blank\" rel=\"noopener\"><span style=\"color: #ff6e03; font-size: 11px;\">\u00a9 Der Text ist urheberrechtlich gesch\u00fctzt<\/span><\/a><\/p>","protected":false},"excerpt":{"rendered":"<p>De Ajax uartBridge is onderdeel van het Ajax Baseline alarmsysteem. Ajax is een toonaangevend bedrijf op het gebied van beveiligingsoplossingen. Met geavanceerde technologie\u00ebn en innovatieve producten bieden ze betrouwbare en effectieve beveiligingsoplossingen voor zowel particuliere als zakelijke klanten. Ajax systemen zijn eenvoudig te installeren en te bedienen, waardoor gebruikers een veilig gevoel hebben. Ajax Security<\/p>\n<div class=\"klb-readmore button\"><a class=\"btn link\" href=\"https:\/\/webstore4.com\/de\/product\/ajax-uartbridge\/\">Mehr lesen <i class=\"klbth-icon-right-arrow\"><\/i><\/a><\/div>","protected":false},"featured_media":8520,"comment_status":"closed","ping_status":"closed","template":"","meta":[],"pwb-brand":[3408],"product_cat":[3466,4224,4263],"product_tag":[],"class_list":{"0":"post-8519","1":"product","2":"type-product","3":"status-publish","4":"has-post-thumbnail","6":"pwb-brand-ajax-systems","7":"product_cat-alarm","8":"product_cat-alarmsystemen","9":"product_cat-ajax-baseline","10":"product_shipping_class-pakket","11":"pa_merk-ajax-systems","12":"pa_product-accessoires","14":"first","15":"onbackorder","16":"taxable","17":"shipping-taxable","18":"purchasable","19":"product-type-simple"},"brands":[{"id":3408,"name":"Ajax Systems","slug":"ajax-systems"}],"_links":{"self":[{"href":"https:\/\/webstore4.com\/de\/wp-json\/wp\/v2\/product\/8519","targetHints":{"allow":["GET"]}}],"collection":[{"href":"https:\/\/webstore4.com\/de\/wp-json\/wp\/v2\/product"}],"about":[{"href":"https:\/\/webstore4.com\/de\/wp-json\/wp\/v2\/types\/product"}],"replies":[{"embeddable":true,"href":"https:\/\/webstore4.com\/de\/wp-json\/wp\/v2\/comments?post=8519"}],"wp:featuredmedia":[{"embeddable":true,"href":"https:\/\/webstore4.com\/de\/wp-json\/wp\/v2\/media\/8520"}],"wp:attachment":[{"href":"https:\/\/webstore4.com\/de\/wp-json\/wp\/v2\/media?parent=8519"}],"wp:term":[{"taxonomy":"pwb-brand","embeddable":true,"href":"https:\/\/webstore4.com\/de\/wp-json\/wp\/v2\/pwb-brand?post=8519"},{"taxonomy":"product_cat","embeddable":true,"href":"https:\/\/webstore4.com\/de\/wp-json\/wp\/v2\/product_cat?post=8519"},{"taxonomy":"product_tag","embeddable":true,"href":"https:\/\/webstore4.com\/de\/wp-json\/wp\/v2\/product_tag?post=8519"}],"curies":[{"name":"wp","href":"https:\/\/api.w.org\/{rel}","templated":true}]}}