{"id":8513,"date":"2019-02-11T03:20:07","date_gmt":"2019-02-11T01:20:07","guid":{"rendered":"https:\/\/webstore4.com\/\/?product=ajax-relay"},"modified":"2025-02-26T20:29:19","modified_gmt":"2025-02-26T19:29:19","slug":"ajax-relay","status":"publish","type":"product","link":"https:\/\/webstore4.com\/de\/product\/ajax-relay\/","title":{"rendered":"Ajax-Relais zur Fernspeisung"},"content":{"rendered":"<p>Das Ajax Relay ist Teil des Ajax Baseline-Alarmsystems. Ajax ist ein f\u00fchrendes Unternehmen im Bereich Sicherheitsl\u00f6sungen. Mit fortschrittlichen Technologien und innovativen Produkten bieten sie zuverl\u00e4ssige und effektive Sicherheitsl\u00f6sungen f\u00fcr Privat- und Gesch\u00e4ftskunden. Ajax-Systeme sind einfach zu installieren und zu bedienen und geben den Benutzern ein Gef\u00fchl der Sicherheit. Ajax Security Systems ist bekannt f\u00fcr seine hochwertigen Sicherheitsprodukte, die die strengsten Standards und Anforderungen erf\u00fcllen.<\/p>\n<p>Die App erm\u00f6glicht es, Benachrichtigungen \u00fcber Alarme und Ereignisse zu erhalten, Live-Videostreams anzusehen (sofern Kameras integriert sind) und den Status aller Sicherheitsger\u00e4te zu \u00fcberpr\u00fcfen. Die App bietet detaillierte Veranstaltungsinformationen und l\u00e4sst sich einfach \u00fcber mehrere Ger\u00e4te und Benutzer hinweg verwalten.<\/p>\n<p><strong>M\u00f6glichkeiten<\/strong><\/p>\n<p>Das Ajax-Relais ist ein sehr kompaktes Trockenkontaktrelais. Dies erm\u00f6glicht die Fernsteuerung der Stromversorgung innerhalb des Ajax-Alarmsystems. Das Ajax-Relais ist ein universelles Tool zur Fernverwaltung der 12-V- oder 24-V-Stromversorgung. Das Ajax-Relais muss in einer Entfernung von 1000 Metern (Freifl\u00e4che) vom zentralen Hub montiert werden.<\/p>\n<p>Das Ajax-Relais kann impuls- und bitstabil eingestellt werden, sodass ein freier Kontakt verwaltet werden kann. Erw\u00e4gen Sie die Er\u00f6ffnung des Fernzugriffs. WebStore4 verkauft m\u00f6glicherweise auch Elektroschl\u00f6sser, die Sie mit diesem Ajax-Relais in das Ajax-Sicherheitssystem integrieren k\u00f6nnen. Durch die Verbindung des Ajax Relay mit dem zentralen Hub kann die externe Verbindung \u00fcber die Anwendung verwaltet werden. Es besteht die M\u00f6glichkeit, eine steuerbare Reaktionszeit von zw\u00f6lf bis 300 Sekunden einzustellen.<\/p>\n<p>Das Ajax-Relais muss mit einem 7-24-VDC-Netzteil (nicht im Lieferumfang enthalten) betrieben werden. Passende Netzteile finden Sie unter \u201eOptionen\u201c. Der Ajax DIN-Halter kann zur Montage des Ajax-Relais verwendet werden, das unter \u201eOptionen\u201c zu finden ist.<\/p>\n<p>F\u00fcr weitere Spezifikationen empfehlen wir Ihnen, das Datenblatt zu konsultieren, das unter der Registerkarte \u201eDokumentation\u201c enthalten ist.<\/p>\n<p><strong>Wichtigste Funktionen<\/strong><\/p>\n<ul>\n<li>Funktioniert mit allen Ajax Hub-Bedienfeldern<\/li>\n<li>Erm\u00f6glicht den Anschluss externer Ger\u00e4te an das Ajax-Alarmsystem<\/li>\n<li>Steuerung \u00fcber Ajax-Anwendung<\/li>\n<li>Kontrollierbare Reglerreaktion m\u00f6glich und einstellbar zwischen 12 \u2013 300 Sekunden<\/li>\n<li>Stromversorgung 7-24 VDC<\/li>\n<li>Status des NO\/NC-Kontakts<\/li>\n<li>Kann in einem Umkreis von bis zu 1000 Metern (Freifl\u00e4che) mit dem Ajax Hub verbunden werden.<\/li>\n<\/ul>\n<p><a href=\"https:\/\/www.webstore4ipcameras.nl\/Copyright\" target=\"_blank\" rel=\"noopener\"><span style=\"color: #ff6e03; font-size: 11px;\">\u00a9 Der Text ist urheberrechtlich gesch\u00fctzt<\/span><\/a><\/p>","protected":false},"excerpt":{"rendered":"<p>De Ajax Relay is onderdeel van het Ajax Baseline alarmsysteem. Ajax is een toonaangevend bedrijf op het gebied van beveiligingsoplossingen. Met geavanceerde technologie\u00ebn en innovatieve producten bieden ze betrouwbare en effectieve beveiligingsoplossingen voor zowel particuliere als zakelijke klanten. Ajax systemen zijn eenvoudig te installeren en te bedienen, waardoor gebruikers een veilig gevoel hebben. Ajax Security<\/p>\n<div class=\"klb-readmore button\"><a class=\"btn link\" href=\"https:\/\/webstore4.com\/de\/product\/ajax-relay\/\">Mehr lesen <i class=\"klbth-icon-right-arrow\"><\/i><\/a><\/div>","protected":false},"featured_media":8514,"comment_status":"closed","ping_status":"closed","template":"","meta":[],"pwb-brand":[3408],"product_cat":[3466,4224,4263],"product_tag":[],"class_list":{"0":"post-8513","1":"product","2":"type-product","3":"status-publish","4":"has-post-thumbnail","6":"pwb-brand-ajax-systems","7":"product_cat-alarm","8":"product_cat-alarmsystemen","9":"product_cat-ajax-baseline","10":"product_shipping_class-brievenbuspakket","11":"pa_merk-ajax-systems","12":"pa_product-accessoires","13":"pa_product-signaalversterker","15":"first","16":"onbackorder","17":"taxable","18":"shipping-taxable","19":"purchasable","20":"product-type-simple"},"brands":[{"id":3408,"name":"Ajax Systems","slug":"ajax-systems"}],"_links":{"self":[{"href":"https:\/\/webstore4.com\/de\/wp-json\/wp\/v2\/product\/8513","targetHints":{"allow":["GET"]}}],"collection":[{"href":"https:\/\/webstore4.com\/de\/wp-json\/wp\/v2\/product"}],"about":[{"href":"https:\/\/webstore4.com\/de\/wp-json\/wp\/v2\/types\/product"}],"replies":[{"embeddable":true,"href":"https:\/\/webstore4.com\/de\/wp-json\/wp\/v2\/comments?post=8513"}],"wp:featuredmedia":[{"embeddable":true,"href":"https:\/\/webstore4.com\/de\/wp-json\/wp\/v2\/media\/8514"}],"wp:attachment":[{"href":"https:\/\/webstore4.com\/de\/wp-json\/wp\/v2\/media?parent=8513"}],"wp:term":[{"taxonomy":"pwb-brand","embeddable":true,"href":"https:\/\/webstore4.com\/de\/wp-json\/wp\/v2\/pwb-brand?post=8513"},{"taxonomy":"product_cat","embeddable":true,"href":"https:\/\/webstore4.com\/de\/wp-json\/wp\/v2\/product_cat?post=8513"},{"taxonomy":"product_tag","embeddable":true,"href":"https:\/\/webstore4.com\/de\/wp-json\/wp\/v2\/product_tag?post=8513"}],"curies":[{"name":"wp","href":"https:\/\/api.w.org\/{rel}","templated":true}]}}