{"id":8509,"date":"2019-02-11T03:14:50","date_gmt":"2019-02-11T01:14:50","guid":{"rendered":"https:\/\/webstore4.com\/\/?product=ajax-motionprotect-outdoor-wit"},"modified":"2025-06-08T18:47:13","modified_gmt":"2025-06-08T17:47:13","slug":"ajax-motionprotect-outdoor-wit","status":"publish","type":"product","link":"https:\/\/webstore4.com\/de\/product\/ajax-motionprotect-outdoor-wit\/","title":{"rendered":"Ajax MotionProtect Outdoor Wei\u00dfer Infrarot-Bewegungsmelder"},"content":{"rendered":"<p>Der Ajax MotionProtect Outdoor White ist Teil des Ajax-Alarmsystems. Ajax ist ein f\u00fchrendes Unternehmen im Bereich Sicherheitsl\u00f6sungen. Mit fortschrittlichen Technologien und innovativen Produkten bieten sie zuverl\u00e4ssige und effektive Sicherheitsl\u00f6sungen f\u00fcr Privat- und Gesch\u00e4ftskunden.<br \/>\nAjax-Systeme sind einfach zu installieren und zu bedienen und geben den Benutzern ein Gef\u00fchl der Sicherheit. Ajax Security Systems ist bekannt f\u00fcr seine hochwertigen Sicherheitsprodukte, die die strengsten Standards und Anforderungen erf\u00fcllen.<\/p>\n<p>Die App erm\u00f6glicht es, Benachrichtigungen \u00fcber Alarme und Ereignisse zu erhalten, Live-Videostreams anzusehen (sofern Kameras integriert sind) und den Status aller Sicherheitsger\u00e4te zu \u00fcberpr\u00fcfen. Die App bietet detaillierte Veranstaltungsinformationen und l\u00e4sst sich einfach \u00fcber mehrere Ger\u00e4te und Benutzer hinweg verwalten.<\/p>\n<p><strong>M\u00f6glichkeiten<\/strong><\/p>\n<p>Der Ajax MotionProtect Outdoor White ist ein kabelloser Bewegungsmelder f\u00fcr den Einsatz im Au\u00dfenbereich. Der Ajax MotionProtect Outdoor White ist ein fortschrittliches Ger\u00e4t, das mit einem zweistufigen Algorithmus ausgestattet ist. Dieser Algorithmus stellt sicher, dass der Ajax MotionProtect Outdoor White keine Fehlalarme ausl\u00f6st. Da Ajax MotionProtect Outdoor White im Freien verwendet werden kann, wo st\u00e4ndig Bewegung herrscht und sich alle Arten von Tieren aufhalten, ist es wichtig, dass Ajax MotionProtect Outdoor White einen Unterschied zwischen Menschen, Wetterbedingungen und Tieren machen kann.<br \/>\nDies wird durch den Einsatz von zwei PIR-Sensoren in Kombination mit der LISA-Signalanalyse verhindert. LISA steht f\u00fcr Live, Intelligent, Spectrum, Analysis. Der Ajax MotionProtect Outdoor White muss in einem Abstand von 1700 Metern (Freifl\u00e4che) vom zentralen Hub montiert werden.<\/p>\n<p>Der Ajax MotionProtect Outdoor White verf\u00fcgt \u00fcber eine einstellbare Bewegungserkennung, die es erm\u00f6glicht, Entfernungen von drei bis maximal f\u00fcnfzehn Metern zu erkennen. Dies geschieht bei einem horizontalen Erfassungswinkel von neunzig Grad. Der Ajax MotionProtect Outdoor White benachrichtigt den zentralen Hub innerhalb von zwei Sekunden.<br \/>\nDa der Ajax MotionProtect Outdoor White mit einem intelligenten Maskierungsschutzsystem und einer Manipulationstaste ausgestattet ist, erkennt das Ger\u00e4t sofort, wenn es blockiert oder beispielsweise lackiert ist.<\/p>\n<p>Der Ajax MotionProtect Outdoor White verf\u00fcgt \u00fcber zwei vorinstallierte Batterien mit einer maximalen Lebensdauer von f\u00fcnf Jahren, au\u00dferdem besteht die M\u00f6glichkeit, eine 5-28 VDC-Stromversorgung anzuschlie\u00dfen. Passende Netzteile finden Sie unter \u201eOptionen\u201c. Dar\u00fcber hinaus verf\u00fcgt der Ajax MotionProtect Outdoor White \u00fcber einen Schutz vor Betrug, Manipulation und Einklemmung. Unter Jamming versteht man die St\u00f6rung von Funksignalen. Die Funksignale werden entsprechend dem Juwelier-Funksignal gesendet.<\/p>\n<p>Alarmmeldungen erreichen den zentralen Hub in 0,15 Sekunden. Dar\u00fcber hinaus ist der Ajax MotionProtect Outdoor White laut IP55-Klasse gut vor Witterungseinfl\u00fcssen gesch\u00fctzt. Das Ger\u00e4t funktioniert weiterhin zwischen 60 Grad und minus 25 Grad. Der Ajax MotionProtect Outdoor White kann ohne zus\u00e4tzlichen Schutz unter einem Dach installiert werden.<br \/>\nWenn es direkt der Witterung ausgesetzt ist, wird der Kauf einer Ajax Outdoor-Abdeckung f\u00fcr MotionProtect empfohlen. Dies finden Sie unter \u201eOptionen\u201c.<\/p>\n<p>Dieses Produkt besteht aus dem Ajax MotionProtect Outdoor White, inklusive vorinstallierter Batterien und einer Montageplatte f\u00fcr eine m\u00f6gliche Halterung. Die entsprechende Klammer kann unter \u201eOptionen\u201c hinzugef\u00fcgt werden.<\/p>\n<p>F\u00fcr weitere Spezifikationen empfehlen wir Ihnen, das Datenblatt zu konsultieren, das unter der Registerkarte \u201eDokumentation\u201c enthalten ist.<\/p>\n<p><strong>Wichtigste Funktionen<\/strong><\/p>\n<ul>\n<li>Funktioniert mit allen Ajax Hub-Zentraleinheiten und Signalverst\u00e4rkern<\/li>\n<li>Bewegungssensor bis zu 3-15 Meter Entfernung<\/li>\n<li>Horizontaler Erfassungswinkel von 90 Grad<\/li>\n<li>Empfohlene Installationsh\u00f6he 0,8 bis 1,3 Meter<\/li>\n<li>Hitzebest\u00e4ndig bis 60 Grad<\/li>\n<li>K\u00e4ltebest\u00e4ndig bis -25 Grad<\/li>\n<li>Immunit\u00e4t f\u00fcr Tiere<\/li>\n<li>Steuerung \u00fcber Ajax-Anwendung<\/li>\n<li>2-Wege-Kommunikation<\/li>\n<li>Batterien im Lieferumfang enthalten, Batterien sind von der Garantie ausgeschlossen<\/li>\n<li>IP55-Geh\u00e4use<\/li>\n<li>Kann in einem Umkreis von bis zu 1700 Metern (Freifl\u00e4che) mit dem Ajax Hub verbunden werden.<\/li>\n<li>Schlie\u00dfen Sie ein beliebiges 5-28-V-Gleichstromnetzteil an<\/li>\n<li>Wei\u00df<\/li>\n<\/ul>\n<p><a href=\"https:\/\/www.webstore4ipcameras.nl\/Copyright\" target=\"_blank\" rel=\"noopener\"><span style=\"color: #ff6e03; font-size: 11px;\">\u00a9 Der Text ist urheberrechtlich gesch\u00fctzt<\/span><\/a><\/p>\n<p>&nbsp;<\/p>\n<p><iframe src=\"https:\/\/www.youtube.com\/embed\/-9AVo-jAy-A\" width=\"560\" height=\"315\" frameborder=\"0\" allowfullscreen=\"allowfullscreen\"><\/iframe><\/p>","protected":false},"excerpt":{"rendered":"<p>De Ajax MotionProtect Outdoor Wit is onderdeel van het Ajax alarmsysteem. Ajax is een toonaangevend bedrijf op het gebied van beveiligingsoplossingen. Met geavanceerde technologie\u00ebn en innovatieve producten bieden ze betrouwbare en effectieve beveiligingsoplossingen voor zowel particuliere als zakelijke klanten. Ajax systemen zijn eenvoudig te installeren en te bedienen, waardoor gebruikers een veilig gevoel hebben. Ajax<\/p>\n<div class=\"klb-readmore button\"><a class=\"btn link\" href=\"https:\/\/webstore4.com\/de\/product\/ajax-motionprotect-outdoor-wit\/\">Mehr lesen <i class=\"klbth-icon-right-arrow\"><\/i><\/a><\/div>","protected":false},"featured_media":8510,"comment_status":"closed","ping_status":"closed","template":"","meta":[],"pwb-brand":[3408],"product_cat":[3466,4224,4263],"product_tag":[],"class_list":{"0":"post-8509","1":"product","2":"type-product","3":"status-publish","4":"has-post-thumbnail","6":"pwb-brand-ajax-systems","7":"product_cat-alarm","8":"product_cat-alarmsystemen","9":"product_cat-ajax-baseline","10":"pa_aanbieding-sale","11":"pa_kleur-wit","12":"pa_merk-ajax-systems","13":"pa_product-bewegingsdetectie","15":"first","16":"onbackorder","17":"sale","18":"taxable","19":"shipping-taxable","20":"purchasable","21":"product-type-simple"},"brands":[{"id":3408,"name":"Ajax Systems","slug":"ajax-systems"}],"_links":{"self":[{"href":"https:\/\/webstore4.com\/de\/wp-json\/wp\/v2\/product\/8509","targetHints":{"allow":["GET"]}}],"collection":[{"href":"https:\/\/webstore4.com\/de\/wp-json\/wp\/v2\/product"}],"about":[{"href":"https:\/\/webstore4.com\/de\/wp-json\/wp\/v2\/types\/product"}],"replies":[{"embeddable":true,"href":"https:\/\/webstore4.com\/de\/wp-json\/wp\/v2\/comments?post=8509"}],"wp:featuredmedia":[{"embeddable":true,"href":"https:\/\/webstore4.com\/de\/wp-json\/wp\/v2\/media\/8510"}],"wp:attachment":[{"href":"https:\/\/webstore4.com\/de\/wp-json\/wp\/v2\/media?parent=8509"}],"wp:term":[{"taxonomy":"pwb-brand","embeddable":true,"href":"https:\/\/webstore4.com\/de\/wp-json\/wp\/v2\/pwb-brand?post=8509"},{"taxonomy":"product_cat","embeddable":true,"href":"https:\/\/webstore4.com\/de\/wp-json\/wp\/v2\/product_cat?post=8509"},{"taxonomy":"product_tag","embeddable":true,"href":"https:\/\/webstore4.com\/de\/wp-json\/wp\/v2\/product_tag?post=8509"}],"curies":[{"name":"wp","href":"https:\/\/api.w.org\/{rel}","templated":true}]}}