{"id":8507,"date":"2019-02-11T03:13:07","date_gmt":"2019-02-11T01:13:07","guid":{"rendered":"https:\/\/webstore4.com\/\/?product=ajax-streetsiren-zwart"},"modified":"2025-09-28T13:46:38","modified_gmt":"2025-09-28T12:46:38","slug":"ajax-streetsiren-zwart-draadloze-buiten-sirene","status":"publish","type":"product","link":"https:\/\/webstore4.com\/de\/product\/ajax-streetsiren-zwart-draadloze-buiten-sirene\/","title":{"rendered":"Ajax StreetSiren Schwarze kabellose Au\u00dfensirene mit LED"},"content":{"rendered":"<p>Die Ajax BulletCam Black ist Teil des Ajax Baseline-Alarmsystems. Ajax ist ein f\u00fchrendes Unternehmen im Bereich Sicherheitsl\u00f6sungen. Mit fortschrittlichen Technologien und innovativen Produkten bieten sie zuverl\u00e4ssige und effektive Sicherheitsl\u00f6sungen f\u00fcr Privat- und Gesch\u00e4ftskunden. Ihre Systeme sind einfach zu installieren und zu bedienen und geben den Benutzern ein Gef\u00fchl der Sicherheit. Ajax Security Systems ist bekannt f\u00fcr seine hochwertigen Sicherheitsprodukte, die die strengsten Standards und Anforderungen erf\u00fcllen.<\/p>\n<p>Die App erm\u00f6glicht es, Benachrichtigungen \u00fcber Alarme und Ereignisse zu erhalten, Live-Videostreams anzusehen (sofern Kameras integriert sind) und den Status aller Sicherheitsger\u00e4te zu \u00fcberpr\u00fcfen. Die App bietet detaillierte Veranstaltungsinformationen und l\u00e4sst sich einfach \u00fcber mehrere Ger\u00e4te und Benutzer hinweg verwalten.<\/p>\n<p><strong>M\u00f6glichkeiten<\/strong><\/p>\n<p>Die Ajax StreetSiren Black ist die Au\u00dfensirene des Ajax-Alarmsystems, die in einer Entfernung von 1500 Metern (Freifl\u00e4che) vom zentralen Hub montiert werden kann. Die Ajax StreetSiren Black ist eine kabellose Au\u00dfensirene mit LED und elektrischem Summer. Die Ajax StreetSiren Black kann auch im Innenbereich verwendet werden. Sobald von einem der Ger\u00e4te im Sicherheitsnetzwerk der Alarmanlage eine Meldung erfolgt, sendet der zentrale Hub ein Signal an die Ajax StreetSiren Black. Die Ajax StreetSiren Black hat die Funktion, in einem Geb\u00e4ude zu warnen und Eindringlinge abzuschrecken. Die schwarze Sirene warnt durch einen Summer und die LED-Anzeige.<\/p>\n<p>Die Ajax StreetSiren Black kann mit der Ajax-Anwendung eingerichtet werden. Beispielsweise kann der Alarmton des Summers auf eine Lautst\u00e4rke von 85 bis 113 Dezibel (in einem Meter Abstand) eingestellt werden. Die Dauer des Tons kann zwischen drei Sekunden und drei Minuten eingestellt werden.<br \/>\nDie StreetSiren kann auch in den Lautlosmodus versetzt werden, sodass bei Aktivierung nur die LED-Anzeige blinkt.<\/p>\n<p>Die Sirene ist mit einem Sabotageschutz ausgestattet. Die Ajax StreetSiren aktiviert den Manipulationsschutz, wenn eine Bewegung stattfindet oder das Geh\u00e4use ge\u00f6ffnet wird. Dar\u00fcber hinaus sorgt das vandalensicher geschlossene Geh\u00e4use mit der Schutzart IP54 daf\u00fcr, dass Manipulationen nicht einfach sind. Die Ajax StreetSiren Black verf\u00fcgt \u00fcber vier vorinstallierte Batterien mit einer maximalen Lebensdauer von f\u00fcnf Jahren. Die Sirene kann auch mit einem 12V-1,5A-Anschluss betrieben werden. Passende Netzteile finden Sie unter \u201eOptionen\u201c.<br \/>\nDie Ajax StreetSiren Black ist vor Betrug und St\u00f6rsendern gesch\u00fctzt. Unter Jamming versteht man die St\u00f6rung von Funksignalen.<\/p>\n<p>Dieses Produkt besteht aus der Ajax StreetSiren Black, inklusive vorinstallierter Batterien und einer Montageplatte f\u00fcr eine m\u00f6gliche Halterung. Die entsprechende Klammer kann unter \u201eOptionen\u201c hinzugef\u00fcgt werden.<\/p>\n<p>F\u00fcr weitere Spezifikationen empfehlen wir Ihnen, das Datenblatt zu konsultieren, das unter der Registerkarte \u201eDokumentation\u201c enthalten ist.<\/p>\n<p><strong>Wichtigste Funktionen<\/strong><\/p>\n<ul>\n<li>Funktioniert mit allen Ajax Hub-Zentraleinheiten und Signalverst\u00e4rkern<\/li>\n<li>Einstellbarer Alarm von 3 Sekunden bis 3 Minuten<\/li>\n<li>Steuerung \u00fcber Ajax-Anwendung<\/li>\n<li>Einstellbare eingebaute Sirene von 85-113 dB<\/li>\n<li>2-Wege-Kommunikation<\/li>\n<li>Schutzklasse IP54<\/li>\n<li>Batterien im Lieferumfang enthalten, Batterien sind von der Garantie ausgeschlossen<\/li>\n<li>Kann in einem Umkreis von bis zu 1500 Metern (Freifl\u00e4che) mit dem Ajax Hub verbunden werden.<\/li>\n<li>Schwarz<\/li>\n<\/ul>\n<p><a href=\"https:\/\/webstore4.com\/Copyright\/\" target=\"_blank\" rel=\"noopener\"><span style=\"color: #ff6e03; font-size: 11px;\">\u00a9 Der Text ist urheberrechtlich gesch\u00fctzt<\/span><\/a><\/p>","protected":false},"excerpt":{"rendered":"<p>De Ajax StreetSiren Zwart is onderdeel van het Ajax Baseline alarmsysteem. Ajax is een toonaangevend bedrijf op het gebied van beveiligingsoplossingen. Met geavanceerde technologie\u00ebn en innovatieve producten bieden ze betrouwbare en effectieve beveiligingsoplossingen voor zowel particuliere als zakelijke klanten. Ajax systemen zijn eenvoudig te installeren en te bedienen, waardoor gebruikers een veilig gevoel hebben. Ajax<\/p>\n<div class=\"klb-readmore button\"><a class=\"btn link\" href=\"https:\/\/webstore4.com\/de\/product\/ajax-streetsiren-zwart-draadloze-buiten-sirene\/\">Mehr lesen <i class=\"klbth-icon-right-arrow\"><\/i><\/a><\/div>","protected":false},"featured_media":8508,"comment_status":"closed","ping_status":"closed","template":"","meta":[],"pwb-brand":[3408],"product_cat":[3466,4224,4263],"product_tag":[],"class_list":{"0":"post-8507","1":"product","2":"type-product","3":"status-publish","4":"has-post-thumbnail","6":"pwb-brand-ajax-systems","7":"product_cat-alarm","8":"product_cat-alarmsystemen","9":"product_cat-ajax-baseline","10":"product_shipping_class-pakket","11":"pa_aanbieding-sale","12":"pa_kleur-zwart","13":"pa_merk-ajax-systems","14":"pa_product-sirene","16":"first","17":"onbackorder","18":"sale","19":"taxable","20":"shipping-taxable","21":"purchasable","22":"product-type-simple"},"brands":[{"id":3408,"name":"Ajax Systems","slug":"ajax-systems"}],"_links":{"self":[{"href":"https:\/\/webstore4.com\/de\/wp-json\/wp\/v2\/product\/8507","targetHints":{"allow":["GET"]}}],"collection":[{"href":"https:\/\/webstore4.com\/de\/wp-json\/wp\/v2\/product"}],"about":[{"href":"https:\/\/webstore4.com\/de\/wp-json\/wp\/v2\/types\/product"}],"replies":[{"embeddable":true,"href":"https:\/\/webstore4.com\/de\/wp-json\/wp\/v2\/comments?post=8507"}],"wp:featuredmedia":[{"embeddable":true,"href":"https:\/\/webstore4.com\/de\/wp-json\/wp\/v2\/media\/8508"}],"wp:attachment":[{"href":"https:\/\/webstore4.com\/de\/wp-json\/wp\/v2\/media?parent=8507"}],"wp:term":[{"taxonomy":"pwb-brand","embeddable":true,"href":"https:\/\/webstore4.com\/de\/wp-json\/wp\/v2\/pwb-brand?post=8507"},{"taxonomy":"product_cat","embeddable":true,"href":"https:\/\/webstore4.com\/de\/wp-json\/wp\/v2\/product_cat?post=8507"},{"taxonomy":"product_tag","embeddable":true,"href":"https:\/\/webstore4.com\/de\/wp-json\/wp\/v2\/product_tag?post=8507"}],"curies":[{"name":"wp","href":"https:\/\/api.w.org\/{rel}","templated":true}]}}