{"id":8501,"date":"2019-02-11T03:08:42","date_gmt":"2019-02-11T01:08:42","guid":{"rendered":"https:\/\/webstore4.com\/\/?product=ajax-spacecontrol-wit"},"modified":"2024-11-30T13:16:50","modified_gmt":"2024-11-30T12:16:50","slug":"ajax-spacecontrol-wit","status":"publish","type":"product","link":"https:\/\/webstore4.com\/de\/product\/ajax-spacecontrol-wit\/","title":{"rendered":"Ajax SpaceControl Wei\u00df"},"content":{"rendered":"<p>De Ajax SpaceControl Wit is onderdeel van het Ajax Baseline alarmsysteem. Ajax is een toonaangevend bedrijf op het gebied van beveiligingsoplossingen. Met geavanceerde technologie\u00ebn en innovatieve producten bieden ze betrouwbare en effectieve beveiligingsoplossingen voor zowel particuliere als zakelijke klanten. Ajax systemen zijn eenvoudig te installeren en te bedienen, waardoor gebruikers een veilig gevoel hebben. Ajax Security Systems staat bekend om zijn hoogwaardige beveiligingsproducten die voldoen aan de strengste normen en eisen.<\/p>\n<p>Die App erm\u00f6glicht es, Benachrichtigungen \u00fcber Alarme und Ereignisse zu erhalten, Live-Videostreams anzusehen (sofern Kameras integriert sind) und den Status aller Sicherheitsger\u00e4te zu \u00fcberpr\u00fcfen. Die App bietet detaillierte Veranstaltungsinformationen und l\u00e4sst sich einfach \u00fcber mehrere Ger\u00e4te und Benutzer hinweg verwalten.<\/p>\n<p><strong>M\u00f6glichkeiten<\/strong><\/p>\n<p>De Ajax SpaceControl Wit is een draadloos bedieningspaneel, welke kan worden gebruikt om de verschillende apparaten van Ajax Systems te bedienen. De Ajax SpaceControl Wit werkt samen met de centrale Hub binnen een open ruimte van 1300 meter. Daarnaast werkt de Ajax SpaceControl Wit direct samen met de applicatie van Ajax Systems. Met de Ajax SpaceControl Wit is het mogelijk om snel en gemakkelijk het alarmsysteem in en uit te schakelen. Daarnaast zijn er verschillende andere functies. Zo is het mogelijk om de nachtmodus in te schakelen en kan de paniekknop worden gebruikt bij gevaar. Het is mogelijk om via de virtuele variant van de Ajax SpaceControl Wit paniekmeldingen op te stellen. Zo krijgen de andere gebruikers van het verbonden Ajax System direct een sirene in de applicatie met exacte positie van degene in nood.<\/p>\n<p>De Ajax SpaceControl Wit is ontworpen met robuuste beveiligingsmaatregelen om te voorkomen dat de afstandsbediening wordt gekopieerd of gemanipuleerd.<\/p>\n<p>De Ajax SpaceControl Wit is erg praktisch doordat het apparaat compact is, maar wel geavanceerde functies heeft. Het is een draagbaar apparaat wat eventueel ook aan de sleutelbos gedaan kan worden. De lichtsignalen in het apparaat geven aan of de opdracht op de juiste manier verwerkt is.\u00a0 De Ajax SpaceControl Wit wordt geleverd inclusief voor ge\u00efnstalleerde batterijen, welke vervangbaar zijn. Deze gaan naar inschatting maximaal vijf jaar mee.<\/p>\n<p>F\u00fcr weitere Spezifikationen empfehlen wir Ihnen, das Datenblatt zu konsultieren, das unter der Registerkarte \u201eDokumentation\u201c enthalten ist.<\/p>\n<p><strong>Wichtigste Funktionen<\/strong><\/p>\n<ul>\n<li>Steuerung \u00fcber Ajax-Anwendung<\/li>\n<li>Inclusief paniekknop<\/li>\n<li>2-Wege-Kommunikation<\/li>\n<li>Batterien im Lieferumfang enthalten, Batterien sind von der Garantie ausgeschlossen<\/li>\n<li>Kann in einem Umkreis von bis zu 1300 Metern (Freifl\u00e4che) mit dem Ajax Hub verbunden werden.<\/li>\n<li>Wei\u00df<\/li>\n<\/ul>\n<p><a href=\"https:\/\/webstore4.com\/Copyright\/\" target=\"_blank\" rel=\"noopener\"><span style=\"color: #ff6e03; font-size: 11px;\">\u00a9 Der Text ist urheberrechtlich gesch\u00fctzt<\/span><\/a><\/p>\n<div style=\"width: 960px;\" class=\"wp-video\"><video class=\"wp-video-shortcode\" id=\"video-8501-1\" width=\"960\" height=\"375\" preload=\"metadata\" controls=\"controls\"><source type=\"video\/mp4\" src=\"https:\/\/webstore4.com\/wp-content\/uploads\/2019\/02\/Ajax-Spacecontrol-WebStore4.mp4?_=1\" \/><a href=\"https:\/\/webstore4.com\/wp-content\/uploads\/2019\/02\/Ajax-Spacecontrol-WebStore4.mp4\">https:\/\/webstore4.com\/wp-content\/uploads\/2019\/02\/Ajax-Spacecontrol-WebStore4.mp4<\/a><\/video><\/div>","protected":false},"excerpt":{"rendered":"<p>De Ajax SpaceControl Wit is onderdeel van het Ajax Baseline alarmsysteem. Ajax is een toonaangevend bedrijf op het gebied van beveiligingsoplossingen. Met geavanceerde technologie\u00ebn en innovatieve producten bieden ze betrouwbare en effectieve beveiligingsoplossingen voor zowel particuliere als zakelijke klanten. Ajax systemen zijn eenvoudig te installeren en te bedienen, waardoor gebruikers een veilig gevoel hebben. Ajax<\/p>\n<div class=\"klb-readmore button\"><a class=\"btn link\" href=\"https:\/\/webstore4.com\/de\/product\/ajax-spacecontrol-wit\/\">Mehr lesen <i class=\"klbth-icon-right-arrow\"><\/i><\/a><\/div>","protected":false},"featured_media":8502,"comment_status":"closed","ping_status":"closed","template":"","meta":[],"pwb-brand":[3408],"product_cat":[3466,4224,4263],"product_tag":[],"class_list":{"0":"post-8501","1":"product","2":"type-product","3":"status-publish","4":"has-post-thumbnail","6":"pwb-brand-ajax-systems","7":"product_cat-alarm","8":"product_cat-alarmsystemen","9":"product_cat-ajax-baseline","10":"product_shipping_class-pakket","11":"pa_kleur-wit","12":"pa_merk-ajax-systems","13":"pa_product-bediening","15":"first","16":"instock","17":"taxable","18":"shipping-taxable","19":"purchasable","20":"product-type-simple"},"brands":[{"id":3408,"name":"Ajax Systems","slug":"ajax-systems"}],"_links":{"self":[{"href":"https:\/\/webstore4.com\/de\/wp-json\/wp\/v2\/product\/8501","targetHints":{"allow":["GET"]}}],"collection":[{"href":"https:\/\/webstore4.com\/de\/wp-json\/wp\/v2\/product"}],"about":[{"href":"https:\/\/webstore4.com\/de\/wp-json\/wp\/v2\/types\/product"}],"replies":[{"embeddable":true,"href":"https:\/\/webstore4.com\/de\/wp-json\/wp\/v2\/comments?post=8501"}],"wp:featuredmedia":[{"embeddable":true,"href":"https:\/\/webstore4.com\/de\/wp-json\/wp\/v2\/media\/8502"}],"wp:attachment":[{"href":"https:\/\/webstore4.com\/de\/wp-json\/wp\/v2\/media?parent=8501"}],"wp:term":[{"taxonomy":"pwb-brand","embeddable":true,"href":"https:\/\/webstore4.com\/de\/wp-json\/wp\/v2\/pwb-brand?post=8501"},{"taxonomy":"product_cat","embeddable":true,"href":"https:\/\/webstore4.com\/de\/wp-json\/wp\/v2\/product_cat?post=8501"},{"taxonomy":"product_tag","embeddable":true,"href":"https:\/\/webstore4.com\/de\/wp-json\/wp\/v2\/product_tag?post=8501"}],"curies":[{"name":"wp","href":"https:\/\/api.w.org\/{rel}","templated":true}]}}