{"id":8499,"date":"2019-02-11T03:05:07","date_gmt":"2019-02-11T01:05:07","guid":{"rendered":"https:\/\/webstore4.com\/\/?product=ajax-leaksprotect-zwart"},"modified":"2024-11-22T09:40:13","modified_gmt":"2024-11-22T08:40:13","slug":"ajax-leaksprotect-zwart","status":"publish","type":"product","link":"https:\/\/webstore4.com\/de\/product\/ajax-leaksprotect-zwart\/","title":{"rendered":"Ajax LeaksProtect Schwarz"},"content":{"rendered":"<p>Der Ajax LeaksProtect Black ist Teil des Ajax Baseline-Alarmsystems. Ajax ist ein f\u00fchrendes Unternehmen im Bereich Sicherheitsl\u00f6sungen. Mit fortschrittlichen Technologien und innovativen Produkten bieten sie zuverl\u00e4ssige und effektive Sicherheitsl\u00f6sungen f\u00fcr Privat- und Gesch\u00e4ftskunden. Ajax-Systeme sind einfach zu installieren und zu bedienen und geben den Benutzern ein Gef\u00fchl der Sicherheit. Ajax Security Systems ist bekannt f\u00fcr seine hochwertigen Sicherheitsprodukte, die die strengsten Standards und Anforderungen erf\u00fcllen.<\/p>\n<p>Die App erm\u00f6glicht es, Benachrichtigungen \u00fcber Alarme und Ereignisse zu erhalten, Live-Videostreams anzusehen (sofern Kameras integriert sind) und den Status aller Sicherheitsger\u00e4te zu \u00fcberpr\u00fcfen. Die App bietet detaillierte Veranstaltungsinformationen und l\u00e4sst sich einfach \u00fcber mehrere Ger\u00e4te und Benutzer hinweg verwalten.<\/p>\n<p><strong>M\u00f6glichkeiten<\/strong><\/p>\n<p>Der Ajax LeaksProtect Black ist ein sehr kompakter Wassermelder, der lose aufgestellt oder an einem beliebigen Ort platziert werden kann. Der kabellose Ajax LeaksProtect Black ist ein separater Teil des Ajax-Alarmsystems, der Wasser erkennt und so \u00dcberschwemmungen oder Leckagen verhindert. Wenn ein Ger\u00e4t wie eine Waschmaschine undicht wird, sendet der Ajax LeaksProtect Black sofort ein Signal an den zentralen Hub.<\/p>\n<p>Der Ajax LeaksProtect Black muss in einem Abstand von 1300 Metern (offener Raum) vom zentralen Hub montiert werden. Wenn ein Hochwasserschutzsystem vorhanden ist, ist es m\u00f6glich, dass das Ajax-Alarmsystem ein Signal ausgibt, dass es sofort nach Aktivierung des Ajax LeaksProtect Black wirksam werden soll. Nachdem das Leck verschwunden ist, l\u00f6scht der Ajax LeaksProtect Black die Meldung automatisch.<\/p>\n<p>Der Wassermelder kann sowohl f\u00fcr H\u00e4user als auch f\u00fcr Geb\u00e4udekomplexe installiert werden. \u00dcber die Ajax-Anwendung, in der das gesamte Alarmsystem verwaltet wird, k\u00f6nnen Namen von R\u00e4umen eingestellt werden, in denen sich der jeweilige Wassermelder befindet. Dadurch ist es m\u00f6glich, mit dem Ajax LeaksProtect Black Informationen dar\u00fcber bereitzustellen, wo innerhalb des betreffenden Geb\u00e4udes ein Leck vorliegt. Auf diese Weise k\u00f6nnen Installateure schnell \u00fcber den Ort des Lecks informiert werden.<\/p>\n<p>Es besteht auch die M\u00f6glichkeit, den Ajax LeaksProtect Black innerhalb des Ajax-Systems mit dem Ajax WaterStop zu verbinden, sodass eine vollst\u00e4ndige Kontrolle der Wasserversorgung sogar aus der Ferne erfolgen kann. Die Automatisierung geht dann so weit, dass nach einer Meldung des Wassermelders automatisch eine Wasserabschaltung erfolgt. Eine Wasserabschaltung kann manuell beim Ein- oder Ausschalten des Systems oder \u00fcber einen festgelegten Zeitplan in der Anwendung eingestellt werden.<\/p>\n<p>Der Ajax LeaksProtect Black verf\u00fcgt \u00fcber zwei vorinstallierte Batterien mit einer maximalen Lebensdauer von f\u00fcnf Jahren, au\u00dferdem verf\u00fcgt der LeaksProtect Black \u00fcber einen Schutz vor Betrug, Manipulation und St\u00f6rsendern. Unter Jamming versteht man die St\u00f6rung von Funksignalen. Der Wassermelder verf\u00fcgt \u00fcber ein IP65-Geh\u00e4use und ist somit gut vor Feuchtigkeit gesch\u00fctzt. Dadurch ist gew\u00e4hrleistet, dass das Ger\u00e4t kontinuierlich genutzt werden kann. Wenn der Sensor bewegt wird, erscheint eine Warnung in der Anwendung.<\/p>\n<p>F\u00fcr weitere Spezifikationen empfehlen wir Ihnen, das Datenblatt zu konsultieren, das unter der Registerkarte \u201eDokumentation\u201c enthalten ist.<\/p>\n<p><strong>Wichtigste Funktionen<\/strong><\/p>\n<ul>\n<li>Funktioniert mit allen Ajax Hub-Zentraleinheiten und Signalverst\u00e4rkern<\/li>\n<li>Steuerung \u00fcber Ajax-Anwendung<\/li>\n<li>2-Wege-Kommunikation<\/li>\n<li>IP-65-Geh\u00e4use<\/li>\n<li>Funktioniert rund um die Uhr<\/li>\n<li>Inklusive Batterie, Batterie ist von der Garantie ausgeschlossen<\/li>\n<li>Kann in einem Umkreis von bis zu 1300 Metern (Freifl\u00e4che) mit dem Ajax Hub verbunden werden.<\/li>\n<li>Schwarz<\/li>\n<\/ul>\n<p><a href=\"https:\/\/webstore4.com\/Copyright\/\" target=\"_blank\" rel=\"noopener\"><span style=\"color: #ff6e03; font-size: 11px;\">\u00a9 Der Text ist urheberrechtlich gesch\u00fctzt<\/span><\/a><\/p>\n<div style=\"width: 960px;\" class=\"wp-video\"><video class=\"wp-video-shortcode\" id=\"video-8499-1\" width=\"960\" height=\"826\" preload=\"metadata\" controls=\"controls\"><source type=\"video\/mp4\" src=\"https:\/\/webstore4.com\/wp-content\/uploads\/2019\/02\/Ajax-LeaksProtect-WebStore4.mp4?_=1\" \/><a href=\"https:\/\/webstore4.com\/wp-content\/uploads\/2019\/02\/Ajax-LeaksProtect-WebStore4.mp4\">https:\/\/webstore4.com\/wp-content\/uploads\/2019\/02\/Ajax-LeaksProtect-WebStore4.mp4<\/a><\/video><\/div>","protected":false},"excerpt":{"rendered":"<p>De Ajax LeaksProtect Zwart\u00a0is onderdeel van het Ajax Baseline alarmsysteem. Ajax is een toonaangevend bedrijf op het gebied van beveiligingsoplossingen. Met geavanceerde technologie\u00ebn en innovatieve producten bieden ze betrouwbare en effectieve beveiligingsoplossingen voor zowel particuliere als zakelijke klanten. Ajax systemen zijn eenvoudig te installeren en te bedienen, waardoor gebruikers een veilig gevoel hebben. Ajax Security<\/p>\n<div class=\"klb-readmore button\"><a class=\"btn link\" href=\"https:\/\/webstore4.com\/de\/product\/ajax-leaksprotect-zwart\/\">Mehr lesen <i class=\"klbth-icon-right-arrow\"><\/i><\/a><\/div>","protected":false},"featured_media":8500,"comment_status":"open","ping_status":"closed","template":"","meta":[],"pwb-brand":[3408],"product_cat":[3466,4224,4263],"product_tag":[],"class_list":{"0":"post-8499","1":"product","2":"type-product","3":"status-publish","4":"has-post-thumbnail","6":"pwb-brand-ajax-systems","7":"product_cat-alarm","8":"product_cat-alarmsystemen","9":"product_cat-ajax-baseline","10":"product_shipping_class-brievenbuspakket","11":"pa_kleur-zwart","12":"pa_merk-ajax-systems","13":"pa_product-waterdetectie","15":"first","16":"onbackorder","17":"taxable","18":"shipping-taxable","19":"purchasable","20":"product-type-simple"},"brands":[{"id":3408,"name":"Ajax Systems","slug":"ajax-systems"}],"_links":{"self":[{"href":"https:\/\/webstore4.com\/de\/wp-json\/wp\/v2\/product\/8499","targetHints":{"allow":["GET"]}}],"collection":[{"href":"https:\/\/webstore4.com\/de\/wp-json\/wp\/v2\/product"}],"about":[{"href":"https:\/\/webstore4.com\/de\/wp-json\/wp\/v2\/types\/product"}],"replies":[{"embeddable":true,"href":"https:\/\/webstore4.com\/de\/wp-json\/wp\/v2\/comments?post=8499"}],"wp:featuredmedia":[{"embeddable":true,"href":"https:\/\/webstore4.com\/de\/wp-json\/wp\/v2\/media\/8500"}],"wp:attachment":[{"href":"https:\/\/webstore4.com\/de\/wp-json\/wp\/v2\/media?parent=8499"}],"wp:term":[{"taxonomy":"pwb-brand","embeddable":true,"href":"https:\/\/webstore4.com\/de\/wp-json\/wp\/v2\/pwb-brand?post=8499"},{"taxonomy":"product_cat","embeddable":true,"href":"https:\/\/webstore4.com\/de\/wp-json\/wp\/v2\/product_cat?post=8499"},{"taxonomy":"product_tag","embeddable":true,"href":"https:\/\/webstore4.com\/de\/wp-json\/wp\/v2\/product_tag?post=8499"}],"curies":[{"name":"wp","href":"https:\/\/api.w.org\/{rel}","templated":true}]}}