{"id":8495,"date":"2019-02-11T03:02:05","date_gmt":"2019-02-11T01:02:05","guid":{"rendered":"https:\/\/webstore4.com\/\/?product=ajax-doorprotect-plus-zwart"},"modified":"2025-02-26T08:48:49","modified_gmt":"2025-02-26T07:48:49","slug":"ajax-doorprotect-plus-zwart-met-trilsensor-en-tiltsensor","status":"publish","type":"product","link":"https:\/\/webstore4.com\/de\/product\/ajax-doorprotect-plus-zwart-met-trilsensor-en-tiltsensor\/","title":{"rendered":"Ajax DoorProtect PLUS Black mit Vibrationssensor und Neigungssensor"},"content":{"rendered":"<p>De Ajax DoorProtect PLUS Zwart is onderdeel van het Ajax Baseline alarmsysteem. Ajax is een toonaangevend bedrijf op het gebied van beveiligingsoplossingen. Met geavanceerde technologie\u00ebn en innovatieve producten bieden ze betrouwbare en effectieve beveiligingsoplossingen voor zowel particuliere als zakelijke klanten. Ajax systemen zijn eenvoudig te installeren en te bedienen, waardoor gebruikers een veilig gevoel hebben. Ajax Security Systems staat bekend om zijn hoogwaardige beveiligingsproducten die voldoen aan de strengste normen en eisen.<\/p>\n<p>Die App erm\u00f6glicht es, Benachrichtigungen \u00fcber Alarme und Ereignisse zu erhalten, Live-Videostreams anzusehen (sofern Kameras integriert sind) und den Status aller Sicherheitsger\u00e4te zu \u00fcberpr\u00fcfen. Die App bietet detaillierte Veranstaltungsinformationen und l\u00e4sst sich einfach \u00fcber mehrere Ger\u00e4te und Benutzer hinweg verwalten.<\/p>\n<p><strong>M\u00f6glichkeiten<\/strong><\/p>\n<p>Der Ajax DoorProtect White ist ein sehr kompakter \u00d6ffnungsmelder. Dieser Ajax DoorProtect White erkennt, wenn eine T\u00fcr oder ein Fenster durchbrochen wird. Das \u00d6ffnen eines Fensters oder einer T\u00fcr stellt sicher, dass der Ajax DoorProtect White sofort ein Signal an den zentralen Hub sendet. Der Ajax DoorProtect White muss in einem Abstand von 1200 Metern (Freifl\u00e4che) vom zentralen Hub montiert werden.<\/p>\n<p>De Ajax DoorProtect PLUS Zwart kan op alle soorten deuren gemonteerd worden, zelfs op metalen deuren. De Ajax DoorProtect PLUS Zwart bestaat uit twee delen. Een detector en een magneet. Er worden bij de Ajax DoorProtect PLUS Zwart twee magneten geleverd. De grote magneet kan op een afstand van twee centimeter worden ge\u00efnstalleerd, de kleine op een afstand van \u00e9\u00e9n centimeter.<\/p>\n<p>De DoorProtect heeft \u00e9\u00e9n voor ge\u00efnstalleerde batterij met een maximale levensduur van vijf jaar, daarnaast heeft de Ajax DoorProtect PLUS Zwart een beveiliging tegen fraude, manipulatie en jamming. Jamming betekend het verstoren van radiosignalen.<\/p>\n<p>Het verschil tussen de Ajax Doorprotect en de Ajax Doorprotect PLUS is dat de Ajax Doorprotect PLUS Zwart beschikt over de functie dat het veranderingen in de omgeving kan registreren. Denk hierbij aan trillingen of harde knallen. Daarnaast registreert de Ajax DoorProtect PLUS Zwart ook veranderingen in de verticale hellingshoek en heeft het de mogelijkheid om ramen die geopend zijn voor ventilatie te beschermen.<\/p>\n<p>Dit product bestaat uit de Ajax DoorProtect PLUS Zwart, inclusief voor ge\u00efnstalleerde batterij en een montagepaneel voor een eventuele bracket. De bracket kan worden toegevoegd onder &#8216;Opties&#8217;.<\/p>\n<p>F\u00fcr weitere Spezifikationen empfehlen wir Ihnen, das Datenblatt zu konsultieren, das unter der Registerkarte \u201eDokumentation\u201c enthalten ist.<\/p>\n<p><strong>Wichtigste Funktionen<\/strong><\/p>\n<ul>\n<li>Funktioniert mit allen Ajax Hub-Zentraleinheiten und Signalverst\u00e4rkern<\/li>\n<li>Steuerung \u00fcber Ajax-Anwendung<\/li>\n<li>2-Wege-Kommunikation<\/li>\n<li>Inklusive Batterie, Batterie ist von der Garantie ausgeschlossen<\/li>\n<li>Mogelijkheid om een bekabelde detector van een andere fabrikant aan te sluiten met NC verbinding<\/li>\n<li>Met de Ajax Hub te verbinden binnen een straal van maximaal 1200 meter (open ruimte)<\/li>\n<li>Schwarz<\/li>\n<\/ul>\n<p><a href=\"https:\/\/www.webstore4ipcameras.nl\/Copyright\" target=\"_blank\" rel=\"noopener\"><span style=\"color: #ff6e03; font-size: 11px;\">\u00a9 Der Text ist urheberrechtlich gesch\u00fctzt<\/span><\/a><\/p>","protected":false},"excerpt":{"rendered":"<p>De Ajax DoorProtect PLUS Zwart is onderdeel van het Ajax Baseline alarmsysteem. Ajax is een toonaangevend bedrijf op het gebied van beveiligingsoplossingen. Met geavanceerde technologie\u00ebn en innovatieve producten bieden ze betrouwbare en effectieve beveiligingsoplossingen voor zowel particuliere als zakelijke klanten. Ajax systemen zijn eenvoudig te installeren en te bedienen, waardoor gebruikers een veilig gevoel hebben.<\/p>\n<div class=\"klb-readmore button\"><a class=\"btn link\" href=\"https:\/\/webstore4.com\/de\/product\/ajax-doorprotect-plus-zwart-met-trilsensor-en-tiltsensor\/\">Mehr lesen <i class=\"klbth-icon-right-arrow\"><\/i><\/a><\/div>","protected":false},"featured_media":8496,"comment_status":"closed","ping_status":"closed","template":"","meta":[],"pwb-brand":[3408],"product_cat":[3466,4224,4263],"product_tag":[],"class_list":{"0":"post-8495","1":"product","2":"type-product","3":"status-publish","4":"has-post-thumbnail","6":"pwb-brand-ajax-systems","7":"product_cat-alarm","8":"product_cat-alarmsystemen","9":"product_cat-ajax-baseline","10":"product_shipping_class-pakket","11":"pa_kleur-zwart","12":"pa_merk-ajax-systems","13":"pa_product-magneetcontact","15":"first","16":"instock","17":"taxable","18":"shipping-taxable","19":"purchasable","20":"product-type-simple"},"brands":[{"id":3408,"name":"Ajax Systems","slug":"ajax-systems"}],"_links":{"self":[{"href":"https:\/\/webstore4.com\/de\/wp-json\/wp\/v2\/product\/8495","targetHints":{"allow":["GET"]}}],"collection":[{"href":"https:\/\/webstore4.com\/de\/wp-json\/wp\/v2\/product"}],"about":[{"href":"https:\/\/webstore4.com\/de\/wp-json\/wp\/v2\/types\/product"}],"replies":[{"embeddable":true,"href":"https:\/\/webstore4.com\/de\/wp-json\/wp\/v2\/comments?post=8495"}],"wp:featuredmedia":[{"embeddable":true,"href":"https:\/\/webstore4.com\/de\/wp-json\/wp\/v2\/media\/8496"}],"wp:attachment":[{"href":"https:\/\/webstore4.com\/de\/wp-json\/wp\/v2\/media?parent=8495"}],"wp:term":[{"taxonomy":"pwb-brand","embeddable":true,"href":"https:\/\/webstore4.com\/de\/wp-json\/wp\/v2\/pwb-brand?post=8495"},{"taxonomy":"product_cat","embeddable":true,"href":"https:\/\/webstore4.com\/de\/wp-json\/wp\/v2\/product_cat?post=8495"},{"taxonomy":"product_tag","embeddable":true,"href":"https:\/\/webstore4.com\/de\/wp-json\/wp\/v2\/product_tag?post=8495"}],"curies":[{"name":"wp","href":"https:\/\/api.w.org\/{rel}","templated":true}]}}