{"id":8457,"date":"2019-02-11T01:12:19","date_gmt":"2019-02-10T23:12:19","guid":{"rendered":"https:\/\/webstore4.com\/\/?product=ajax-keypad-zwart"},"modified":"2025-09-11T08:38:10","modified_gmt":"2025-09-11T07:38:10","slug":"ajax-keypad-zwart","status":"publish","type":"product","link":"https:\/\/webstore4.com\/de\/product\/ajax-keypad-zwart\/","title":{"rendered":"Ajax KeyPad Schwarzer Juwelier"},"content":{"rendered":"<p>Das Ajax KeyPad Black ist das traditionelle Code-Panel des Ajax-Alarmsystems. Ajax ist ein f\u00fchrendes Unternehmen im Bereich Sicherheitsl\u00f6sungen. Mit fortschrittlichen Technologien und innovativen Produkten bieten sie zuverl\u00e4ssige und effektive Sicherheitsl\u00f6sungen f\u00fcr Privat- und Gesch\u00e4ftskunden. Ajax-Systeme sind einfach zu installieren und zu bedienen und geben den Benutzern ein Gef\u00fchl der Sicherheit. Ajax Security Systems ist bekannt f\u00fcr seine hochwertigen Sicherheitsprodukte, die die strengsten Standards und Anforderungen erf\u00fcllen.<\/p>\n<p>Die App erm\u00f6glicht es, Benachrichtigungen \u00fcber Alarme und Ereignisse zu erhalten, Live-Videostreams anzusehen (sofern Kameras integriert sind) und den Status aller Sicherheitsger\u00e4te zu \u00fcberpr\u00fcfen. Die App bietet detaillierte Veranstaltungsinformationen und l\u00e4sst sich einfach \u00fcber mehrere Ger\u00e4te und Benutzer hinweg verwalten.<\/p>\n<p><strong>M\u00f6glichkeiten<\/strong><\/p>\n<p>Das Ajax KeyPad Black Jeweler ist ein kabelloses Bedienfeld mit Touchpanel, mit dem das Ajax-Alarmsystem ein- und ausgeschaltet werden kann. Das Ajax KeyPad Black Jeweler wird h\u00e4ufig an einem Zugangspunkt montiert, da es als Zugangskontrolle verwendet wird.<br \/>\nMit dem Ajax Keypad Black Jeweler kann das Alarmsystem auf einmal aktiviert werden. Der Ajax KeyPad Black Jeweler arbeitet mit dem zentralen Hub auf einem offenen Raum von 1700 Metern zusammen. Dar\u00fcber hinaus funktioniert das Ajax KeyPad Zwart Jeweler direkt mit der Ajax Systems-Anwendung. Die Anwendung erm\u00f6glicht es, Codes aus der Ferne zu erstellen oder zu bearbeiten. Au\u00dferdem werden die Benutzer identifiziert und es besteht die M\u00f6glichkeit, Codes zu deaktivieren.<\/p>\n<p>Dieses smarte Ger\u00e4t pr\u00fcft selbst, ob es Probleme bei der Kommunikation mit dem zentralen Hub oder mit seinen eigenen Detektoren gibt. Dies wird sichtbar, nachdem das KeyPad entsperrt wurde. Das Ajax KeyPad Zwart Jeweler warnt au\u00dferdem vor Versuchen, das Passwort zu erraten, und blockiert das System, wenn es zu viele Versuche gibt. Mit dem Ajax KeyPad Black Jeweler ist es m\u00f6glich, den Zugang auf Personenebene zu registrieren, und es ist auch m\u00f6glich, neunundneunzig Zugangscodes f\u00fcr Personen zu generieren, die nicht direkt registriert sind. Denken Sie zum Beispiel an Reinigungsfirmen in Gesch\u00e4ftsr\u00e4umen.<\/p>\n<p>Das Ajax KeyPad PLUS Black Jeweler wird mit vier AAA-Batterien geliefert. Diese sind austauschbar und haben eine voraussichtliche Lebensdauer von viereinhalb Jahren. Zus\u00e4tzlich befindet sich auf der R\u00fcckseite des KeyPads eine Montageplatte f\u00fcr eine m\u00f6gliche Halterung. Die entsprechende Klammer kann unter \u201eOptionen\u201c hinzugef\u00fcgt werden.<\/p>\n<p>F\u00fcr weitere Spezifikationen empfehlen wir Ihnen, das Datenblatt zu konsultieren, das unter der Registerkarte \u201eDokumentation\u201c enthalten ist.<\/p>\n<p><strong>Wichtigste Funktionen<\/strong><\/p>\n<ul>\n<li>Steuerung \u00fcber Ajax-Anwendung<\/li>\n<li>Funktioniert nur mit Ajax Hub und Signalverst\u00e4rkern<\/li>\n<li>99 Codes zur Generierung externer registrierter Benutzer<\/li>\n<li>2-Wege-Kommunikation<\/li>\n<li>Batterien im Lieferumfang enthalten, Batterien sind von der Garantie ausgeschlossen<\/li>\n<li>Kann in einem Umkreis von bis zu 1700 Metern (Freifl\u00e4che) mit dem Ajax Hub verbunden werden.<\/li>\n<li>Schwarz<\/li>\n<\/ul>\n<p><a href=\"https:\/\/www.webstore4ipcameras.nl\/Copyright\" target=\"_blank\" rel=\"noopener\"><span style=\"color: #ff6e03; font-size: 11px;\">\u00a9 Der Text ist urheberrechtlich gesch\u00fctzt<\/span><\/a><\/p>","protected":false},"excerpt":{"rendered":"<p>De Ajax KeyPad Zwart is het traditionele codepaneel van het Ajax alarmsysteem. Ajax is een toonaangevend bedrijf op het gebied van beveiligingsoplossingen. Met geavanceerde technologie\u00ebn en innovatieve producten bieden ze betrouwbare en effectieve beveiligingsoplossingen voor zowel particuliere als zakelijke klanten. Ajax systemen zijn eenvoudig te installeren en te bedienen, waardoor gebruikers een veilig gevoel hebben.<\/p>\n<div class=\"klb-readmore button\"><a class=\"btn link\" href=\"https:\/\/webstore4.com\/de\/product\/ajax-keypad-zwart\/\">Mehr lesen <i class=\"klbth-icon-right-arrow\"><\/i><\/a><\/div>","protected":false},"featured_media":8458,"comment_status":"closed","ping_status":"closed","template":"","meta":[],"pwb-brand":[3408],"product_cat":[3466,4224,4263],"product_tag":[],"class_list":{"0":"post-8457","1":"product","2":"type-product","3":"status-publish","4":"has-post-thumbnail","6":"pwb-brand-ajax-systems","7":"product_cat-alarm","8":"product_cat-alarmsystemen","9":"product_cat-ajax-baseline","10":"product_shipping_class-pakket","11":"pa_kleur-zwart","12":"pa_merk-ajax-systems","13":"pa_product-bediening","15":"first","16":"onbackorder","17":"taxable","18":"shipping-taxable","19":"purchasable","20":"product-type-simple"},"brands":[{"id":3408,"name":"Ajax Systems","slug":"ajax-systems"}],"_links":{"self":[{"href":"https:\/\/webstore4.com\/de\/wp-json\/wp\/v2\/product\/8457","targetHints":{"allow":["GET"]}}],"collection":[{"href":"https:\/\/webstore4.com\/de\/wp-json\/wp\/v2\/product"}],"about":[{"href":"https:\/\/webstore4.com\/de\/wp-json\/wp\/v2\/types\/product"}],"replies":[{"embeddable":true,"href":"https:\/\/webstore4.com\/de\/wp-json\/wp\/v2\/comments?post=8457"}],"wp:featuredmedia":[{"embeddable":true,"href":"https:\/\/webstore4.com\/de\/wp-json\/wp\/v2\/media\/8458"}],"wp:attachment":[{"href":"https:\/\/webstore4.com\/de\/wp-json\/wp\/v2\/media?parent=8457"}],"wp:term":[{"taxonomy":"pwb-brand","embeddable":true,"href":"https:\/\/webstore4.com\/de\/wp-json\/wp\/v2\/pwb-brand?post=8457"},{"taxonomy":"product_cat","embeddable":true,"href":"https:\/\/webstore4.com\/de\/wp-json\/wp\/v2\/product_cat?post=8457"},{"taxonomy":"product_tag","embeddable":true,"href":"https:\/\/webstore4.com\/de\/wp-json\/wp\/v2\/product_tag?post=8457"}],"curies":[{"name":"wp","href":"https:\/\/api.w.org\/{rel}","templated":true}]}}