{"id":8451,"date":"2019-02-10T00:17:47","date_gmt":"2019-02-09T22:17:47","guid":{"rendered":"https:\/\/webstore4.com\/\/?product=hikvision-ds-2de4a225iw-de-full-hd-2mp-buiten-ultra-low-light-ptz-met-auto-tracking-25x-zoom-ir-nachtzicht-poe-120db-wdr-en-sd-slot"},"modified":"2025-05-10T11:40:42","modified_gmt":"2025-05-10T10:40:42","slug":"hikvision-ds-2de4a225iwg-e-2mp-ptz-camera","status":"publish","type":"product","link":"https:\/\/webstore4.com\/de\/product\/hikvision-ds-2de4a225iwg-e-2mp-ptz-camera\/","title":{"rendered":"Hikvision DS-2DE4A225IWG-E Full HD 2MP buiten Ultra Low Light PTZ camera met Auto tracking, 25x zoom, IR nachtzicht, PoE, 120dB WDR en SD slot"},"content":{"rendered":"<div class=\"video-frame-box\" style=\"width: 100%; max-width: 480px; max-height: 270px; float: right; padding: 0px 10px 10px 10px;\">\n<div class=\"video-frame\"><iframe src=\"\/\/www.youtube.com\/embed\/pB-idYW7H94?rel=0&amp;modestbranding=1&amp;showinfo=0&amp;autohide=1\" width=\"480\" height=\"270\" frameborder=\"0\"><\/iframe><\/div>\n<\/div>\n<p>De Hikvision DS-2DE4A225IWG-E is een Full HD 2MP buiten Ultra Low Light PTZ met Auto tracking, 25x zoom, IR nachtzicht, PoE, 120dB WDR en de mogelijkheid om op te nemen op een microSD kaart. De camera kan kantelen, draaien en zoomen (Pan\/Tilt\/Zoom) en heeft ingebouwd infrarood nachtzicht tot 50 meter.<\/p>\n<p><strong>M\u00f6glichkeiten<\/strong><\/p>\n<p>Der Hikvision DS-2DE4A225IW-DE zeigt Bilder in einer Full-HD-Aufl\u00f6sung von 1920 x 1080 an. Die Kamera verf\u00fcgt \u00fcber ein motorisiertes 4,8\u2013120-mm-Objektiv mit einem horizontalen Bildwinkel von 57,6 bis 2,5 Grad.<\/p>\n<p>Dank des hochlichtempfindlichen Bildchips liefert die Kamera auch bei minimalem Umgebungslicht ein brauchbares Farbbild. Bei sehr dunkler Umgebung kann die Kamera auch die integrierte IR-Beleuchtung einschalten, sodass Bilder auch bei v\u00f6lliger Dunkelheit (0 Lux) betrachtet werden k\u00f6nnen. Die IR-Beleuchtung hat eine Reichweite von 20 Metern. Die Kamera verf\u00fcgt \u00fcber einen eingebauten automatischen IR-Sperrfilter, was sie zu einer echten Tag-\/Nachtkamera macht. Die Kamera verf\u00fcgt au\u00dferdem \u00fcber einen 120-dB-Wide Dynamic Range (WDR), wodurch die Kamera auch mit komplexen Lichtverh\u00e4ltnissen, beispielsweise durch Gegenlicht der Sonne oder Autoscheinwerfer, sehr gut zurechtkommt.<\/p>\n<p>Die Kamera verf\u00fcgt \u00fcber intelligente Funktionen wie Smart Tracking (manuelle Verfolgung, automatische Verfolgung und Ereignisverfolgung) und intelligente Erkennung (Audio-Ausnahmeerkennung, Gesichtserkennung, Einbrucherkennung, Erkennung von Linien\u00fcberschreitungen, Erkennung von Bereichseintritten, Erkennung von Bereichsaustritten, Erkennung unbeaufsichtigten Gep\u00e4cks und Objekterkennung). Entfernungserkennung). Die Kamera verf\u00fcgt \u00fcber Alarm- und Audioein- und -ausg\u00e4nge.<\/p>\n<p>Beelden kunnen onder meer worden opgeslagen op een Netwerk Video Recorder (NVR). De camera beschikt ook over de mogelijkheid om in de camera op te nemen op een microSD geheugenkaart tot maximaal 256Gb. Een geschikte microSD kaart is opgenomen onder &#8216;Opties&#8217;.<\/p>\n<p>Hikvision heeft een gratis app beschikbaar voor Apple iOS en Android. De camera heeft een interne webserver die met een webbrowser kan worden bekeken en beheerd. Op de website van de fabrikant is gratis Video Management Software (VMS) voor een computer te downloaden. Onder de tab &#8216;Documentatie&#8217; is onder meer een link naar de product pagina van de fabrikant opgenomen.<\/p>\n<p>De Hikvision DS-2DE4A225IWG-E heeft een IP66 rating waardoor de camera uitermate geschikt is voor gebruik buiten. Voor installatiegemak kan de camera via de netwerkkabel worden gevoed met Power over Ethernet (standaard 802.3at). PoE kan worden verkregen door een PoE NVR, een PoE switch of met een PoE injector. De camera kan ook worden gevoed met de meegeleverde 12VDC voeding adapter. De camera wordt geleverd zonder montagebeugel. Geschikte montagebeugels zijn mee te bestellen onder &#8216;Opties&#8217;.<\/p>\n<p><strong>Wichtigste Funktionen<\/strong><\/p>\n<ul>\n<li>2 Megapixel Full HD Ultra Low Light PTZ mit automatischer Verfolgung, 25-fachem Zoom und 50 Meter IR-Nachtsicht<\/li>\n<li>Max 300\u00b0\/s pan snelheid<\/li>\n<li>Bis zu 300 Voreinstellungen<\/li>\n<li>Tag-\/Nachtkamera mit automatischem mechanischem IR-Sperrfilter<\/li>\n<li>Aufnahme in der Kamera auf SD-Karte<\/li>\n<li>120 dB breiter Dynamikbereich (WDR)<\/li>\n<li>3D-Digital-Rauschunterdr\u00fcckung (3D-DNR)<\/li>\n<li>Powered-by-DarkFighter technology<\/li>\n<li>Audio- und Alarmein- und -ausgang<\/li>\n<li>Intelligente Erkennung und Verfolgung<\/li>\n<li>ONVIF-Protokoll<\/li>\n<li>H.265+ \/ H.265 \/ H.264+ \/ H.264-Komprimierung<\/li>\n<li>Stromversorgung \u00fcber 12VDC-Adapter oder PoE<\/li>\n<\/ul>\n<p><a href=\"https:\/\/webstore4.com\/Copyright\/\" target=\"_blank\" rel=\"noopener\"><span style=\"color: #ff6e03; font-size: 11px;\">\u00a9 Der Text ist urheberrechtlich gesch\u00fctzt<\/span><\/a><\/p>","protected":false},"excerpt":{"rendered":"<p>De Hikvision DS-2DE4A225IWG-E is een Full HD 2MP buiten Ultra Low Light PTZ met Auto tracking, 25x zoom, IR nachtzicht, PoE, 120dB WDR en de mogelijkheid om op te nemen op een microSD kaart. De camera kan kantelen, draaien en zoomen (Pan\/Tilt\/Zoom) en heeft ingebouwd infrarood nachtzicht tot 50 meter. Mogelijkheden De Hikvision DS-2DE4A225IWG-E geeft<\/p>\n<div class=\"klb-readmore button\"><a class=\"btn link\" href=\"https:\/\/webstore4.com\/de\/product\/hikvision-ds-2de4a225iwg-e-2mp-ptz-camera\/\">Mehr lesen <i class=\"klbth-icon-right-arrow\"><\/i><\/a><\/div>","protected":false},"featured_media":15772,"comment_status":"open","ping_status":"closed","template":"","meta":[],"pwb-brand":[3367],"product_cat":[3435,4184,4185,4200],"product_tag":[3219],"class_list":{"0":"post-8451","1":"product","2":"type-product","3":"status-publish","4":"has-post-thumbnail","6":"pwb-brand-hikvision","7":"product_cat-ip-cameras","8":"product_cat-cameras","9":"product_cat-180-360-ptz-cameras","10":"product_cat-dome-eyeball-cameras-cameras","11":"product_tag-ds-2de4a225iw-de","12":"product_shipping_class-pakket","13":"pa_beeldhoek-graden-horizontaal-2-7-54-9","14":"pa_beeldsensor-1-2-8-cmos","15":"pa_dag-nacht-ir-cut-filter-ja","16":"pa_draadloos-nee","17":"pa_geheugenkaart-type-micro-sdsdhcsdxc-256gb","18":"pa_lens-mm-4-8-120","19":"pa_megapixel-2mp","20":"pa_merk-hikvision","21":"pa_minimale-verlichting-0-005-lux-0-lux-met-ir","22":"pa_mobiele-app-fabrikant-ja","23":"pa_nachtzicht-ja","24":"pa_omgeving-binnen-en-buiten","25":"pa_opnemen-op-sd-kaart-ja","26":"pa_poe-802-3at","27":"pa_product-status-a","28":"pa_resolutie-max-pixels-full-hd-1920x1080","29":"pa_vandaalbestendig-nee","30":"pa_voeding-12vdc","31":"pa_voeding-poe","32":"pa_wdr-ja","34":"first","35":"onbackorder","36":"taxable","37":"shipping-taxable","38":"purchasable","39":"product-type-simple"},"brands":[{"id":3367,"name":"Hikvision","slug":"hikvision"}],"_links":{"self":[{"href":"https:\/\/webstore4.com\/de\/wp-json\/wp\/v2\/product\/8451","targetHints":{"allow":["GET"]}}],"collection":[{"href":"https:\/\/webstore4.com\/de\/wp-json\/wp\/v2\/product"}],"about":[{"href":"https:\/\/webstore4.com\/de\/wp-json\/wp\/v2\/types\/product"}],"replies":[{"embeddable":true,"href":"https:\/\/webstore4.com\/de\/wp-json\/wp\/v2\/comments?post=8451"}],"wp:featuredmedia":[{"embeddable":true,"href":"https:\/\/webstore4.com\/de\/wp-json\/wp\/v2\/media\/15772"}],"wp:attachment":[{"href":"https:\/\/webstore4.com\/de\/wp-json\/wp\/v2\/media?parent=8451"}],"wp:term":[{"taxonomy":"pwb-brand","embeddable":true,"href":"https:\/\/webstore4.com\/de\/wp-json\/wp\/v2\/pwb-brand?post=8451"},{"taxonomy":"product_cat","embeddable":true,"href":"https:\/\/webstore4.com\/de\/wp-json\/wp\/v2\/product_cat?post=8451"},{"taxonomy":"product_tag","embeddable":true,"href":"https:\/\/webstore4.com\/de\/wp-json\/wp\/v2\/product_tag?post=8451"}],"curies":[{"name":"wp","href":"https:\/\/api.w.org\/{rel}","templated":true}]}}