{"id":8431,"date":"2019-01-30T13:07:05","date_gmt":"2019-01-30T11:07:05","guid":{"rendered":"https:\/\/webstore4.com\/\/?product=ajax-doorprotect-zwart"},"modified":"2025-09-29T14:13:30","modified_gmt":"2025-09-29T13:13:30","slug":"ajax-doorprotect-zwart","status":"publish","type":"product","link":"https:\/\/webstore4.com\/de\/product\/ajax-doorprotect-zwart\/","title":{"rendered":"Ajax DoorProtect Schwarzer Magnetkontakt"},"content":{"rendered":"<p>Der Ajax DoorProtect Black ist Teil des Ajax Baseline-Alarmsystems. Ajax ist ein f\u00fchrendes Unternehmen im Bereich Sicherheitsl\u00f6sungen. Mit fortschrittlichen Technologien und innovativen Produkten bieten sie zuverl\u00e4ssige und effektive Sicherheitsl\u00f6sungen f\u00fcr Privat- und Gesch\u00e4ftskunden. Ajax-Systeme sind einfach zu installieren und zu bedienen und geben den Benutzern ein Gef\u00fchl der Sicherheit. Ajax Security Systems ist bekannt f\u00fcr seine hochwertigen Sicherheitsprodukte, die die strengsten Standards und Anforderungen erf\u00fcllen.<\/p>\n<p>Die App erm\u00f6glicht es, Benachrichtigungen \u00fcber Alarme und Ereignisse zu erhalten, Live-Videostreams anzusehen (sofern Kameras integriert sind) und den Status aller Sicherheitsger\u00e4te zu \u00fcberpr\u00fcfen. Die App bietet detaillierte Veranstaltungsinformationen und l\u00e4sst sich einfach \u00fcber mehrere Ger\u00e4te und Benutzer hinweg verwalten.<\/p>\n<p><strong>M\u00f6glichkeiten<\/strong><\/p>\n<p>Der Ajax DoorProtect White ist ein sehr kompakter \u00d6ffnungsmelder. Dieser Ajax DoorProtect White erkennt, wenn eine T\u00fcr oder ein Fenster durchbrochen wird. Das \u00d6ffnen eines Fensters oder einer T\u00fcr stellt sicher, dass der Ajax DoorProtect White sofort ein Signal an den zentralen Hub sendet. Der Ajax DoorProtect White muss in einem Abstand von 1200 Metern (Freifl\u00e4che) vom zentralen Hub montiert werden.<\/p>\n<p>Der Magnetkontakt kann an allen Arten von T\u00fcren montiert werden, auch an Metallt\u00fcren. Der Ajax DoorProtect Black besteht aus zwei Teilen. Ein Detektor und ein Magnet. Im Lieferumfang des T\u00fcrkontakts sind zwei Magnete enthalten. Der gro\u00dfe Magnet kann im Abstand von zwei Zentimetern angebracht werden, der kleine im Abstand von einem Zentimeter. Der kleine Magnet sollte bei Verwendung auf der linken Seite des Detektors montiert werden.<\/p>\n<p>Der Ajax DoorProtect Black verf\u00fcgt \u00fcber eine vorinstallierte Batterie mit einer maximalen Lebensdauer von sieben Jahren, au\u00dferdem verf\u00fcgt der Ajax DoorProtect Black \u00fcber einen Schutz vor Betrug, Manipulation und Einklemmung. Unter Jamming versteht man die St\u00f6rung von Funksignalen. Dieses Produkt besteht aus dem Ajax DoorProtect Black, inklusive einer vorinstallierten Batterie und einer Montageplatte f\u00fcr eine m\u00f6gliche Halterung. Die Halterung kann unter \u201eOptionen\u201c hinzugef\u00fcgt werden.<\/p>\n<p>F\u00fcr weitere Spezifikationen empfehlen wir Ihnen, das Datenblatt zu konsultieren, das unter der Registerkarte \u201eDokumentation\u201c enthalten ist.<\/p>\n<p><strong>Wichtigste Funktionen<\/strong><\/p>\n<ul>\n<li>Funktioniert mit allen Ajax Hub-Zentraleinheiten und Signalverst\u00e4rkern<\/li>\n<li>Steuerung \u00fcber Ajax-Anwendung<\/li>\n<li>2-Wege-Kommunikation<\/li>\n<li>Inklusive Batterie, Batterie ist von der Garantie ausgeschlossen<\/li>\n<li>Kann in einem Umkreis von bis zu 1200 Metern (Freifl\u00e4che) mit dem Ajax Hub verbunden werden.<\/li>\n<li>Schwarz<\/li>\n<\/ul>\n<p><a href=\"https:\/\/webstore4.com\/Copyright\/\" target=\"_blank\" rel=\"noopener\"><span style=\"color: #ff6e03; font-size: 11px;\">\u00a9 Der Text ist urheberrechtlich gesch\u00fctzt<\/span><\/a><\/p>","protected":false},"excerpt":{"rendered":"<p>De Ajax DoorProtect Zwart is onderdeel van het Ajax Baseline alarmsysteem. Ajax is een toonaangevend bedrijf op het gebied van beveiligingsoplossingen. Met geavanceerde technologie\u00ebn en innovatieve producten bieden ze betrouwbare en effectieve beveiligingsoplossingen voor zowel particuliere als zakelijke klanten. Ajax systemen zijn eenvoudig te installeren en te bedienen, waardoor gebruikers een veilig gevoel hebben. Ajax<\/p>\n<div class=\"klb-readmore button\"><a class=\"btn link\" href=\"https:\/\/webstore4.com\/de\/product\/ajax-doorprotect-zwart\/\">Mehr lesen <i class=\"klbth-icon-right-arrow\"><\/i><\/a><\/div>","protected":false},"featured_media":8432,"comment_status":"open","ping_status":"closed","template":"","meta":[],"pwb-brand":[3408],"product_cat":[3466,4224,4263],"product_tag":[],"class_list":{"0":"post-8431","1":"product","2":"type-product","3":"status-publish","4":"has-post-thumbnail","6":"pwb-brand-ajax-systems","7":"product_cat-alarm","8":"product_cat-alarmsystemen","9":"product_cat-ajax-baseline","10":"product_shipping_class-pakket","11":"pa_kleur-zwart","12":"pa_merk-ajax-systems","13":"pa_product-magneetcontact","14":"pa_product-status-a","16":"first","17":"onbackorder","18":"taxable","19":"shipping-taxable","20":"purchasable","21":"product-type-simple"},"brands":[{"id":3408,"name":"Ajax Systems","slug":"ajax-systems"}],"_links":{"self":[{"href":"https:\/\/webstore4.com\/de\/wp-json\/wp\/v2\/product\/8431","targetHints":{"allow":["GET"]}}],"collection":[{"href":"https:\/\/webstore4.com\/de\/wp-json\/wp\/v2\/product"}],"about":[{"href":"https:\/\/webstore4.com\/de\/wp-json\/wp\/v2\/types\/product"}],"replies":[{"embeddable":true,"href":"https:\/\/webstore4.com\/de\/wp-json\/wp\/v2\/comments?post=8431"}],"wp:featuredmedia":[{"embeddable":true,"href":"https:\/\/webstore4.com\/de\/wp-json\/wp\/v2\/media\/8432"}],"wp:attachment":[{"href":"https:\/\/webstore4.com\/de\/wp-json\/wp\/v2\/media?parent=8431"}],"wp:term":[{"taxonomy":"pwb-brand","embeddable":true,"href":"https:\/\/webstore4.com\/de\/wp-json\/wp\/v2\/pwb-brand?post=8431"},{"taxonomy":"product_cat","embeddable":true,"href":"https:\/\/webstore4.com\/de\/wp-json\/wp\/v2\/product_cat?post=8431"},{"taxonomy":"product_tag","embeddable":true,"href":"https:\/\/webstore4.com\/de\/wp-json\/wp\/v2\/product_tag?post=8431"}],"curies":[{"name":"wp","href":"https:\/\/api.w.org\/{rel}","templated":true}]}}