{"id":8411,"date":"2019-01-05T01:13:57","date_gmt":"2019-01-04T23:13:57","guid":{"rendered":"https:\/\/webstore4.com\/\/?product=wl4-mic-h-hifi-microfoon-met-hoge-gevoeligheid"},"modified":"2024-04-19T15:06:40","modified_gmt":"2024-04-19T14:06:40","slug":"wl4-mic-h-hifi-microfoon-met-hoge-gevoeligheid","status":"publish","type":"product","link":"https:\/\/webstore4.com\/de\/product\/wl4-mic-h-hifi-microfoon-met-hoge-gevoeligheid\/","title":{"rendered":"WL4 MIC-H HiFi-Mikrofon mit hoher Empfindlichkeit"},"content":{"rendered":"<p>Das WL4 MIC-H ist ein HiFi-Mikrofon mit hoher Empfindlichkeit zur Tonaufnahme aus den Bildern einer \u00dcberwachungskamera. Das Mikrofon ist f\u00fcr Aufnahmen von 10 bis 100 Quadratmetern geeignet.<\/p>\n<p>Das MIC-H verf\u00fcgt \u00fcber Kabel f\u00fcr Stromversorgung Plus (+), Stromversorgung Minus (-) und Audioausgang.<\/p>\n<p>De microfoon kan worden aangesloten op een daarvoor geschikte camera of op een audio ingang van bijvoorbeeld een netwerk video recorder (NVR). Geschikte audio RCA male connectoren staan onder het tabblad &#8216;Gerelateerde producten&#8217;.<\/p>\n<p>De WL4 MIC-H is niet geclassificeerd voor buiten gebruik. Bij buitengebruik is het nodig de microfoon te beschermen tegen weersinvloeden. Een voedingsadapter wordt niet meegeleverd. Een geschikte voedingsadapter staat onder het tabblad &#8216;Opties&#8217; en &#8216;Gerelateerde producten&#8217;.<\/p>\n<p><strong>Hauptmerkmale<\/strong><\/p>\n<ul>\n<li>Voeding bereik DC9V &#8211; 12V<\/li>\n<li>Hohe Empfindlichkeit von -30 dB<\/li>\n<li>S\/N-Verh\u00e4ltnis 85 dB<\/li>\n<li>Reichweite 10 bis 100 m<sup>2<\/sup><\/li>\n<li>Mikrofon im abgeschirmten Geh\u00e4use<\/li>\n<\/ul>\n<p><a href=\"https:\/\/www.webstore4ipcameras.nl\/Copyright\" target=\"_blank\" rel=\"noopener\"><span style=\"color: #ff6e03; font-size: 11px;\">\u00a9 Der Text ist urheberrechtlich gesch\u00fctzt<\/span><\/a><\/p>","protected":false},"excerpt":{"rendered":"<p>De WL4 MIC-H is een HiFi microfoon met een hoge gevoeligheid voor opnemen geluid bij de beelden van een bewakingscamera. De microfoon is geschikt voor opname van 10 tot 100 vierkante meter. De MIC-H beschikt over een draden voor voeding plus (+), voeding min (-) en audio uitgang. De microfoon kan worden aangesloten op een<\/p>\n<div class=\"klb-readmore button\"><a class=\"btn link\" href=\"https:\/\/webstore4.com\/de\/product\/wl4-mic-h-hifi-microfoon-met-hoge-gevoeligheid\/\">Mehr lesen <i class=\"klbth-icon-right-arrow\"><\/i><\/a><\/div>","protected":false},"featured_media":8412,"comment_status":"open","ping_status":"closed","template":"","meta":[],"pwb-brand":[3380],"product_cat":[4194,3441,4195],"product_tag":[],"class_list":{"0":"post-8411","1":"product","2":"type-product","3":"status-publish","4":"has-post-thumbnail","6":"pwb-brand-wl4","7":"product_cat-audio","8":"product_cat-benodigdheden","9":"product_cat-monitors-audio","10":"product_shipping_class-pakket","11":"pa_merk-wl4","13":"first","14":"onbackorder","15":"taxable","16":"shipping-taxable","17":"purchasable","18":"product-type-simple"},"brands":[{"id":3380,"name":"WL4","slug":"wl4"}],"_links":{"self":[{"href":"https:\/\/webstore4.com\/de\/wp-json\/wp\/v2\/product\/8411","targetHints":{"allow":["GET"]}}],"collection":[{"href":"https:\/\/webstore4.com\/de\/wp-json\/wp\/v2\/product"}],"about":[{"href":"https:\/\/webstore4.com\/de\/wp-json\/wp\/v2\/types\/product"}],"replies":[{"embeddable":true,"href":"https:\/\/webstore4.com\/de\/wp-json\/wp\/v2\/comments?post=8411"}],"wp:featuredmedia":[{"embeddable":true,"href":"https:\/\/webstore4.com\/de\/wp-json\/wp\/v2\/media\/8412"}],"wp:attachment":[{"href":"https:\/\/webstore4.com\/de\/wp-json\/wp\/v2\/media?parent=8411"}],"wp:term":[{"taxonomy":"pwb-brand","embeddable":true,"href":"https:\/\/webstore4.com\/de\/wp-json\/wp\/v2\/pwb-brand?post=8411"},{"taxonomy":"product_cat","embeddable":true,"href":"https:\/\/webstore4.com\/de\/wp-json\/wp\/v2\/product_cat?post=8411"},{"taxonomy":"product_tag","embeddable":true,"href":"https:\/\/webstore4.com\/de\/wp-json\/wp\/v2\/product_tag?post=8411"}],"curies":[{"name":"wp","href":"https:\/\/api.w.org\/{rel}","templated":true}]}}