{"id":8403,"date":"2018-12-24T02:22:26","date_gmt":"2018-12-24T00:22:26","guid":{"rendered":"https:\/\/webstore4.com\/\/?product=zkteco-zkbiosecurity-access-control-mnc-module-voor-100-deuren"},"modified":"2024-06-25T14:05:53","modified_gmt":"2024-06-25T13:05:53","slug":"zkteco-zkbiosecurity-access-control-mnc-module-voor-100-deuren","status":"publish","type":"product","link":"https:\/\/webstore4.com\/de\/product\/zkteco-zkbiosecurity-access-control-mnc-module-voor-100-deuren\/","title":{"rendered":"ZKTeco ZKBioSecurity Access Control MNC-Modul f\u00fcr 100 T\u00fcren"},"content":{"rendered":"<p>Das ZKTeco ZKBioSecurity Access Control MNC-Modul ist eine Lizenz f\u00fcr 100 T\u00fcren und unbegrenzte Benutzer. Die Lizenz ist einmalig.<\/p>\n<p>ZKBioSecurity software is een alles-in-een cloudoplossing voor toegangscontrole, tijdregistratie, liftbesturing, hotel oplossingen, bezoekersbeheer, parkeren, bewaking patrouille management, video bewaking verbindingen, API integratie met andere merken en een mobile app.<\/p>\n<p>Met de ZKBioSecurity cloud oplossing kunnen meerdere geografische locaties centraal worden beheerd. De ZKBioSecurity software is gratis en moet op een server worden ge\u00efnstalleerd voor gebruik in de cloud. De ZKBioSecurity heeft modules met betaalde licenties nodig. Neem contact met ons op voor de overige beschikbare modules en prijzen.<\/p>\n<p>Onder het tabblad &#8216;Documentatie&#8217; is een link opgenomen naar een document met een uitgebreid overzicht van de mogelijkheden van de ZKBioSecurity software. De ZKBioSecurity software kan worden getest met een online demo. Onder het tabblad &#8216;Documentatie&#8217; is een link naar de webbased demo van ZKBioSecurity opgenomen.<\/p>\n<p>Wir sind offizieller H\u00e4ndler von ZKTeco. Wir liefern ZKTeco auf Selbstinstallationsbasis.<\/p>\n<p><strong>Wichtigste Funktionen<\/strong><\/p>\n<ul>\n<li>ZKTeco licentie<\/li>\n<li>Geschikt voor maximaal 100 deuren<\/li>\n<li>Geschikt voor onbeperkt aantal gebruikers<\/li>\n<\/ul>\n<p><a href=\"https:\/\/webstore4.com\/Copyright\/\" target=\"_blank\" rel=\"noopener\"><span style=\"color: #ff6e03; font-size: 11px;\">\u00a9 Der Text ist urheberrechtlich gesch\u00fctzt<\/span><\/a><\/p>\n<p><iframe title=\"ZKTeco ZKBiosecurity\" width=\"960\" height=\"540\" src=\"https:\/\/www.youtube.com\/embed\/SJP99X3NEnE?feature=oembed&#038;enablejsapi=1&#038;origin=https:\/\/webstore4.com\" frameborder=\"0\" allow=\"accelerometer; autoplay; clipboard-write; encrypted-media; gyroscope; picture-in-picture; web-share\" allowfullscreen><\/iframe><\/p>","protected":false},"excerpt":{"rendered":"<p>De ZKTeco ZKBioSecurity Access Control MNC module is een licentie voor 100 deuren en onbeperkte gebruikers. De licentie is eenmalig. ZKBioSecurity software is een alles-in-een cloudoplossing voor toegangscontrole, tijdregistratie, liftbesturing, hotel oplossingen, bezoekersbeheer, parkeren, bewaking patrouille management, video bewaking verbindingen, API integratie met andere merken en een mobile app. Met de ZKBioSecurity cloud oplossing kunnen<\/p>\n<div class=\"klb-readmore button\"><a class=\"btn link\" href=\"https:\/\/webstore4.com\/de\/product\/zkteco-zkbiosecurity-access-control-mnc-module-voor-100-deuren\/\">Mehr lesen <i class=\"klbth-icon-right-arrow\"><\/i><\/a><\/div>","protected":false},"featured_media":15818,"comment_status":"open","ping_status":"closed","template":"","meta":[],"pwb-brand":[3394],"product_cat":[4191,4193],"product_tag":[],"class_list":{"0":"post-8403","1":"product","2":"type-product","3":"status-publish","4":"has-post-thumbnail","6":"pwb-brand-zkteco","7":"product_cat-access","8":"product_cat-toegangscontrole-access","9":"product_shipping_class-pakket","10":"pa_merk-zkteco","11":"pa_product-licenties","13":"first","14":"onbackorder","15":"taxable","16":"shipping-taxable","17":"purchasable","18":"product-type-simple"},"brands":[{"id":3394,"name":"ZKTeco","slug":"zkteco"}],"_links":{"self":[{"href":"https:\/\/webstore4.com\/de\/wp-json\/wp\/v2\/product\/8403","targetHints":{"allow":["GET"]}}],"collection":[{"href":"https:\/\/webstore4.com\/de\/wp-json\/wp\/v2\/product"}],"about":[{"href":"https:\/\/webstore4.com\/de\/wp-json\/wp\/v2\/types\/product"}],"replies":[{"embeddable":true,"href":"https:\/\/webstore4.com\/de\/wp-json\/wp\/v2\/comments?post=8403"}],"wp:featuredmedia":[{"embeddable":true,"href":"https:\/\/webstore4.com\/de\/wp-json\/wp\/v2\/media\/15818"}],"wp:attachment":[{"href":"https:\/\/webstore4.com\/de\/wp-json\/wp\/v2\/media?parent=8403"}],"wp:term":[{"taxonomy":"pwb-brand","embeddable":true,"href":"https:\/\/webstore4.com\/de\/wp-json\/wp\/v2\/pwb-brand?post=8403"},{"taxonomy":"product_cat","embeddable":true,"href":"https:\/\/webstore4.com\/de\/wp-json\/wp\/v2\/product_cat?post=8403"},{"taxonomy":"product_tag","embeddable":true,"href":"https:\/\/webstore4.com\/de\/wp-json\/wp\/v2\/product_tag?post=8403"}],"curies":[{"name":"wp","href":"https:\/\/api.w.org\/{rel}","templated":true}]}}