{"id":8383,"date":"2018-12-23T14:30:33","date_gmt":"2018-12-23T12:30:33","guid":{"rendered":"https:\/\/webstore4.com\/\/?product=dahua-ipc-hdbw5831r-ze-ultra-4k-hd-8mp-buiten-dome-camera-met-epoe-ir-nachtzicht-gemotoriseerde-varifocale-lens-h-265-en-120db-wdr"},"modified":"2024-04-19T15:06:30","modified_gmt":"2024-04-19T14:06:30","slug":"dahua-ipc-hdbw5842e-ze-s2-8mp-dome-camera","status":"publish","type":"product","link":"https:\/\/webstore4.com\/de\/product\/dahua-ipc-hdbw5842e-ze-s2-8mp-dome-camera\/","title":{"rendered":"Dahua IPC-HDBW5842E-ZE-S2 Ultra 4K HD 8MP Outdoor-Domekamera mit ePOE, IR-Nachtsicht, motorisiertem Varioobjektiv, H.265 und 120 dB WDR"},"content":{"rendered":"<p>Die Dahua IPC-HDBW5842E-ZE-S2 ist eine 8-Megapixel-Ultra-4K-HD-Domekamera mit ePOE, einem motorisierten Varioobjektiv, Infrarot-Nachtsicht, SD-Kartensteckplatz und 120 dB WDR f\u00fcr den Innen- und Au\u00dfenbereich. Die Kamera verf\u00fcgt \u00fcber ePOE, was eine deutlich l\u00e4ngere Netzwerkkabell\u00e4nge erm\u00f6glicht. Dar\u00fcber hinaus verf\u00fcgt die Kamera \u00fcber das neueste H.265-Kodierungsprotokoll f\u00fcr eine sehr effiziente Nutzung der Netzwerkbandbreite und des Speicherplatzes f\u00fcr Bilder.<\/p>\n<p><strong>M\u00f6glichkeiten<\/strong><\/p>\n<p>Der IPC-HDBW5842E-ZE-S2 zeigt Bilder in einer Full-HD-Aufl\u00f6sung von 3840 x 2160 an. Die Kamera verf\u00fcgt \u00fcber einen eingebauten automatischen IR-Sperrfilter, was sie zu einer echten Tag-\/Nachtkamera macht. Bei Dunkelheit kann die Kamera die integrierte IR-Beleuchtung einschalten, die auch bei v\u00f6lliger Dunkelheit (0 Lux) f\u00fcr ein gestochen scharfes Bild sorgt. Die IR-Beleuchtung hat eine Reichweite von nicht weniger als 50 Metern. Die Kamera verf\u00fcgt \u00fcber einen 120 dB Wide Dynamic Range (WDR), wodurch die Kamera auch komplexe Lichtverh\u00e4ltnisse, beispielsweise durch Gegenlicht der Sonne oder Autoscheinwerfer, sehr gut bew\u00e4ltigen kann.<\/p>\n<p>Das motorisch verstellbare 2,7- bis 12-mm-Varioobjektiv erm\u00f6glicht es, die Kamera aus der Ferne auf ein entferntes oder ein nahegelegenes Bild zu fokussieren. Durch dieses Vergr\u00f6\u00dfern und Verkleinern variiert der horizontale Blickwinkel zwischen 110 und 40 Grad.<\/p>\n<p>Der IPC-HDBW5842E-ZE-S2 verf\u00fcgt \u00fcber ein intelligentes Videosystem (IVS), das eine intelligente Erkennung wie Stolperdraht, Einbruch, fehlende\/verlassene Objekte erm\u00f6glicht. Eine Gesichtserkennung ist optional m\u00f6glich.<\/p>\n<p>Bilder k\u00f6nnen unter anderem auf einem Netzwerk-Videorecorder (NVR) gespeichert werden. Die Kamera verf\u00fcgt au\u00dferdem \u00fcber die M\u00f6glichkeit, in der Kamera auf eine microSD-Speicherkarte bis maximal 128 GB aufzuzeichnen. Die Kamera verf\u00fcgt \u00fcber einen Audio- und Alarmein- und -ausgang.<\/p>\n<p>Dahua bietet eine kostenlose niederl\u00e4ndische App f\u00fcr Apple iOS und Android an. Die Kamera verf\u00fcgt \u00fcber einen internen Webserver, der \u00fcber einen Webbrowser angezeigt und verwaltet werden kann. Video Management Software (VMS) f\u00fcr einen Computer kann kostenlos von der Dahua-Website heruntergeladen werden. Der Reiter \u201eDokumentation\u201c enth\u00e4lt einen Link zur Produktseite des Herstellers.<\/p>\n<p>Die Dahua IPC-HDBW3841R-ZS verf\u00fcgt \u00fcber die Schutzart IP67, wodurch sich die Kamera ideal f\u00fcr den Au\u00dfenbereich eignet. Zur einfacheren Installation kann die Kamera \u00fcber das Netzwerkkabel mit Power over Ethernet (Standard 802.3af POE) mit Strom versorgt werden. PoE kann \u00fcber einen PoE-NVR, einen PoE-Switch oder mit einem PoE-Injektor bezogen werden. Die Kamera kann auch mit einem optionalen 12-V-Netzteil mit Strom versorgt werden. Unter dem Reiter \u201eOptionen\u201c k\u00f6nnen Sie angeben, ob ein Adapter enthalten sein soll. Passende Dahua-Montagehalterungen sind unter der Registerkarte \u201eOptionen\u201c erh\u00e4ltlich. Die Kamera ist \u00fcber 3 Achsen verstellbar und eignet sich daher sehr gut f\u00fcr die vertikale Aufstellung an einer Wand. Die Kamera verf\u00fcgt \u00fcber die Vandalismusklassifizierung IK10.<\/p>\n<p><strong>ePOE-Technologie<\/strong><\/p>\n<p>Die Kamera verf\u00fcgt \u00fcber ePOE, was eine deutlich l\u00e4ngere Netzwerkkabell\u00e4nge als die standardm\u00e4\u00dfigen 100 Meter f\u00fcr IP-Netzwerke erm\u00f6glicht. Die maximale Entfernung von einer ePOE-Kamera zu einem ePOE-Switch oder ePOE-NVR f\u00fcr Daten und Strom betr\u00e4gt 800 Meter (800 m bei 10 Mbit\/s, 13 W oder 300 m bei 100 Mbit\/s, 25,4 W). Das ePOE-System eignet sich auch perfekt f\u00fcr die Migration von analog zu IP: IP-Video, Audio, Steuerung und Stromversorgung (4 in 1) \u00fcber Koaxialkabel mit dem LR1002 ePoE-zu-BNC-Adapter. Die ePOE-Technologie erm\u00f6glicht eine flexiblere Gestaltung des \u00dcberwachungssystems, verbessert die Zuverl\u00e4ssigkeit und spart Bau- und Verkabelungskosten.<\/p>\n<p><strong>Wichtigste Funktionen<\/strong><\/p>\n<ul>\n<li>8-Megapixel-Full-HD-Kamera mit motorisiertem Varioobjektiv f\u00fcr gestochen scharfe Bilder<\/li>\n<li>ePOE-Technologie<\/li>\n<li>Tag-\/Nachtkamera mit automatischem mechanischem IR-Sperrfilter<\/li>\n<li>IR-Nachtsichtbeleuchtung bis zu 50 Meter<\/li>\n<li>Aufnahme in der Kamera auf SD-Karte<\/li>\n<li>Auf 3 Achsen verstellbar<\/li>\n<li>120 dB breiter Dynamikbereich (WDR)<\/li>\n<li>Zonen-optionale Hintergrundbeleuchtungskompensation (BLC)<\/li>\n<li>3D-Digital-Rauschunterdr\u00fcckung (3D-DNR)<\/li>\n<li>Bewegungserkennung, Manipulationsalarm, Privatzonenmaske, Intelligentes Videosystem (IVS)<\/li>\n<li>ONVIF-Protokoll<\/li>\n<li>H.265+, H.265, H.264+ und H.264 Codec<\/li>\n<li>Stromversorgung \u00fcber 12-VDC-Adapter oder \u00fcber PoE (802.3af) oder ePOE<\/li>\n<li>Vandalensicher nach IK10<\/li>\n<\/ul>\n<p><a href=\"https:\/\/www.webstore4ipcameras.nl\/Copyright\" target=\"_blank\" rel=\"noopener\"><span style=\"color: #ff6e03; font-size: 11px;\">\u00a9 Der Text ist urheberrechtlich gesch\u00fctzt<\/span><\/a><\/p>","protected":false},"excerpt":{"rendered":"<p>De Dahua IPC-HDBW5842E-ZE-S2 is een 8 megapixel Ultra 4K HD dome camera met ePOE, een gemotoriseerde varifocale lens, infrarood nachtzicht, SD kaart sleuf en 120dB WDR voor binnen of buiten. De camera beschikt over ePOE waardoor een veel langere netwerkkabellengte mogelijk is. Verder beschikt de camera over het nieuwste H.265 coderings protocol voor zeer effici\u00ebnt<\/p>\n<div class=\"klb-readmore button\"><a class=\"btn link\" href=\"https:\/\/webstore4.com\/de\/product\/dahua-ipc-hdbw5842e-ze-s2-8mp-dome-camera\/\">Mehr lesen <i class=\"klbth-icon-right-arrow\"><\/i><\/a><\/div>","protected":false},"featured_media":12691,"comment_status":"open","ping_status":"closed","template":"","meta":[],"pwb-brand":[3376],"product_cat":[4184,4200],"product_tag":[3315],"class_list":{"0":"post-8383","1":"product","2":"type-product","3":"status-publish","4":"has-post-thumbnail","6":"pwb-brand-dahua","7":"product_cat-cameras","8":"product_cat-dome-eyeball-cameras-cameras","9":"product_tag-ipc-hdbw5831r-ze","10":"product_shipping_class-pakket","11":"pa_beeldhoek-graden-horizontaal-110-45","12":"pa_beeldsensor-11-8-cmos","13":"pa_dag-nacht-ir-cut-filter-ja","14":"pa_geheugenkaart-type-micro-sdsdhcsdxc-256gb","15":"pa_ingebouwd-type-nachtzicht-infrared-ir-led","16":"pa_lens-mm-2-7-12","17":"pa_megapixel-8mp","18":"pa_merk-dahua","19":"pa_minimale-verlichting-0-004-lux-0-lux-met-ir","20":"pa_mobiele-app-fabrikant-ja","21":"pa_nachtzicht-ja","22":"pa_omgeving-binnen-en-buiten","23":"pa_opnemen-op-sd-kaart-ja","24":"pa_poe-802-3af","25":"pa_poe-epoe","26":"pa_product-status-a","27":"pa_resolutie-max-pixels-ultra-4k-hd-3840x2160","28":"pa_vandaalbestendig-ik10","29":"pa_verstelbare-assen-3631","30":"pa_voeding-12vdc","31":"pa_voeding-epoe","32":"pa_voeding-poe","33":"pa_wdr-ja","35":"first","36":"onbackorder","37":"taxable","38":"shipping-taxable","39":"purchasable","40":"product-type-simple"},"brands":[{"id":3376,"name":"Dahua","slug":"dahua"}],"_links":{"self":[{"href":"https:\/\/webstore4.com\/de\/wp-json\/wp\/v2\/product\/8383","targetHints":{"allow":["GET"]}}],"collection":[{"href":"https:\/\/webstore4.com\/de\/wp-json\/wp\/v2\/product"}],"about":[{"href":"https:\/\/webstore4.com\/de\/wp-json\/wp\/v2\/types\/product"}],"replies":[{"embeddable":true,"href":"https:\/\/webstore4.com\/de\/wp-json\/wp\/v2\/comments?post=8383"}],"wp:featuredmedia":[{"embeddable":true,"href":"https:\/\/webstore4.com\/de\/wp-json\/wp\/v2\/media\/12691"}],"wp:attachment":[{"href":"https:\/\/webstore4.com\/de\/wp-json\/wp\/v2\/media?parent=8383"}],"wp:term":[{"taxonomy":"pwb-brand","embeddable":true,"href":"https:\/\/webstore4.com\/de\/wp-json\/wp\/v2\/pwb-brand?post=8383"},{"taxonomy":"product_cat","embeddable":true,"href":"https:\/\/webstore4.com\/de\/wp-json\/wp\/v2\/product_cat?post=8383"},{"taxonomy":"product_tag","embeddable":true,"href":"https:\/\/webstore4.com\/de\/wp-json\/wp\/v2\/product_tag?post=8383"}],"curies":[{"name":"wp","href":"https:\/\/api.w.org\/{rel}","templated":true}]}}