{"id":8376,"date":"2018-12-16T02:50:53","date_gmt":"2018-12-16T00:50:53","guid":{"rendered":"https:\/\/webstore4.com\/\/?product=western-digital-wdd256g1p0a-wd-purple-256gb-microsd-geheugenkaart-voor-bewakingscameras"},"modified":"2024-04-19T15:06:28","modified_gmt":"2024-04-19T14:06:28","slug":"western-digital-wdd256g1p0c","status":"publish","type":"product","link":"https:\/\/webstore4.com\/de\/product\/western-digital-wdd256g1p0c\/","title":{"rendered":"Western Digital WDD256G1P0A WD Purple 256 GB microSD-Speicherkarte f\u00fcr \u00dcberwachungskameras"},"content":{"rendered":"<p>Die Western Digital WDD256G1P0A WD Purple ist eine 256 GB microSD-Speicherkarte, die speziell f\u00fcr die Aufzeichnung von Bildern von \u00dcberwachungskameras rund um die Uhr entwickelt wurde. Die microSD-Karte ist feuchtigkeitsbest\u00e4ndig und hat einen Betriebstemperaturbereich von -25 bis 85 Grad Celsius.<\/p>\n<p>Onder het tabblad &#8216;Documentatie&#8217; zijn verdere details beschikbaar onder de datasheet en de link naar de product pagina van de fabrikant.<\/p>\n<p><strong>Wichtigste Funktionen<\/strong><\/p>\n<ul>\n<li>256 gigabyte<\/li>\n<li>Aufzeichnung rund um die Uhr<\/li>\n<li>Temperatuurbereik van -25 tot 85 graden<\/li>\n<\/ul>\n<p><a href=\"https:\/\/webstore4.com\/Copyright\/\" target=\"_blank\" rel=\"noopener\"><span style=\"color: #ff6e03; font-size: 11px;\">\u00a9 Der Text ist urheberrechtlich gesch\u00fctzt<\/span><\/a><\/p>\n<p><iframe title=\"WD Purple\u2122 SC QD101 Ultra Endurance microSD\u2122 Card\" width=\"960\" height=\"540\" src=\"https:\/\/www.youtube.com\/embed\/dtqBDanj23Q?feature=oembed&#038;enablejsapi=1&#038;origin=https:\/\/webstore4.com\" frameborder=\"0\" allow=\"accelerometer; autoplay; clipboard-write; encrypted-media; gyroscope; picture-in-picture; web-share\" allowfullscreen><\/iframe><\/p>\n<p>&nbsp;<\/p>","protected":false},"excerpt":{"rendered":"<p>De Western Digital WDD256G1P0C WD Purple is een 256GB microSD geheugenkaart speciaal ontworpen voor het 24\/7 opnemen van beelden van bewakingscamera&#8217;s. De microSD kaart is vochtbestendig en heeft een operationeel temperatuurbereik van -25 tot 85 graden Celsius. Onder het tabblad &#8216;Documentatie&#8217; zijn verdere details beschikbaar onder de datasheet en de link naar de product pagina<\/p>\n<div class=\"klb-readmore button\"><a class=\"btn link\" href=\"https:\/\/webstore4.com\/de\/product\/western-digital-wdd256g1p0c\/\">Mehr lesen <i class=\"klbth-icon-right-arrow\"><\/i><\/a><\/div>","protected":false},"featured_media":15922,"comment_status":"open","ping_status":"closed","template":"","meta":[],"pwb-brand":[3407],"product_cat":[3441,4210],"product_tag":[],"class_list":{"0":"post-8376","1":"product","2":"type-product","3":"status-publish","4":"has-post-thumbnail","6":"pwb-brand-western-digital","7":"product_cat-benodigdheden","8":"product_cat-recorders-opslagmedia-benodigdheden","9":"product_shipping_class-brievenbuspakket","10":"pa_capaciteit-256gb","11":"pa_klasse-class-10-uhs-i","12":"pa_merk-western-digital","13":"pa_product-sd-kaart","14":"pa_type-microsdxc","16":"first","17":"onbackorder","18":"taxable","19":"shipping-taxable","20":"purchasable","21":"product-type-simple"},"brands":[{"id":3407,"name":"Western Digital","slug":"western-digital"}],"_links":{"self":[{"href":"https:\/\/webstore4.com\/de\/wp-json\/wp\/v2\/product\/8376","targetHints":{"allow":["GET"]}}],"collection":[{"href":"https:\/\/webstore4.com\/de\/wp-json\/wp\/v2\/product"}],"about":[{"href":"https:\/\/webstore4.com\/de\/wp-json\/wp\/v2\/types\/product"}],"replies":[{"embeddable":true,"href":"https:\/\/webstore4.com\/de\/wp-json\/wp\/v2\/comments?post=8376"}],"wp:featuredmedia":[{"embeddable":true,"href":"https:\/\/webstore4.com\/de\/wp-json\/wp\/v2\/media\/15922"}],"wp:attachment":[{"href":"https:\/\/webstore4.com\/de\/wp-json\/wp\/v2\/media?parent=8376"}],"wp:term":[{"taxonomy":"pwb-brand","embeddable":true,"href":"https:\/\/webstore4.com\/de\/wp-json\/wp\/v2\/pwb-brand?post=8376"},{"taxonomy":"product_cat","embeddable":true,"href":"https:\/\/webstore4.com\/de\/wp-json\/wp\/v2\/product_cat?post=8376"},{"taxonomy":"product_tag","embeddable":true,"href":"https:\/\/webstore4.com\/de\/wp-json\/wp\/v2\/product_tag?post=8376"}],"curies":[{"name":"wp","href":"https:\/\/api.w.org\/{rel}","templated":true}]}}