{"id":8316,"date":"2018-11-11T23:35:44","date_gmt":"2018-11-11T21:35:44","guid":{"rendered":"https:\/\/webstore4.com\/\/?product=hikvision-ds-k2604-netwerk-access-controller-voor-4-deuren-8-rs-485-en-4-wiegand-lezers"},"modified":"2025-02-19T05:21:59","modified_gmt":"2025-02-19T04:21:59","slug":"hikvision-ds-k2604t-netwerk-access-controller","status":"publish","type":"product","link":"https:\/\/webstore4.com\/de\/product\/hikvision-ds-k2604t-netwerk-access-controller\/","title":{"rendered":"Hikvision DS-K2604T netwerk access controller voor 4 deuren, 8 RS-485 en 4 Wiegand lezers"},"content":{"rendered":"<p>Der Hikvision DS-K2604 ist ein Netzwerkzugangscontroller f\u00fcr 4 T\u00fcren, 8 RS-485- und 4 Wiegand-Leseger\u00e4te, komplett mit abschlie\u00dfbarem Schrank und Netzteil.<\/p>\n<p><strong>M\u00f6glichkeiten<\/strong><\/p>\n<p>Der Hikvision DS-K2604 verf\u00fcgt \u00fcber Kommunikation \u00fcber RS485, Wiegand 26\/34-Protokoll und TCP\/IP. Bis zu 4 Wiegand- und 8 RS485-Leseger\u00e4te k\u00f6nnen an die Steuerung angeschlossen werden, um bis zu 4 T\u00fcren zu bedienen. Der Controller kann mit der kostenlosen Hikvision iVMS-Software verwaltet werden.<\/p>\n<p>Onder het tabblad\u00a0 &#8216;Documentatie&#8217; staat een link naar de website van de fabrikant met onder meer de datasheet en de handleiding.<\/p>\n<p><strong>Wichtigste Funktionen<\/strong><\/p>\n<ul>\n<li>Unterst\u00fctzt 100.000 Karten und 300.000 Protokolle<\/li>\n<li>4 x Wiegand-Anschluss f\u00fcr Leser<\/li>\n<li>8 x RS-485-Anschluss f\u00fcr Leseger\u00e4te<\/li>\n<li>4 x Ausgangstaste, 4 x T\u00fcrsensor, 4 x Alarmeingang, 1 x Sabotagealarm, 8 x AUX-Eingang<\/li>\n<li>4 x Relais-T\u00fcrausgang, 4 x Alarmausgang<\/li>\n<li>USV-Batterieanschluss<\/li>\n<li>Netzwerk TCP\/IP<\/li>\n<li>Im Metallschrank mit Schl\u00fcsselschloss und Netzteil<\/li>\n<\/ul>\n<p><a href=\"https:\/\/webstore4.com\/Copyright\/\" target=\"_blank\" rel=\"noopener\"><span style=\"color: #ff6e03; font-size: 11px;\">\u00a9 Der Text ist urheberrechtlich gesch\u00fctzt<\/span><\/a><\/p>","protected":false},"excerpt":{"rendered":"<p>De Hikvision DS-K2604T is een netwerk access controller voor 4 deuren, 8 RS-485 en 4 Wiegand lezers compleet met afsluitbare kast en voeding. Mogelijkheden De Hikvision DS-K2604T beschikt over communicatie over het RS485, Wiegand 26\/34 protocol en TCP\/IP. Op de controller kunnen maximaal 4 Wiegand en 8 RS485 lezers worden aangesloten voor het bedienen van<\/p>\n<div class=\"klb-readmore button\"><a class=\"btn link\" href=\"https:\/\/webstore4.com\/de\/product\/hikvision-ds-k2604t-netwerk-access-controller\/\">Mehr lesen <i class=\"klbth-icon-right-arrow\"><\/i><\/a><\/div>","protected":false},"featured_media":8317,"comment_status":"open","ping_status":"closed","template":"","meta":[],"pwb-brand":[3367],"product_cat":[4191,4193],"product_tag":[],"class_list":{"0":"post-8316","1":"product","2":"type-product","3":"status-publish","4":"has-post-thumbnail","6":"pwb-brand-hikvision","7":"product_cat-access","8":"product_cat-toegangscontrole-access","9":"product_shipping_class-pakket","10":"pa_garantie-3-jaar","11":"pa_max-aantal-gebruikers-3793","12":"pa_merk-hikvision","13":"pa_omgeving-binnen","14":"pa_product-access-controller","15":"pa_voeding-230vac","17":"first","18":"onbackorder","19":"taxable","20":"shipping-taxable","21":"purchasable","22":"product-type-simple"},"brands":[{"id":3367,"name":"Hikvision","slug":"hikvision"}],"_links":{"self":[{"href":"https:\/\/webstore4.com\/de\/wp-json\/wp\/v2\/product\/8316","targetHints":{"allow":["GET"]}}],"collection":[{"href":"https:\/\/webstore4.com\/de\/wp-json\/wp\/v2\/product"}],"about":[{"href":"https:\/\/webstore4.com\/de\/wp-json\/wp\/v2\/types\/product"}],"replies":[{"embeddable":true,"href":"https:\/\/webstore4.com\/de\/wp-json\/wp\/v2\/comments?post=8316"}],"wp:featuredmedia":[{"embeddable":true,"href":"https:\/\/webstore4.com\/de\/wp-json\/wp\/v2\/media\/8317"}],"wp:attachment":[{"href":"https:\/\/webstore4.com\/de\/wp-json\/wp\/v2\/media?parent=8316"}],"wp:term":[{"taxonomy":"pwb-brand","embeddable":true,"href":"https:\/\/webstore4.com\/de\/wp-json\/wp\/v2\/pwb-brand?post=8316"},{"taxonomy":"product_cat","embeddable":true,"href":"https:\/\/webstore4.com\/de\/wp-json\/wp\/v2\/product_cat?post=8316"},{"taxonomy":"product_tag","embeddable":true,"href":"https:\/\/webstore4.com\/de\/wp-json\/wp\/v2\/product_tag?post=8316"}],"curies":[{"name":"wp","href":"https:\/\/api.w.org\/{rel}","templated":true}]}}