{"id":8275,"date":"2018-10-10T03:05:29","date_gmt":"2018-10-10T01:05:29","guid":{"rendered":"https:\/\/webstore4.com\/\/?product=western-digital-wd30purz-purple-3tb-surveillance-hard-drive"},"modified":"2026-02-13T09:27:21","modified_gmt":"2026-02-13T08:27:21","slug":"western-digital-wd30purz-purple-3tb-surveillance-hard-drive","status":"publish","type":"product","link":"https:\/\/webstore4.com\/de\/product\/western-digital-wd30purz-purple-3tb-surveillance-hard-drive\/","title":{"rendered":"Western Digital WD30PURZ Lila 3 TB \u00dcberwachungsfestplatte"},"content":{"rendered":"<div class=\"video-frame-box\" style=\"width: 100%; max-width: 480px; max-height: 270px; float: right; padding: 0px 10px 10px 10px;\">\n<div class=\"video-frame\"><iframe src=\"\/\/www.youtube.com\/embed\/rOrJRenoR4w?rel=0&amp;modestbranding=1&amp;showinfo=0&amp;autohide=1\" width=\"480\" height=\"270\" frameborder=\"0\"><\/iframe><\/div>\n<\/div>\n<p>De WD30PURZ is een drie terabyte harde schijf. Western Digital WD Purple harde schijven zijn specifiek ontworpen voor 24\/7 dag en nacht functionerende video recorders die opnemen in een hoge resolutie.<\/p>\n<p>Der WD Purple-Sicherheitsspeicher verf\u00fcgt \u00fcber die exklusive AllFrame-Technologie von Western Digital, die die Videoaufzeichnung verbessert und Fehler, Pixel und Videounterbrechungen reduziert, die in einem Videorecordersystem auftreten k\u00f6nnen. WD Purple-Festplatten verf\u00fcgen \u00fcber eine verbesserte Arbeitslast und unterst\u00fctzen Systeme, die f\u00fcr die Videoaufzeichnung rund um die Uhr mit bis zu 64 Kameras ausgelegt sind.<\/p>\n<p>Unter der Registerkarte \u201eDokumentation\u201c finden Sie einen Link zur Produktseite des Herstellers.<\/p>\n<p><strong>Wichtigste Funktionen<\/strong><\/p>\n<ul>\n<li>Harde schijf met 3TB geheugen<\/li>\n<li>Aufzeichnung rund um die Uhr<\/li>\n<li>Voldoet aan specificaties van WD30PURX en WD30PURZ<\/li>\n<\/ul>\n<p><a href=\"https:\/\/webstore4.com\/Copyright\/\" target=\"_blank\" rel=\"noopener\"><span style=\"color: #ff6e03; font-size: 11px;\">\u00a9 Der Text ist urheberrechtlich gesch\u00fctzt<\/span><\/a><\/p>","protected":false},"excerpt":{"rendered":"<p>De WD30PURZ is een drie terabyte harde schijf. Western Digital WD Purple harde schijven zijn specifiek ontworpen voor 24\/7 dag en nacht functionerende video recorders die opnemen in een hoge resolutie. WD Purple opslag voor beveiliging is uitgerust met de exclusieve AllFrame technologie van Western Digital waarmee het opnemen van videobeelden verbetert en nemen het<\/p>\n<div class=\"klb-readmore button\"><a class=\"btn link\" href=\"https:\/\/webstore4.com\/de\/product\/western-digital-wd30purz-purple-3tb-surveillance-hard-drive\/\">Mehr lesen <i class=\"klbth-icon-right-arrow\"><\/i><\/a><\/div>","protected":false},"featured_media":8276,"comment_status":"open","ping_status":"closed","template":"","meta":[],"pwb-brand":[3407],"product_cat":[3441,4210],"product_tag":[],"class_list":{"0":"post-8275","1":"product","2":"type-product","3":"status-publish","4":"has-post-thumbnail","6":"pwb-brand-western-digital","7":"product_cat-benodigdheden","8":"product_cat-recorders-opslagmedia-benodigdheden","9":"product_shipping_class-pakket","10":"pa_capaciteit-3tb","11":"pa_merk-western-digital","12":"pa_product-harde-schijf","14":"first","15":"onbackorder","16":"taxable","17":"shipping-taxable","18":"purchasable","19":"product-type-simple"},"brands":[{"id":3407,"name":"Western Digital","slug":"western-digital"}],"_links":{"self":[{"href":"https:\/\/webstore4.com\/de\/wp-json\/wp\/v2\/product\/8275","targetHints":{"allow":["GET"]}}],"collection":[{"href":"https:\/\/webstore4.com\/de\/wp-json\/wp\/v2\/product"}],"about":[{"href":"https:\/\/webstore4.com\/de\/wp-json\/wp\/v2\/types\/product"}],"replies":[{"embeddable":true,"href":"https:\/\/webstore4.com\/de\/wp-json\/wp\/v2\/comments?post=8275"}],"wp:featuredmedia":[{"embeddable":true,"href":"https:\/\/webstore4.com\/de\/wp-json\/wp\/v2\/media\/8276"}],"wp:attachment":[{"href":"https:\/\/webstore4.com\/de\/wp-json\/wp\/v2\/media?parent=8275"}],"wp:term":[{"taxonomy":"pwb-brand","embeddable":true,"href":"https:\/\/webstore4.com\/de\/wp-json\/wp\/v2\/pwb-brand?post=8275"},{"taxonomy":"product_cat","embeddable":true,"href":"https:\/\/webstore4.com\/de\/wp-json\/wp\/v2\/product_cat?post=8275"},{"taxonomy":"product_tag","embeddable":true,"href":"https:\/\/webstore4.com\/de\/wp-json\/wp\/v2\/product_tag?post=8275"}],"curies":[{"name":"wp","href":"https:\/\/api.w.org\/{rel}","templated":true}]}}