{"id":8245,"date":"2018-10-06T16:49:34","date_gmt":"2018-10-06T14:49:34","guid":{"rendered":"https:\/\/webstore4.com\/\/?product=x-security-xs-flood-w-draadloze-water-detector-2-weg-dahua-airfly"},"modified":"2024-04-19T15:05:57","modified_gmt":"2024-04-19T14:05:57","slug":"x-security-xs-flood-w-draadloze-water-detector","status":"publish","type":"product","link":"https:\/\/webstore4.com\/de\/product\/x-security-xs-flood-w-draadloze-water-detector\/","title":{"rendered":"X-Security XS-FLOOD-W kabelloser Wassermelder 2-Wege Dahua Airfly"},"content":{"rendered":"<p>Der X-Security XS-FLOOD-W ist ein kabelloser Wasser\u00fcberschwemmungsmelder zur Verwendung mit Dahua Airfly-kompatiblen Produkten.<\/p>\n<p><strong>M\u00f6glichkeiten<\/strong><\/p>\n<p>Der Detektor kann an eine IP-Kamera, einen Video-Intercom-Monitor oder ein HDCVI-IoT-Kamerasystem angeschlossen werden, das das Dahua Airfly-Protokoll unterst\u00fctzt. Der Sensor erkennt schnell das Auftreten einer \u00dcberschwemmung oder eines Wasserlecks und verf\u00fcgt \u00fcber eine einstellbare Sonde f\u00fcr unterschiedliche Erkennungsempfindlichkeiten.<\/p>\n<p>Der Melder tr\u00e4gt dazu bei, Ihr Zuhause oder Ihr Unternehmen vor m\u00f6glichen Wassersch\u00e4den zu sch\u00fctzen. Verwenden Sie den Wassermelder in der N\u00e4he von Tauchpumpen, Sanit\u00e4ranlagen, K\u00fchlschr\u00e4nken, Waschk\u00fcchen, Geschirrsp\u00fclern, Waschmaschinen, Sp\u00fclbecken, Heizkesseln, Toiletten, Garagen und Kellern.<\/p>\n<p><strong>Installation<\/strong><\/p>\n<p>De X-Security XS-FLOOD-W wordt gevoed door een meegeleverde batterij. De gemiddelde levensduur van een batterij is 2 jaar. De detector kan tegen de muur of op de grond worden ge\u00efnstalleerd. Onder het tabblad &#8220;Documentatie&#8221; staat een link naar de website van de fabrikant met aanvullende informatie.<\/p>\n<p><strong>Wichtigste Funktionen<\/strong><\/p>\n<ul>\n<li>IP66 wasserdicht<\/li>\n<li>Sehr geringer Stromverbrauch mit einer Batterielebensdauer von bis zu 24 Monaten<\/li>\n<li>Installation als All-in-One-Ger\u00e4t und gemeinsame Nutzung f\u00fcr verschiedene Installationsoptionen m\u00f6glich<\/li>\n<li>Boden- oder Wandmontage<\/li>\n<\/ul>\n<p><a href=\"https:\/\/www.webstore4ipcameras.nl\/Copyright\" target=\"_blank\" rel=\"noopener\"><span style=\"color: #ff6e03; font-size: 11px;\">\u00a9 Der Text ist urheberrechtlich gesch\u00fctzt<\/span><\/a><\/p>","protected":false},"excerpt":{"rendered":"<p>Der X-Security XS-FLOOD-W ist ein kabelloser Wasser\u00fcberschwemmungsmelder zur Verwendung mit Dahua Airfly-kompatiblen Produkten.<\/p>","protected":false},"featured_media":8246,"comment_status":"open","ping_status":"closed","template":"","meta":[],"pwb-brand":[3395],"product_cat":[3466,4224,3480],"product_tag":[2969],"class_list":{"0":"post-8245","1":"product","2":"type-product","3":"status-publish","4":"has-post-thumbnail","6":"pwb-brand-x-security","7":"product_cat-alarm","8":"product_cat-alarmsystemen","9":"product_cat-x-security-alarm","10":"product_tag-ard910-w","11":"product_shipping_class-pakket","12":"pa_frequentie-mhz-3785","13":"pa_garantie-3-jaar","14":"pa_merk-x-security","15":"pa_omgeving-binnen","16":"pa_product-waterdetectie","17":"pa_voeding-batterij","19":"first","20":"instock","21":"taxable","22":"shipping-taxable","23":"purchasable","24":"product-type-simple"},"brands":[{"id":3395,"name":"X-Security","slug":"x-security"}],"_links":{"self":[{"href":"https:\/\/webstore4.com\/de\/wp-json\/wp\/v2\/product\/8245","targetHints":{"allow":["GET"]}}],"collection":[{"href":"https:\/\/webstore4.com\/de\/wp-json\/wp\/v2\/product"}],"about":[{"href":"https:\/\/webstore4.com\/de\/wp-json\/wp\/v2\/types\/product"}],"replies":[{"embeddable":true,"href":"https:\/\/webstore4.com\/de\/wp-json\/wp\/v2\/comments?post=8245"}],"wp:featuredmedia":[{"embeddable":true,"href":"https:\/\/webstore4.com\/de\/wp-json\/wp\/v2\/media\/8246"}],"wp:attachment":[{"href":"https:\/\/webstore4.com\/de\/wp-json\/wp\/v2\/media?parent=8245"}],"wp:term":[{"taxonomy":"pwb-brand","embeddable":true,"href":"https:\/\/webstore4.com\/de\/wp-json\/wp\/v2\/pwb-brand?post=8245"},{"taxonomy":"product_cat","embeddable":true,"href":"https:\/\/webstore4.com\/de\/wp-json\/wp\/v2\/product_cat?post=8245"},{"taxonomy":"product_tag","embeddable":true,"href":"https:\/\/webstore4.com\/de\/wp-json\/wp\/v2\/product_tag?post=8245"}],"curies":[{"name":"wp","href":"https:\/\/api.w.org\/{rel}","templated":true}]}}