{"id":8196,"date":"2018-08-07T00:30:44","date_gmt":"2018-08-06T22:30:44","guid":{"rendered":"https:\/\/webstore4.com\/\/?product=yli-pcb-501-interlock-module-voor-twee-deuren"},"modified":"2026-01-07T09:41:23","modified_gmt":"2026-01-07T08:41:23","slug":"yli-pcb-501-interlock-module-voor-twee-deuren","status":"publish","type":"product","link":"https:\/\/webstore4.com\/de\/product\/yli-pcb-501-interlock-module-voor-twee-deuren\/","title":{"rendered":"YLI PCB-501 Verriegelungsmodul f\u00fcr zwei T\u00fcren"},"content":{"rendered":"<p>Das YLI PCB-501 ist ein Verriegelungsmodul f\u00fcr zwei T\u00fcren, das f\u00fcr den Einsatz in einem Zugangskontrollsystem geeignet ist. Dieses Modul erm\u00f6glicht es, eine T\u00fcr nur dann zu \u00f6ffnen, wenn eine andere T\u00fcr zuerst schlie\u00dft, und kann beispielsweise in einem T\u00fcrschlosssystem verwendet werden.<\/p>\n<p>Wij adviseren de datasheet, die is opgenomen onder het tabblad &#8216;Documentatie&#8217;, te raadplegen voor de afmetingen en de juiste toepassing.<\/p>\n<p><strong>Wichtigste Funktionen<\/strong><\/p>\n<ul>\n<li>Interlock module<\/li>\n<li>Geschikt voor 2 deuren<\/li>\n<\/ul>\n<p><a href=\"https:\/\/webstore4.com\/Copyright\/\" target=\"_blank\" rel=\"noopener\"><span style=\"color: #ff6e03; font-size: 11px;\">\u00a9 Der Text ist urheberrechtlich gesch\u00fctzt<\/span><\/a><\/p>","protected":false},"excerpt":{"rendered":"<p>De YLI PCB-501 is een interlock module voor twee deuren\u00a0geschikt voor gebruik in een toegangscontrole systeem. Met deze module is het mogelijk een deur pas te openen zodra een andere deur eerst sluit en kan worden toegepast in bijvoorbeeld een deur sluissysteem. Wij adviseren de datasheet, die is opgenomen onder het tabblad &#8216;Documentatie&#8217;, te raadplegen<\/p>\n<div class=\"klb-readmore button\"><a class=\"btn link\" href=\"https:\/\/webstore4.com\/de\/product\/yli-pcb-501-interlock-module-voor-twee-deuren\/\">Mehr lesen <i class=\"klbth-icon-right-arrow\"><\/i><\/a><\/div>","protected":false},"featured_media":8197,"comment_status":"open","ping_status":"closed","template":"","meta":[],"pwb-brand":[3382],"product_cat":[4191,4197,4193],"product_tag":[],"class_list":{"0":"post-8196","1":"product","2":"type-product","3":"status-publish","4":"has-post-thumbnail","6":"pwb-brand-yli","7":"product_cat-access","8":"product_cat-elektrische-sloten","9":"product_cat-toegangscontrole-access","10":"product_shipping_class-pakket","11":"pa_garantie-3-jaar","12":"pa_merk-yli","13":"pa_omgeving-binnen","14":"pa_product-accessoires","16":"first","17":"instock","18":"taxable","19":"shipping-taxable","20":"purchasable","21":"product-type-simple"},"brands":[{"id":3382,"name":"YLI","slug":"yli"}],"_links":{"self":[{"href":"https:\/\/webstore4.com\/de\/wp-json\/wp\/v2\/product\/8196","targetHints":{"allow":["GET"]}}],"collection":[{"href":"https:\/\/webstore4.com\/de\/wp-json\/wp\/v2\/product"}],"about":[{"href":"https:\/\/webstore4.com\/de\/wp-json\/wp\/v2\/types\/product"}],"replies":[{"embeddable":true,"href":"https:\/\/webstore4.com\/de\/wp-json\/wp\/v2\/comments?post=8196"}],"wp:featuredmedia":[{"embeddable":true,"href":"https:\/\/webstore4.com\/de\/wp-json\/wp\/v2\/media\/8197"}],"wp:attachment":[{"href":"https:\/\/webstore4.com\/de\/wp-json\/wp\/v2\/media?parent=8196"}],"wp:term":[{"taxonomy":"pwb-brand","embeddable":true,"href":"https:\/\/webstore4.com\/de\/wp-json\/wp\/v2\/pwb-brand?post=8196"},{"taxonomy":"product_cat","embeddable":true,"href":"https:\/\/webstore4.com\/de\/wp-json\/wp\/v2\/product_cat?post=8196"},{"taxonomy":"product_tag","embeddable":true,"href":"https:\/\/webstore4.com\/de\/wp-json\/wp\/v2\/product_tag?post=8196"}],"curies":[{"name":"wp","href":"https:\/\/api.w.org\/{rel}","templated":true}]}}