{"id":8194,"date":"2018-08-07T00:11:56","date_gmt":"2018-08-06T22:11:56","guid":{"rendered":"https:\/\/webstore4.com\/\/?product=yli-pcb-503-relais-module-voor-voeding-bewaking"},"modified":"2025-02-01T14:47:51","modified_gmt":"2025-02-01T13:47:51","slug":"yli-pcb-503-relais-module-voor-voeding-bewaking","status":"publish","type":"product","link":"https:\/\/webstore4.com\/de\/product\/yli-pcb-503-relais-module-voor-voeding-bewaking\/","title":{"rendered":"YLI PCB-503 Relaismodul zur Stromversorgungs\u00fcberwachung"},"content":{"rendered":"<p>Das YLI PCB-503 ist ein Relaismodul zur \u00dcberwachung der Stromversorgung in einem Zugangskontrollsystem. Mit dem Relais ist es m\u00f6glich, eine Verz\u00f6gerung beim \u00d6ffnen eines Schlosses einzustellen.<\/p>\n<p>Das Modul wird ohne Netzteil geliefert. Ein passendes Netzteil ist unter \u201eOptionen\u201c enthalten. F\u00fcr die Abmessungen und die korrekte Anwendung empfehlen wir Ihnen, das Datenblatt zu konsultieren, das unter der Registerkarte \u201eDokumentation\u201c enthalten ist.<\/p>\n<p><strong>Wichtigste Funktionen<\/strong><\/p>\n<ul>\n<li>Relaismodul<\/li>\n<li>Doppelter Ausgang<\/li>\n<li>8\u201330 VAC oder 11\u201330 VDC Eingang<\/li>\n<\/ul>\n<p><a href=\"https:\/\/webstore4.com\/Copyright\/\" target=\"_blank\" rel=\"noopener\"><span style=\"color: #ff6e03; font-size: 11px;\">\u00a9 Der Text ist urheberrechtlich gesch\u00fctzt<\/span><\/a><\/p>","protected":false},"excerpt":{"rendered":"<p>De YLI PCB-503 is een relais module voor het bewaken van voeding toevoer in een toegangscontrole systeem. Met het relais is het mogelijk om een vertraging bij het openen van een slot in te stellen. De module wordt geleverd zonder voeding. Een geschikte voeding is opgenomen onder &#8216;Opties&#8217;. Wij adviseren de datasheet, die is opgenomen<\/p>\n<div class=\"klb-readmore button\"><a class=\"btn link\" href=\"https:\/\/webstore4.com\/de\/product\/yli-pcb-503-relais-module-voor-voeding-bewaking\/\">Mehr lesen <i class=\"klbth-icon-right-arrow\"><\/i><\/a><\/div>","protected":false},"featured_media":8195,"comment_status":"open","ping_status":"closed","template":"","meta":[],"pwb-brand":[3382],"product_cat":[4191,4197,4193],"product_tag":[],"class_list":{"0":"post-8194","1":"product","2":"type-product","3":"status-publish","4":"has-post-thumbnail","6":"pwb-brand-yli","7":"product_cat-access","8":"product_cat-elektrische-sloten","9":"product_cat-toegangscontrole-access","10":"product_shipping_class-pakket","11":"pa_garantie-3-jaar","12":"pa_merk-yli","13":"pa_omgeving-binnen","14":"pa_product-accessoires","15":"pa_voeding-12vdc","17":"first","18":"instock","19":"taxable","20":"shipping-taxable","21":"purchasable","22":"product-type-simple"},"brands":[{"id":3382,"name":"YLI","slug":"yli"}],"_links":{"self":[{"href":"https:\/\/webstore4.com\/de\/wp-json\/wp\/v2\/product\/8194","targetHints":{"allow":["GET"]}}],"collection":[{"href":"https:\/\/webstore4.com\/de\/wp-json\/wp\/v2\/product"}],"about":[{"href":"https:\/\/webstore4.com\/de\/wp-json\/wp\/v2\/types\/product"}],"replies":[{"embeddable":true,"href":"https:\/\/webstore4.com\/de\/wp-json\/wp\/v2\/comments?post=8194"}],"wp:featuredmedia":[{"embeddable":true,"href":"https:\/\/webstore4.com\/de\/wp-json\/wp\/v2\/media\/8195"}],"wp:attachment":[{"href":"https:\/\/webstore4.com\/de\/wp-json\/wp\/v2\/media?parent=8194"}],"wp:term":[{"taxonomy":"pwb-brand","embeddable":true,"href":"https:\/\/webstore4.com\/de\/wp-json\/wp\/v2\/pwb-brand?post=8194"},{"taxonomy":"product_cat","embeddable":true,"href":"https:\/\/webstore4.com\/de\/wp-json\/wp\/v2\/product_cat?post=8194"},{"taxonomy":"product_tag","embeddable":true,"href":"https:\/\/webstore4.com\/de\/wp-json\/wp\/v2\/product_tag?post=8194"}],"curies":[{"name":"wp","href":"https:\/\/api.w.org\/{rel}","templated":true}]}}