{"id":8174,"date":"2018-08-04T19:40:13","date_gmt":"2018-08-04T17:40:13","guid":{"rendered":"https:\/\/webstore4.com\/\/?product=yli-dlk-402ss-flexibele-rvs-inbouw-kabel-overgang"},"modified":"2024-07-02T10:58:03","modified_gmt":"2024-07-02T09:58:03","slug":"yli-dlk-402ss-flexibele-rvs-inbouw-kabel-overgang","status":"publish","type":"product","link":"https:\/\/webstore4.com\/de\/product\/yli-dlk-402ss-flexibele-rvs-inbouw-kabel-overgang\/","title":{"rendered":"YLI DLK-402SS flexibler integrierter Kabel\u00fcbergang aus Edelstahl"},"content":{"rendered":"<p>Der YLI DLK-402SS ist ein flexibler Kabel\u00fcbergang aus Edelstahl f\u00fcr den Einbau in eine T\u00fcr. F\u00fcr die Abmessungen und die korrekte Anwendung empfehlen wir Ihnen, das Datenblatt zu konsultieren, das unter der Registerkarte \u201eDokumentation\u201c enthalten ist.<\/p>\n<p><img decoding=\"async\" style=\"height: 50%; margin: 10px; width: 50%;\" src=\"https:\/\/webstore4.com\/wp-content\/uploads\/content\/YLI_Door_Loop_Mortise_Mounting.jpg\" alt=\"\"><br \/>\n<strong>Dokumentation<\/strong><\/p>\n<p>\u00dcber die untenstehenden Links k\u00f6nnen Sie die Produktinformationen und Software auf der Website des Herstellers einsehen und bei Bedarf herunterladen.<\/p>\n<p><span style=\"font-size: 14px;\"><a href=\"http:\/\/yli.cn\/d\/file\/en\/product\/Accessory\/Door-Loop\/7d285e5a684ba0ba0b144ee1990fe59f.pdf\" target=\"_blank\" rel=\"noopener\"><span style=\"color: #ff6e03;\"><img decoding=\"async\" style=\"float: left; height: 20px; margin-left: 5px; margin-right: 5px; width: 20px;\" src=\"https:\/\/www.webstore4ipcameras.nl\/image\/data\/multistore\/pdf-icon.png\" alt=\"\">Datasheet YLI DLK-402SS<\/span><\/a><\/span><\/p>\n<p><span style=\"font-size: 14px;\"><a href=\"http:\/\/yli.cn\/en\/product\/Accessory\/Door-Loop\/2017-12-18\/1189.html\" target=\"_blank\" rel=\"noopener\"><span style=\"color: #ff6e03;\"><img decoding=\"async\" style=\"float: left; height: 20px; margin-left: 5px; margin-right: 5px; width: 20px;\" src=\"https:\/\/www.webstore4ipcameras.nl\/image\/data\/multistore\/pdf-icon.png\" alt=\"\">Productpagina YLI DLK-402SS<\/span><\/a><\/span><\/p>","protected":false},"excerpt":{"rendered":"<p>De YLI DLK-402SS is een flexibele roesvrij staal kabel overgang voor inbouw in een deur. Wij adviseren de datasheet, die is opgenomen onder het tabblad &#8220;Documentatie&#8221;, te raadplegen voor de afmetingen en de juiste toepassing. Documentatie Met onderstaande links kunt u de productinformatie en software op de website van de fabrikant bekijken en eventueel downloaden.<\/p>\n<div class=\"klb-readmore button\"><a class=\"btn link\" href=\"https:\/\/webstore4.com\/de\/product\/yli-dlk-402ss-flexibele-rvs-inbouw-kabel-overgang\/\">Mehr lesen <i class=\"klbth-icon-right-arrow\"><\/i><\/a><\/div>","protected":false},"featured_media":8175,"comment_status":"closed","ping_status":"closed","template":"","meta":[],"pwb-brand":[3382],"product_cat":[4191,4197],"product_tag":[],"class_list":{"0":"post-8174","1":"product","2":"type-product","3":"status-publish","4":"has-post-thumbnail","6":"pwb-brand-yli","7":"product_cat-access","8":"product_cat-elektrische-sloten","9":"pa_garantie-3-jaar","10":"pa_materiaal-roestvast-staal","11":"pa_merk-yli","12":"pa_profiel-kabel-overgang","14":"first","15":"instock","16":"taxable","17":"shipping-taxable","18":"purchasable","19":"product-type-simple"},"brands":[{"id":3382,"name":"YLI","slug":"yli"}],"_links":{"self":[{"href":"https:\/\/webstore4.com\/de\/wp-json\/wp\/v2\/product\/8174","targetHints":{"allow":["GET"]}}],"collection":[{"href":"https:\/\/webstore4.com\/de\/wp-json\/wp\/v2\/product"}],"about":[{"href":"https:\/\/webstore4.com\/de\/wp-json\/wp\/v2\/types\/product"}],"replies":[{"embeddable":true,"href":"https:\/\/webstore4.com\/de\/wp-json\/wp\/v2\/comments?post=8174"}],"wp:featuredmedia":[{"embeddable":true,"href":"https:\/\/webstore4.com\/de\/wp-json\/wp\/v2\/media\/8175"}],"wp:attachment":[{"href":"https:\/\/webstore4.com\/de\/wp-json\/wp\/v2\/media?parent=8174"}],"wp:term":[{"taxonomy":"pwb-brand","embeddable":true,"href":"https:\/\/webstore4.com\/de\/wp-json\/wp\/v2\/pwb-brand?post=8174"},{"taxonomy":"product_cat","embeddable":true,"href":"https:\/\/webstore4.com\/de\/wp-json\/wp\/v2\/product_cat?post=8174"},{"taxonomy":"product_tag","embeddable":true,"href":"https:\/\/webstore4.com\/de\/wp-json\/wp\/v2\/product_tag?post=8174"}],"curies":[{"name":"wp","href":"https:\/\/api.w.org\/{rel}","templated":true}]}}