{"id":8146,"date":"2018-07-14T23:44:38","date_gmt":"2018-07-14T21:44:38","guid":{"rendered":"https:\/\/webstore4.com\/\/?product=wl4-air-sr-2-ontvanger-met-2-draadloze-ingangskanalen-voor-actief-infrarood-solar-detector-sets"},"modified":"2024-07-25T12:52:21","modified_gmt":"2024-07-25T11:52:21","slug":"wl4-air-sr-2-ontvanger-met-2-draadloze-ingangskanalen-voor-actief-infrarood-solar-detector-sets","status":"publish","type":"product","link":"https:\/\/webstore4.com\/de\/product\/wl4-air-sr-2-ontvanger-met-2-draadloze-ingangskanalen-voor-actief-infrarood-solar-detector-sets\/","title":{"rendered":"WL4 AIR-SR-2 Empf\u00e4nger mit 2 kabellosen Eingangskan\u00e4len f\u00fcr Aktiv-Infrarot-Solarmelder-Sets"},"content":{"rendered":"<p>De WL4 AIR-SR-2 is een ontvanger met 2 draadloze ingang kanalen (zones) voor actief infrarood solar detector sets WL4 AIR-S60-2, AIR-S120-3 en AIR-S100-4. De WL4 AIR-SR-2 met solar detectoren kan worden gebruikt voor alarmsystemen, toegangscontrole systemen, smart home systemen, een intercom systeem en om bijvoorbeeld te verbinden met de alarm ingang van een IP camera.<\/p>\n<p><strong>M\u00f6glichkeiten<\/strong><\/p>\n<p>De\u00a0WL4 AIR-SR-2\u00a0heeft twee draadloze kanalen\/zones voor input van maximaal 6 detector sets per kanaal\/zone. Configuratie vindt plaats met dip switches. De maximale afstand tot de detector is 1000 meter. De draadloze communicatie met de detectoren vindt plaats met\u00a0433MHz FSK+FHSS\u00a0technologie voor een betrouwbare lange afstand verbinding die is beveiligd tegen signaal interferentie.\u00a0De\u00a0WL4 AIR-SR-2 heeft twee bedrade relais uitgangen.<\/p>\n<p><strong>Installation<\/strong><\/p>\n<p>De\u00a0WL4 AIR-SR-2 moet binnen worden gebruikt en wordt geleverd zonder voeding. Onder het tabblad &#8220;Opties&#8221; hebben wij geschikte voedingen opgenomen.<\/p>\n<p><strong>Wichtigste Funktionen<\/strong><\/p>\n<ul>\n<li>2-Zonen-Empf\u00e4nger f\u00fcr jeweils 6 Melders\u00e4tze<\/li>\n<li>Bis zu 1 Kilometer Reichweite zum Detektor (separat erh\u00e4ltlich)<\/li>\n<li>433-MHz-FSK+FHSS-Technologie mit gro\u00dfer Reichweite, gesch\u00fctzt vor Signalst\u00f6rungen<\/li>\n<li>2 verdrahtete Relaisausg\u00e4nge NC (normalerweise geschlossen)<\/li>\n<li>Externe 12-VDC-Stromversorgung erforderlich<\/li>\n<\/ul>\n<p>&nbsp;<\/p>\n<p>&nbsp;<\/p>\n<p><a href=\"https:\/\/www.webstore4ipcameras.nl\/Copyright\" target=\"_blank\" rel=\"noopener\"><span style=\"color: #ff6e03; font-size: 11px;\">\u00a9 Der Text ist urheberrechtlich gesch\u00fctzt<\/span><\/a><\/p>","protected":false},"excerpt":{"rendered":"<p>De WL4 AIR-SR-2 is een ontvanger met 2 draadloze ingang kanalen (zones) voor actief infrarood solar detector sets WL4 AIR-S60-2, AIR-S120-3 en AIR-S100-4. De WL4 AIR-SR-2 met solar detectoren kan worden gebruikt voor alarmsystemen, toegangscontrole systemen, smart home systemen, een intercom systeem en om bijvoorbeeld te verbinden met de alarm ingang van een IP camera.<\/p>\n<div class=\"klb-readmore button\"><a class=\"btn link\" href=\"https:\/\/webstore4.com\/de\/product\/wl4-air-sr-2-ontvanger-met-2-draadloze-ingangskanalen-voor-actief-infrarood-solar-detector-sets\/\">Mehr lesen <i class=\"klbth-icon-right-arrow\"><\/i><\/a><\/div>","protected":false},"featured_media":8147,"comment_status":"closed","ping_status":"closed","template":"","meta":[],"pwb-brand":[3380],"product_cat":[3466,4216],"product_tag":[],"class_list":{"0":"post-8146","1":"product","2":"type-product","3":"status-publish","4":"has-post-thumbnail","6":"pwb-brand-wl4","7":"product_cat-alarm","8":"product_cat-bewegingssensor","9":"pa_bereik-in-meters-4459","10":"pa_merk-wl4","11":"pa_omgeving-binnen","13":"first","14":"instock","15":"taxable","16":"shipping-taxable","17":"purchasable","18":"product-type-simple"},"brands":[{"id":3380,"name":"WL4","slug":"wl4"}],"_links":{"self":[{"href":"https:\/\/webstore4.com\/de\/wp-json\/wp\/v2\/product\/8146","targetHints":{"allow":["GET"]}}],"collection":[{"href":"https:\/\/webstore4.com\/de\/wp-json\/wp\/v2\/product"}],"about":[{"href":"https:\/\/webstore4.com\/de\/wp-json\/wp\/v2\/types\/product"}],"replies":[{"embeddable":true,"href":"https:\/\/webstore4.com\/de\/wp-json\/wp\/v2\/comments?post=8146"}],"wp:featuredmedia":[{"embeddable":true,"href":"https:\/\/webstore4.com\/de\/wp-json\/wp\/v2\/media\/8147"}],"wp:attachment":[{"href":"https:\/\/webstore4.com\/de\/wp-json\/wp\/v2\/media?parent=8146"}],"wp:term":[{"taxonomy":"pwb-brand","embeddable":true,"href":"https:\/\/webstore4.com\/de\/wp-json\/wp\/v2\/pwb-brand?post=8146"},{"taxonomy":"product_cat","embeddable":true,"href":"https:\/\/webstore4.com\/de\/wp-json\/wp\/v2\/product_cat?post=8146"},{"taxonomy":"product_tag","embeddable":true,"href":"https:\/\/webstore4.com\/de\/wp-json\/wp\/v2\/product_tag?post=8146"}],"curies":[{"name":"wp","href":"https:\/\/api.w.org\/{rel}","templated":true}]}}