{"id":8144,"date":"2018-07-14T23:20:05","date_gmt":"2018-07-14T21:20:05","guid":{"rendered":"https:\/\/webstore4.com\/\/?product=wl4-air-s100-4-draadvrije-solar-4-beam-actieve-infrarood-universele-detector-set-tot-100m-voor-buiten"},"modified":"2024-04-19T15:05:32","modified_gmt":"2024-04-19T14:05:32","slug":"wl4-air-s100-4-draadvrije-solar-4-beam-actieve-infrarood-universele-detector-set-tot-100m-voor-buiten","status":"publish","type":"product","link":"https:\/\/webstore4.com\/de\/product\/wl4-air-s100-4-draadvrije-solar-4-beam-actieve-infrarood-universele-detector-set-tot-100m-voor-buiten\/","title":{"rendered":"WL4 AIR-S100-4 kabelloser 4-Strahl-Solar-Aktiv-Infrarot-Universalmelder mit einer Reichweite von bis zu 100 m f\u00fcr den Au\u00dfenbereich"},"content":{"rendered":"<p>Der WL4 AIR-S100-4 ist ein kabelloser, universeller, solarbetriebener Aktiv-Infrarot-Detektor (AIR) f\u00fcr den Au\u00dfenbereich mit 4 Strahlen und einer maximalen Erkennungsentfernung von 100 m. Das Set besteht aus einem Sender und einem Empf\u00e4nger, die kabellos miteinander und mit einem separat erh\u00e4ltlichen Empf\u00e4nger verbunden werden. Der WL4 AIR-S100-4 kann als Melder f\u00fcr Alarmanlagen, Zutrittskontrollsysteme, Smart-Home-Systeme, eine Gegensprechanlage und beispielsweise zum Anschluss an den Alarmeingang einer IP-Kamera verwendet werden.<\/p>\n<p><strong>M\u00f6glichkeiten<\/strong><\/p>\n<p>Der WL4 AIR-S100-4 verf\u00fcgt \u00fcber 4 aktive Infrarotstrahlen. Die Ausrichtung erfolgt mit der eingebauten Wasserwaage und mit einem eingebauten LCD-Display. Das Melderset hat eine Reichweite von bis zu 100 Metern und muss im Freien verwendet werden. Zwischen den Detektoren ist eine freie Sichtverbindung erforderlich. Die Erkennung erfolgt, wenn mehrere IR-Strahlen unterbrochen sind. Das Detektorset muss drahtlos mit einem Empf\u00e4nger AIR-SR-2, AIR-SR-4 oder AIR-SR-8 verbunden werden. Ein Empf\u00e4nger ist nicht im Lieferumfang enthalten und kann separat bestellt werden. Die maximale Entfernung zum Empf\u00e4nger betr\u00e4gt 1000 Meter. Die drahtlose Kommunikation mit dem Empf\u00e4nger erfolgt mit 433 MHz FSK+FHSS-Technologie f\u00fcr eine zuverl\u00e4ssige Fernverbindung, die vor Signalst\u00f6rungen gesch\u00fctzt ist. Der Detektor eignet sich f\u00fcr Situationen, in denen bis zu 50 Erkennungen pro 24 Stunden erfolgen k\u00f6nnen.<span style=\"color: #ffffff;\">Copyright WebStore4 IP-KAMERAS<\/span><\/p>\n<p>Der WL4 AIR-S100-4 verf\u00fcgt \u00fcber einen eingebauten 3,3V\/500mAh LiFePO4-Akku, der bei 1800Lux UV-Licht ausreichend aufgeladen wird. Dadurch ist der Melder auch an bew\u00f6lkten Tagen ausreichend aufgeladen und kann sogar mehrere Tage ohne Licht arbeiten. Der Detektor kann auch \u00fcber l\u00e4ngere Zeitr\u00e4ume mit extrem geringer Lichtintensit\u00e4t mit Strom versorgt werden.<\/p>\n<p>Der Melder verf\u00fcgt \u00fcber eine Infrarot-Impulstechnologie, um Fehlalarme beispielsweise durch Nebel oder starken Regen zu minimieren. Der Melder ist zudem durch die Modulationstechnik vor Fehlalarmen durch direkte Sonneneinstrahlung auf die Infrarotlinsen gesch\u00fctzt. Dar\u00fcber hinaus ist der Melder mit einer Technologie ausgestattet, die Fehlalarme durch lockere Montage oder falsche Kalibrierung verhindert. Der Melder ist komplett geschlossen und wetterfest (IP65). Der Betriebstemperaturbereich liegt zwischen -30\u2103 und 70\u2103.<\/p>\n<p><strong>Installation<\/strong><\/p>\n<p>Der WL4 AIR-S100-4 kann an einer Wand oder einem Mast montiert werden. Pfostenhalterungen und Montagematerial sind im Lieferumfang enthalten.<\/p>\n<p><strong>Wichtigste Funktionen<\/strong><\/p>\n<ul>\n<li>4-Strahl-Aktiv-Infrarot mit bis zu 100 Metern Reichweite f\u00fcr den Au\u00dfenbereich<\/li>\n<li>Bis zu 1 Kilometer Reichweite zum Empf\u00e4nger (separat erh\u00e4ltlich)<\/li>\n<li>433-MHz-FSK+FHSS-Technologie mit gro\u00dfer Reichweite, gesch\u00fctzt vor Signalst\u00f6rungen<\/li>\n<li>Technologie zur Minimierung von Fehlalarmen<\/li>\n<li>Selbst\u00fcberwachende Benachrichtigungen<\/li>\n<li>940 nm Infrarot (ohne rotes Leuchten der LED)<\/li>\n<li>Wetterbest\u00e4ndigkeit IP65<\/li>\n<li>Betriebstemperatur -30\u2103 ~ 70\u2103<\/li>\n<li>Eingebaute Batterie<\/li>\n<li>Externe 5-12VDC-Stromversorgung m\u00f6glich<\/li>\n<\/ul>\n<p>&nbsp;<\/p>\n<p>&nbsp;<\/p>\n<p><a href=\"https:\/\/www.webstore4ipcameras.nl\/Copyright\" target=\"_blank\" rel=\"noopener\"><span style=\"color: #ff6e03; font-size: 11px;\">\u00a9 Der Text ist urheberrechtlich gesch\u00fctzt<\/span><\/a><br \/>\n<strong>Dokumentation<\/strong><\/p>\n<p><span style=\"font-size: 14px;\"><a href=\"https:\/\/www.webstore4ipcameras.nl\/documentation\/Manual-AIR-S100-4-AIR-S120-3.pdf\" target=\"_blank\" rel=\"noopener\"><span style=\"color: #ff6e03;\"><img decoding=\"async\" style=\"float: left; height: 20px; margin-left: 5px; margin-right: 5px; width: 20px;\" src=\"https:\/\/www.webstore4ipcameras.nl\/image\/data\/multistore\/pdf-icon.png\" alt=\"\">Handbuch WL4 AIR-S100-4<\/span><\/a><\/span><\/p>","protected":false},"excerpt":{"rendered":"<p>De WL4 AIR-S100-4 is een draadvrije\u00a0actieve infrarood (AIR) universele detector set op zonne-energie voor buiten met 4 beams en met een maximale detectie afstand van 100m. De set bestaat uit een zender en ontvanger die zonder draden met elkaar en met een afzonderlijk verkrijgbare ontvanger worden verbonden. De\u00a0WL4 AIR-S100-4 kan worden gebruikt als detector voor<\/p>\n<div class=\"klb-readmore button\"><a class=\"btn link\" href=\"https:\/\/webstore4.com\/de\/product\/wl4-air-s100-4-draadvrije-solar-4-beam-actieve-infrarood-universele-detector-set-tot-100m-voor-buiten\/\">Mehr lesen <i class=\"klbth-icon-right-arrow\"><\/i><\/a><\/div>","protected":false},"featured_media":8145,"comment_status":"closed","ping_status":"closed","template":"","meta":[],"pwb-brand":[3380],"product_cat":[3466,4216],"product_tag":[],"class_list":{"0":"post-8144","1":"product","2":"type-product","3":"status-publish","4":"has-post-thumbnail","6":"pwb-brand-wl4","7":"product_cat-alarm","8":"product_cat-bewegingssensor","9":"product_shipping_class-pakket","10":"pa_bereik-in-meters-3697","11":"pa_merk-wl4","12":"pa_omgeving-buiten","14":"first","15":"instock","16":"featured","17":"taxable","18":"shipping-taxable","19":"purchasable","20":"product-type-simple"},"brands":[{"id":3380,"name":"WL4","slug":"wl4"}],"_links":{"self":[{"href":"https:\/\/webstore4.com\/de\/wp-json\/wp\/v2\/product\/8144","targetHints":{"allow":["GET"]}}],"collection":[{"href":"https:\/\/webstore4.com\/de\/wp-json\/wp\/v2\/product"}],"about":[{"href":"https:\/\/webstore4.com\/de\/wp-json\/wp\/v2\/types\/product"}],"replies":[{"embeddable":true,"href":"https:\/\/webstore4.com\/de\/wp-json\/wp\/v2\/comments?post=8144"}],"wp:featuredmedia":[{"embeddable":true,"href":"https:\/\/webstore4.com\/de\/wp-json\/wp\/v2\/media\/8145"}],"wp:attachment":[{"href":"https:\/\/webstore4.com\/de\/wp-json\/wp\/v2\/media?parent=8144"}],"wp:term":[{"taxonomy":"pwb-brand","embeddable":true,"href":"https:\/\/webstore4.com\/de\/wp-json\/wp\/v2\/pwb-brand?post=8144"},{"taxonomy":"product_cat","embeddable":true,"href":"https:\/\/webstore4.com\/de\/wp-json\/wp\/v2\/product_cat?post=8144"},{"taxonomy":"product_tag","embeddable":true,"href":"https:\/\/webstore4.com\/de\/wp-json\/wp\/v2\/product_tag?post=8144"}],"curies":[{"name":"wp","href":"https:\/\/api.w.org\/{rel}","templated":true}]}}