{"id":8140,"date":"2018-07-12T13:53:50","date_gmt":"2018-07-12T11:53:50","guid":{"rendered":"https:\/\/webstore4.com\/\/?product=hikvision-hwp-n4225ih-deb-hiwatch-full-hd-2mp-buiten-ptz-met-25x-optische-zoom-100m-ir-nachtzicht-microsd-120db-wdr-en-poe"},"modified":"2024-04-19T15:05:31","modified_gmt":"2024-04-19T14:05:31","slug":"hikvision-ds-2de4225iw-det5-2mp-ptz-camera","status":"publish","type":"product","link":"https:\/\/webstore4.com\/de\/product\/hikvision-ds-2de4225iw-det5-2mp-ptz-camera\/","title":{"rendered":"Hikvision DS-2DE4225IW-DE(T5) Full HD 2MP PTZ-Au\u00dfenkamera der Pro-Serie mit 25-fachem optischen Zoom, 16-fachem Digitalzoom, 100 m IR-Nachtsicht, microSD, 120 dB WDR und PoE"},"content":{"rendered":"<p>Der Hikvision DS-2DE4225IW-DE(T5) ist ein Full HD 2MP PTZ mit 25-fachem optischen Zoom, 16-fachem Digitalzoom, 100 m IR-Nachtsicht, PoE-Stromversorgung und der M\u00f6glichkeit zur Aufzeichnung auf einer microSD (nicht im Lieferumfang enthalten). Die Kamera verf\u00fcgt \u00fcber 120 dB WDR und ist f\u00fcr den Au\u00dfenbereich geeignet. Die Kamera kann geneigt, gedreht und gezoomt werden (Schwenken\/Neigen\/Zoomen).<\/p>\n<p><strong>M\u00f6glichkeiten<\/strong><\/p>\n<p>Der Hikvision DS-2DE4225IW-DE(T5) zeigt Bilder in einer Full-HD-Aufl\u00f6sung von 1920\u00d71080 an. Die Kamera verf\u00fcgt \u00fcber einen eingebauten automatischen IR-Sperrfilter und verf\u00fcgt \u00fcber die Darkfighter-IR-Technologie, was sie zu einer echten Tag-\/Nachtkamera macht. Bei Dunkelheit kann die Kamera die integrierte IR-Beleuchtung einschalten, die auch bei v\u00f6lliger Dunkelheit (0 Lux) f\u00fcr ein gestochen scharfes Bild sorgt. Die IR-Beleuchtung hat eine Reichweite von 100 Metern. Die Kamera verf\u00fcgt \u00fcber einen 120 dB Wide Dynamic Range (WDR), wodurch die Kamera auch mit komplexen Lichtverh\u00e4ltnissen, beispielsweise durch Gegenlicht der Sonne oder Autoscheinwerfer, sehr gut zurechtkommt.<\/p>\n<p>Das motorisierte 4,8- bis 120-mm-Varioobjektiv erm\u00f6glicht das Vergr\u00f6\u00dfern und Verkleinern der Kamera mit einem horizontalen Bildwinkel zwischen 57,6 und 2,5 Grad. Die Kamera verf\u00fcgt \u00fcber einen 25-fachen optischen Zoom und einen 16-fachen Digitalzoom. Die Kamera kann endlos um 360 Grad gedreht und mit einer Auto-Flip-Funktion zwischen -15 und 90 Grad geneigt werden. Die Rotations- und Neigungsgeschwindigkeit betr\u00e4gt 80 Grad pro Sekunde. Die Kamera verf\u00fcgt \u00fcber Voreinstellungs-, Auto-Pattern-, Auto-Patrol- und Auto-Pan-Funktionen.<\/p>\n<p>Der Hikvision DS-2DE4225IW-DE(T5) verf\u00fcgt \u00fcber ein intelligentes Videosystem (IVS), das intelligente Erkennung wie Tripwire, Erkennung unbeaufsichtigten Gep\u00e4cks, Erkennung von Objektentfernung und Einbrucherkennung erm\u00f6glicht. Bilder k\u00f6nnen unter anderem auf einem Netzwerk-Videorecorder (NVR) gespeichert werden. Die Kamera verf\u00fcgt au\u00dferdem \u00fcber die M\u00f6glichkeit, in der Kamera auf einer microSD-Speicherkarte mit bis zu maximal 256 GB aufzuzeichnen.<\/p>\n<p>Hikvision bietet eine kostenlose mobile App f\u00fcr Apple iOS und Android. Die Kamera verf\u00fcgt \u00fcber einen internen Webserver, der \u00fcber einen Webbrowser angezeigt und verwaltet werden kann. Die kostenlose Video Management Software (VMS) kann von der Hikvision HiWatch-Website heruntergeladen werden. Unter der Registerkarte \u201eDokumentation\u201c finden Sie einen Link zur Produktseite des Herstellers.<\/p>\n<p>Die Hikvision DS-2DE4225IW-DE(T5) verf\u00fcgt \u00fcber die Schutzart IP66, wodurch sich die Kamera ideal f\u00fcr den Au\u00dfenbereich eignet. Das Geh\u00e4use der Kamera besteht aus Metall. Zur einfacheren Installation kann die Kamera \u00fcber das Netzwerkkabel mit Power over Ethernet (Standard 802.3at POE+) mit Strom versorgt werden. PoE kann \u00fcber einen PoE-NVR, einen PoE-Switch oder mit einem PoE-Injektor bezogen werden. Die Kamera kann auch mit einem 12-V-Gleichstrom-Netzteil mit Netzkabel betrieben werden. Die Kamera wird ohne Montagehalterung geliefert. Passende Hikvision-Montagehalterungen sind unter der Registerkarte \u201eOptionen\u201c erh\u00e4ltlich.<\/p>\n<p><strong>Wichtigste Funktionen<\/strong><\/p>\n<ul>\n<li>2-Megapixel-Full-HD-PTZ-Kamera mit 25-fachem optischen Zoom und 16-fachem Digitalzoom<\/li>\n<li>Tag-\/Nachtkamera mit automatischem mechanischem IR-Sperrfilter<\/li>\n<li>Intelligente IR-Nachtsichtbeleuchtung bis zu 100 Meter<\/li>\n<li>Aufnahme in der Kamera auf SD-Karte<\/li>\n<li>120 dB breiter Dynamikbereich (WDR)<\/li>\n<li>Zonen-optionale Gegenlichtkompensation (BLC)<\/li>\n<li>3D-Digital-Rauschunterdr\u00fcckung (3D-DNR)<\/li>\n<li>Bewegungserkennung, Manipulationsalarm, Privatzonenmaske, Intelligentes Videosystem (IVS)<\/li>\n<li>300 Voreinstellungen, Musterscan, Patrouillenscan, automatischer Scan, Neigungsscan, Zufallsscan, Rahmenscan, Panoramascan<\/li>\n<li>ONVIF-Protokoll<\/li>\n<li>H.265+-Codec<\/li>\n<li>Stromversorgung \u00fcber mitgelieferten 12-VDC-Adapter oder \u00fcber PoE Plus (802.3at)<\/li>\n<li>Wetterfest IP66<\/li>\n<li>Betriebstemperaturbereich -30 \u00b0C bis +65 \u00b0C<\/li>\n<\/ul>\n<p><a href=\"https:\/\/webstore4.com\/Copyright\/\" target=\"_blank\" rel=\"noopener\"><span style=\"color: #ff6e03; font-size: 11px;\">\u00a9 Der Text ist urheberrechtlich gesch\u00fctzt<\/span><\/a><\/p>","protected":false},"excerpt":{"rendered":"<p>De Hikvision DS-2DE4225IW-DE(T5)\u00a0 is een Full HD 2MP PTZ met 25x optische zoom, 16x digitale zoom, 100m IR nachtzicht, PoE voeding en heeft de mogelijkheid om op een microSD (niet meegeleverd) op te nemen. De camera beschikt over 120dB WDR en is geschikt voor buiten. De camera kan kantelen, draaien en zoomen (Pan\/Tilt\/Zoom). Mogelijkheden De<\/p>\n<div class=\"klb-readmore button\"><a class=\"btn link\" href=\"https:\/\/webstore4.com\/de\/product\/hikvision-ds-2de4225iw-det5-2mp-ptz-camera\/\">Mehr lesen <i class=\"klbth-icon-right-arrow\"><\/i><\/a><\/div>","protected":false},"featured_media":15773,"comment_status":"open","ping_status":"closed","template":"","meta":[],"pwb-brand":[3367],"product_cat":[3435,4184,4185],"product_tag":[],"class_list":{"0":"post-8140","1":"product","2":"type-product","3":"status-publish","4":"has-post-thumbnail","6":"pwb-brand-hikvision","7":"product_cat-ip-cameras","8":"product_cat-cameras","9":"product_cat-180-360-ptz-cameras","10":"product_shipping_class-pakket","11":"pa_alarm-ingang-uitgang-nee","12":"pa_audio-nee","13":"pa_beeldhoek-graden-horizontaal-57-6-2-5","14":"pa_beeldsensor-1-2-8-cmos","15":"pa_dag-nacht-ir-cut-filter-ja","16":"pa_geheugenkaart-type-micro-sdsdhcsdxc-256gb","17":"pa_ingebouwd-type-nachtzicht-infrared-ir-led","18":"pa_lens-mm-4-8-120","19":"pa_materiaal-metaal","20":"pa_megapixel-2mp","21":"pa_merk-hikvision","22":"pa_minimale-verlichting-0-005-lux-0-lux-met-ir","23":"pa_mobiele-app-fabrikant-ja","24":"pa_nachtzicht-ja","25":"pa_omgeving-binnen-en-buiten","26":"pa_opnemen-op-sd-kaart-ja","27":"pa_poe-802-3at","28":"pa_product-status-a","29":"pa_resolutie-max-pixels-full-hd-1920x1080","30":"pa_vandaalbestendig-nee","31":"pa_verstelbare-assen-3631","32":"pa_voeding-12vdc","33":"pa_voeding-poe","34":"pa_wdr-ja","36":"first","37":"onbackorder","38":"taxable","39":"shipping-taxable","40":"purchasable","41":"product-type-simple"},"brands":[{"id":3367,"name":"Hikvision","slug":"hikvision"}],"_links":{"self":[{"href":"https:\/\/webstore4.com\/de\/wp-json\/wp\/v2\/product\/8140","targetHints":{"allow":["GET"]}}],"collection":[{"href":"https:\/\/webstore4.com\/de\/wp-json\/wp\/v2\/product"}],"about":[{"href":"https:\/\/webstore4.com\/de\/wp-json\/wp\/v2\/types\/product"}],"replies":[{"embeddable":true,"href":"https:\/\/webstore4.com\/de\/wp-json\/wp\/v2\/comments?post=8140"}],"wp:featuredmedia":[{"embeddable":true,"href":"https:\/\/webstore4.com\/de\/wp-json\/wp\/v2\/media\/15773"}],"wp:attachment":[{"href":"https:\/\/webstore4.com\/de\/wp-json\/wp\/v2\/media?parent=8140"}],"wp:term":[{"taxonomy":"pwb-brand","embeddable":true,"href":"https:\/\/webstore4.com\/de\/wp-json\/wp\/v2\/pwb-brand?post=8140"},{"taxonomy":"product_cat","embeddable":true,"href":"https:\/\/webstore4.com\/de\/wp-json\/wp\/v2\/product_cat?post=8140"},{"taxonomy":"product_tag","embeddable":true,"href":"https:\/\/webstore4.com\/de\/wp-json\/wp\/v2\/product_tag?post=8140"}],"curies":[{"name":"wp","href":"https:\/\/api.w.org\/{rel}","templated":true}]}}