{"id":8126,"date":"2018-06-27T18:27:05","date_gmt":"2018-06-27T16:27:05","guid":{"rendered":"https:\/\/webstore4.com\/\/?product=safire-sf-ipcv786vw-2-full-hd-2mp-buiten-bullet-met-ir-nachtzicht-handmatige-varifocale-lens-microsd-120db-wdr-poe-en-bnc"},"modified":"2024-06-20T08:44:49","modified_gmt":"2024-06-20T07:44:49","slug":"safire-sf-ipcv786vw-2-2mp-bullet-camera","status":"publish","type":"product","link":"https:\/\/webstore4.com\/de\/product\/safire-sf-ipcv786vw-2-2mp-bullet-camera\/","title":{"rendered":"Safire SF-IPCV786VW-2 Full HD 2MP Outdoor-Bullet-Kamera mit IR-Nachtsicht, manuellem Varioobjektiv, microSD, 120 dB WDR, PoE und BNC"},"content":{"rendered":"<p>De Safire SF-IPCV786VW-2 is een Full HD 2MP bullet met IR nachtzicht, handmatige varifocale lens, microSD kaart opname mogelijkheid, 120dB WDR, PoE en BNC uitgang voor binnen of buiten. Slechts \u00e9\u00e9n stuks beschikbaar.<\/p>\n<p><strong>M\u00f6glichkeiten<\/strong><\/p>\n<p>Der Safire SF-IPCV786VW-2 zeigt Bilder in einer Full-HD-Aufl\u00f6sung von 1920 x 1080 an. Die Kamera verf\u00fcgt \u00fcber einen eingebauten automatischen IR-Sperrfilter, was sie zu einer echten Tag-\/Nachtkamera macht. Bei Dunkelheit kann die Kamera die integrierte IR-Beleuchtung einschalten, die auch bei v\u00f6lliger Dunkelheit (0 Lux) f\u00fcr ein gestochen scharfes Bild sorgt. Die IR-Beleuchtung hat eine Reichweite von 30 Metern. Die Kamera verf\u00fcgt \u00fcber einen 120 dB Wide Dynamic Range (WDR), wodurch die Kamera auch mit komplexen Lichtverh\u00e4ltnissen, beispielsweise durch Gegenlicht der Sonne oder Autoscheinwerfer, sehr gut zurechtkommt.<\/p>\n<p>Das manuell einstellbare 2,8- bis 12-mm-Varifokalobjektiv erm\u00f6glicht es, die Kamera aus der Ferne auf ein entferntes Bild oder ein nahegelegenes Bild zu fokussieren. Durch dieses Vergr\u00f6\u00dfern und Verkleinern variiert der horizontale Blickwinkel zwischen 98 und 34 Grad. Da die Objektiveinstellung manuell erfolgt, kann die Zoomfunktion nicht per App oder PC ferngesteuert werden.<\/p>\n<p>De Safire SF-IPCV786VW-2\u00a0beschikt over onder andere bewegingsdetectie en privacy masking. Beelden kunnen onder meer worden opgeslagen op een Netwerk Video Recorder (NVR). De camera beschikt ook over de mogelijkheid om in de camera op te nemen op een microSD geheugenkaart tot maximaal 128Gb.<\/p>\n<p>Safire bietet eine kostenlose mobile App f\u00fcr Apple iOS und Android. Die Kamera verf\u00fcgt \u00fcber einen internen Webserver, der \u00fcber einen Webbrowser angezeigt und verwaltet werden kann. Die kostenlose Video Management Software (VMS) Safire Control Center f\u00fcr einen PC kann von der Safire-Website heruntergeladen werden. Unter dem Reiter \u201eDokumentation\u201c ist ein Link zur Produktseite des Herstellers eingebunden.<\/p>\n<p>De Safire SF-IPCV786VW-2\u00a0heeft een IP67 rating waardoor de camera uitermate geschikt is voor gebruik buiten. De behuizing van de camera is van metaal.\u00a0Voor installatiegemak kan de camera via de netwerkkabel worden gevoed met Power over Ethernet (standaard 802.3af POE). PoE kan worden verkregen door een PoE NVR, een PoE switch of met een PoE injector. De camera kan ook worden gevoed met een optionele 12VDC voeding adapter. Onder het tabblad &#8220;Opties&#8221; kan worden aangegeven of een adapter moet worden meegeleverd. Onder het tabblad &#8220;Opties&#8221; staan geschikte Hikvision montagebeugels.<\/p>\n<p><strong>Wichtigste Funktionen<\/strong><\/p>\n<ul>\n<li>2-Megapixel-Full-HD-Kamera mit motorisiertem Varioobjektiv f\u00fcr gestochen scharfe Bilder<\/li>\n<li>Tag-\/Nachtkamera mit automatischem mechanischem IR-Sperrfilter<\/li>\n<li>Intelligente IR-Nachtsichtbeleuchtung bis zu 30 Meter<\/li>\n<li>Aufnahme in der Kamera auf SD-Karte<\/li>\n<li>120 dB breiter Dynamikbereich (WDR)<\/li>\n<li>Zonen-optionale Gegenlichtkompensation (BLC)<\/li>\n<li>3D-Digital-Rauschunterdr\u00fcckung (3D-DNR)<\/li>\n<li>Bewegungserkennung, Manipulationsalarm, Privatzonenmaske<\/li>\n<li>ONVIF-Protokoll<\/li>\n<li>H.264+ en H.264\u00a0codec<\/li>\n<li>Stromversorgung \u00fcber 12VDC-Adapter oder \u00fcber PoE (802.3af)<\/li>\n<li>Wetterfest IP67<\/li>\n<li>BNC-Koaxialausgang<\/li>\n<li>Bitrate 32 Kbit\/s ~ 8 Mbit\/s<\/li>\n<li>Betriebstemperaturbereich -30\u00b0C ~ +60\u00b0C<\/li>\n<\/ul>\n<p><a href=\"https:\/\/webstore4.com\/Copyright\/\" target=\"_blank\" rel=\"noopener\"><span style=\"color: #ff6e03; font-size: 11px;\">\u00a9 Der Text ist urheberrechtlich gesch\u00fctzt<\/span><\/a><\/p>","protected":false},"excerpt":{"rendered":"<p>De Safire SF-IPCV786VW-2 is een Full HD 2MP bullet met IR nachtzicht, handmatige varifocale lens, microSD kaart opname mogelijkheid, 120dB WDR, PoE en BNC uitgang voor binnen of buiten. Slechts \u00e9\u00e9n stuks beschikbaar. Mogelijkheden De Safire SF-IPCV786VW-2\u00a0geeft beelden weer in een Full HD 1920&#215;1080 resolutie. De camera heeft een ingebouwd automatisch IR-cut filter en is<\/p>\n<div class=\"klb-readmore button\"><a class=\"btn link\" href=\"https:\/\/webstore4.com\/de\/product\/safire-sf-ipcv786vw-2-2mp-bullet-camera\/\">Mehr lesen <i class=\"klbth-icon-right-arrow\"><\/i><\/a><\/div>","protected":false},"featured_media":8127,"comment_status":"open","ping_status":"closed","template":"","meta":[],"pwb-brand":[3385],"product_cat":[3435,4184,4219,4198,4211],"product_tag":[],"class_list":{"0":"post-8126","1":"product","2":"type-product","3":"status-publish","4":"has-post-thumbnail","6":"pwb-brand-safire","7":"product_cat-ip-cameras","8":"product_cat-cameras","9":"product_cat-bullet-box-cameras-cameras","10":"product_cat-series","11":"product_cat-safire-pro-series","12":"product_shipping_class-pakket","13":"pa_aanbieding-opop","14":"pa_alarm-ingang-uitgang-nee","15":"pa_audio-nee","16":"pa_beeldhoek-graden-horizontaal-98-34","17":"pa_beeldsensor-1-2-8-cmos","18":"pa_dag-nacht-ir-cut-filter-ja","19":"pa_geheugenkaart-type-micro-sdsdhcsdxc-128gb","20":"pa_ingebouwd-type-nachtzicht-infrared-ir-led","21":"pa_lens-mm-2-8-12","22":"pa_materiaal-metaal","23":"pa_megapixel-2mp","24":"pa_merk-safire","25":"pa_minimale-verlichting-0-01-lux-0-lux-met-ir","26":"pa_mobiele-app-fabrikant-ja","27":"pa_nachtzicht-ja","28":"pa_omgeving-binnen-en-buiten","29":"pa_opnemen-op-sd-kaart-ja","30":"pa_poe-802-3af","31":"pa_resolutie-max-pixels-full-hd-1920x1080","32":"pa_vandaalbestendig-nee","33":"pa_voeding-12vdc","34":"pa_voeding-poe","35":"pa_wdr-ja","37":"first","38":"instock","39":"sale","40":"taxable","41":"shipping-taxable","42":"purchasable","43":"product-type-simple"},"brands":[{"id":3385,"name":"Safire","slug":"safire"}],"_links":{"self":[{"href":"https:\/\/webstore4.com\/de\/wp-json\/wp\/v2\/product\/8126","targetHints":{"allow":["GET"]}}],"collection":[{"href":"https:\/\/webstore4.com\/de\/wp-json\/wp\/v2\/product"}],"about":[{"href":"https:\/\/webstore4.com\/de\/wp-json\/wp\/v2\/types\/product"}],"replies":[{"embeddable":true,"href":"https:\/\/webstore4.com\/de\/wp-json\/wp\/v2\/comments?post=8126"}],"wp:featuredmedia":[{"embeddable":true,"href":"https:\/\/webstore4.com\/de\/wp-json\/wp\/v2\/media\/8127"}],"wp:attachment":[{"href":"https:\/\/webstore4.com\/de\/wp-json\/wp\/v2\/media?parent=8126"}],"wp:term":[{"taxonomy":"pwb-brand","embeddable":true,"href":"https:\/\/webstore4.com\/de\/wp-json\/wp\/v2\/pwb-brand?post=8126"},{"taxonomy":"product_cat","embeddable":true,"href":"https:\/\/webstore4.com\/de\/wp-json\/wp\/v2\/product_cat?post=8126"},{"taxonomy":"product_tag","embeddable":true,"href":"https:\/\/webstore4.com\/de\/wp-json\/wp\/v2\/product_tag?post=8126"}],"curies":[{"name":"wp","href":"https:\/\/api.w.org\/{rel}","templated":true}]}}