{"id":8112,"date":"2018-06-04T13:14:29","date_gmt":"2018-06-04T11:14:29","guid":{"rendered":"https:\/\/webstore4.com\/\/?product=hikvision-ds-1271zj-110-plafondsteun-van-aluminium"},"modified":"2024-04-19T15:05:26","modified_gmt":"2024-04-19T14:05:26","slug":"hikvision-ds-1271zj-110-plafondsteun-van-aluminium","status":"publish","type":"product","link":"https:\/\/webstore4.com\/de\/product\/hikvision-ds-1271zj-110-plafondsteun-van-aluminium\/","title":{"rendered":"Hikvision DS-1271ZJ-110 Deckenhalterung aus Aluminium"},"content":{"rendered":"<p>De Hikvision&nbsp;&nbsp;DS-1271ZJ-110 <span style=\"color:rgb(63, 36, 45); font-family:helvetica; font-size:14px\">steun van aluminium is geschikt voor binnen of buiten plafond montage.<\/span><\/p>\n<p>&nbsp;<\/p>\n<p><strong>Dokumentation<\/strong><\/p>\n<p><span style=\"font-size:14px\">\u00dcber den unten stehenden Link k\u00f6nnen Sie die Produktinformationen, Handb\u00fccher und Software auf der Website des Herstellers einsehen und bei Bedarf herunterladen.<\/span><\/p>\n<p><span style=\"font-size:14px\"><a href=\"https:\/\/www.webstore4ipcameras.nl\/documentation\/Hikvision_DS-1271ZJ-110_Datasheet.pdf\" target=\"_blank\" rel=\"noopener\"><span style=\"color:#FF6E03\"><img decoding=\"async\" alt=\"\" src=\"https:\/\/www.webstore4ipcameras.nl\/image\/data\/multistore\/pdf-icon.png\" style=\"float:left;height:20px;margin-left:5px;margin-right:5px;width:20px\">Datasheet Hikvision DS-1271ZJ-110<\/span><\/a><\/span><\/p>","protected":false},"excerpt":{"rendered":"<p>De Hikvision&nbsp;&nbsp;DS-1271ZJ-110 steun van aluminium is geschikt voor binnen of buiten plafond montage. &nbsp; Documentatie Met onderstaande link kunt u de productinformatie, handleidingen en software op de website van de fabrikant bekijken en eventueel downloaden. Datasheet Hikvision DS-1271ZJ-110<\/p>","protected":false},"featured_media":8113,"comment_status":"open","ping_status":"closed","template":"","meta":[],"pwb-brand":[3367],"product_cat":[4620],"product_tag":[],"class_list":{"0":"post-8112","1":"product","2":"type-product","3":"status-publish","4":"has-post-thumbnail","6":"pwb-brand-hikvision","7":"product_cat-camera-toebehoren","8":"pa_materiaal-aluminium","9":"pa_merk-hikvision","10":"pa_omgeving-binnen-en-buiten","12":"first","13":"onbackorder","14":"taxable","15":"shipping-taxable","16":"purchasable","17":"product-type-simple"},"brands":[{"id":3367,"name":"Hikvision","slug":"hikvision"}],"_links":{"self":[{"href":"https:\/\/webstore4.com\/de\/wp-json\/wp\/v2\/product\/8112","targetHints":{"allow":["GET"]}}],"collection":[{"href":"https:\/\/webstore4.com\/de\/wp-json\/wp\/v2\/product"}],"about":[{"href":"https:\/\/webstore4.com\/de\/wp-json\/wp\/v2\/types\/product"}],"replies":[{"embeddable":true,"href":"https:\/\/webstore4.com\/de\/wp-json\/wp\/v2\/comments?post=8112"}],"wp:featuredmedia":[{"embeddable":true,"href":"https:\/\/webstore4.com\/de\/wp-json\/wp\/v2\/media\/8113"}],"wp:attachment":[{"href":"https:\/\/webstore4.com\/de\/wp-json\/wp\/v2\/media?parent=8112"}],"wp:term":[{"taxonomy":"pwb-brand","embeddable":true,"href":"https:\/\/webstore4.com\/de\/wp-json\/wp\/v2\/pwb-brand?post=8112"},{"taxonomy":"product_cat","embeddable":true,"href":"https:\/\/webstore4.com\/de\/wp-json\/wp\/v2\/product_cat?post=8112"},{"taxonomy":"product_tag","embeddable":true,"href":"https:\/\/webstore4.com\/de\/wp-json\/wp\/v2\/product_tag?post=8112"}],"curies":[{"name":"wp","href":"https:\/\/api.w.org\/{rel}","templated":true}]}}