{"id":8102,"date":"2018-06-03T23:58:07","date_gmt":"2018-06-03T21:58:07","guid":{"rendered":"https:\/\/webstore4.com\/\/?product=hikvision-ds-2cd2143g0-i-4mp-full-hd-dome-buiten-camera-met-2-8mm-lens-ir-nachtzicht-poe-120db-wdr-en-microsd-opname"},"modified":"2024-04-19T15:05:19","modified_gmt":"2024-04-19T14:05:19","slug":"hikvision-ds-2cd2143g2-i-4mp-dome-camera","status":"publish","type":"product","link":"https:\/\/webstore4.com\/de\/product\/hikvision-ds-2cd2143g2-i-4mp-dome-camera\/","title":{"rendered":"Hikvision DS-2CD2143G2-I 4MP Full HD dome buiten camera met 2.8mm lens, IR nachtzicht, PoE, 120dB WDR en microSD opname"},"content":{"rendered":"<p>Die Hikvision DS-2CD2143G2-IS ist eine vandalensichere 4-Megapixel-Full-HD-Domekamera f\u00fcr den Au\u00dfenbereich mit einem 2,8-mm-Festobjektiv. Die Kamera verf\u00fcgt \u00fcber Infrarot-Nachtsicht, PoE-Stromversorgung, 120 dB WDR und die M\u00f6glichkeit, Bilder auf einer microSD-Karte in der Kamera aufzuzeichnen.<\/p>\n<p>Der Hikvision DS-2DE4A425IWG-E ist Teil der Hikvision AcuSense-Serie von Hikvision. Bei den Kameras der AcuSense-Serie handelt es sich um fortschrittliche Kameras, die umfassende Algorithmen und k\u00fcnstliche Intelligenz nutzen, um eine genaue Einbrucherkennung zu erm\u00f6glichen. Die Kameras unterscheiden effektiv zwischen wichtigen Bewegungen, wie z. B. Personen und Fahrzeugen, und unwichtigen Aktivit\u00e4ten, wie z. B. Tieren oder sich bewegenden \u00c4sten. Dadurch werden Fehlalarme minimiert und gezielte Warnungen bereitgestellt, was eine effizientere und effektivere \u00dcberwachung erm\u00f6glicht.<\/p>\n<p><strong>M\u00f6glichkeiten<\/strong><\/p>\n<p>De Hikvision DS-2CD2143G2-I geeft beelden weer in Full HD 2688&#215;1520 resolutie. De camera heeft een ingebouwd automatisch IR-cut filter en is daarmee een echte dag\/nacht camera. In donkere omstandigheden kan de camera de ingebouwde IR verlichting inschakelen waardoor er zelfs in volledige duisternis (0 Lux) een haarscherp beeld is. De IR verlichting heeft een bereik van 30 meter. De camera beschikt over 120dB Wide Dynamic Range (WDR) waardoor de camera zeer goed kan omgaan met complexe lichtomstandigheden als gevolg van bijvoorbeeld tegenlicht van de zon of auto koplampen.<\/p>\n<p>De camera beschikt over een vaste 2.8mm lens met een horizontale beeldhoek van 103 graden. De camera heeft de mogelijkheid om op te nemen op een SD kaart in de camera tot maximaal 512Gb. Beelden kunnen ook worden opgeslagen op een NAS\/NVR.<\/p>\n<p>Hikvision heeft een gratis Nederlandstalige mobiele app beschikbaar. Op de website van Hikvision is gratis Video Management Software (iVMS) voor een computer of Mac te downloaden. De camera heeft een interne webserver die met een webbrowser kan worden bekeken en beheerd. Onder de tab &#8216;Documentatie&#8217; is onder meer een link naar de product pagina van de fabrikant opgenomen. Het verschil tussen de DS-2CD2143G2-I en de DS-2CD2143G2-IS is dat deze versie geen geavanceerde audio functie heeft, waaronder bijvoorbeeld het filteren van achtergrondgeluiden.<\/p>\n<p>Die Hikvision DS-2CD2143G2-IS verf\u00fcgt \u00fcber die Schutzart IP67, wodurch sich die Kamera ideal f\u00fcr den Au\u00dfenbereich eignet. Zur einfacheren Installation kann die Kamera \u00fcber das Netzwerkkabel mit Power over Ethernet (Standard 802.3af POE) mit Strom versorgt werden. PoE kann \u00fcber einen PoE-NVR, einen PoE-Switch oder mit einem PoE-Injektor bezogen werden. Die Kamera kann auch mit einem optionalen 12-V-Netzteil mit Strom versorgt werden. Unter dem Reiter \u201eOptionen\u201c k\u00f6nnen Sie angeben, ob ein Adapter enthalten sein soll. Unter dem Reiter \u201eOptionen\u201c finden Sie auch passende Montagehalterungen. Die Kamera ist \u00fcber 3 Achsen manuell verstellbar. Der Hikvision DS-2CD2143G2-IS ist vandalensicher nach IK10.<\/p>\n<p><strong>Wichtigste Funktionen<\/strong><\/p>\n<ul>\n<li>4-Megapixel-Full-HD-Kamera<\/li>\n<li>Tag-\/Nachtkamera mit automatischem mechanischem IR-Sperrfilter f\u00fcr scharfe Bilder bei allen Lichtverh\u00e4ltnissen<\/li>\n<li>IR-Beleuchtung bis zu 30 m<\/li>\n<li>120 dB breiter Dynamikbereich (WDR)<\/li>\n<li>ONVIF-Protokoll<\/li>\n<li>H.265+, H.265, H.264+, H.264-Komprimierungstechnologie<\/li>\n<li>Nehmen Sie auf einer microSD-Karte mit bis zu 512 GB auf<\/li>\n<li>Erkennung von Linien\u00fcberschreitungen, Einbrucherkennung, Gesichtserkennung<\/li>\n<li>Stromversorgung mit 12VDC oder PoE (802.3af)<\/li>\n<li>Geeignet f\u00fcr den Au\u00dfenbereich (IP67) und IK10<\/li>\n<li>Kostenlose App und Software<\/li>\n<\/ul>\n<p><a href=\"https:\/\/webstore4.com\/Copyright\/\" target=\"_blank\" rel=\"noopener\"><span style=\"color: #ff6e03; font-size: 11px;\">\u00a9 Der Text ist urheberrechtlich gesch\u00fctzt<\/span><\/a><\/p>","protected":false},"excerpt":{"rendered":"<p>De Hikvision DS-2CD2143G2-I is een 4 megapixel Full HD vandaalbestendige dome camera voor buiten met een 2.8mm vaste lens.<\/p>","protected":false},"featured_media":13113,"comment_status":"open","ping_status":"closed","template":"","meta":[],"pwb-brand":[3367],"product_cat":[3435,4184,4200,4198,4606],"product_tag":[],"class_list":{"0":"post-8102","1":"product","2":"type-product","3":"status-publish","4":"has-post-thumbnail","6":"pwb-brand-hikvision","7":"product_cat-ip-cameras","8":"product_cat-cameras","9":"product_cat-dome-eyeball-cameras-cameras","10":"product_cat-series","11":"product_cat-hikvision-acusense","12":"product_shipping_class-pakket","13":"pa_audio-nee","14":"pa_beeldhoek-graden-horizontaal-3916","15":"pa_beeldsensor-1-3-cmos","16":"pa_dag-nacht-ir-cut-filter-ja","17":"pa_draadloos-nee","18":"pa_geheugenkaart-type-micro-sd-sdhc-sdxc-512gb","19":"pa_ingebouwd-type-nachtzicht-infrared-ir-led","20":"pa_lens-mm-2-8","21":"pa_megapixel-4mp","22":"pa_merk-hikvision","23":"pa_minimale-verlichting-0-005-lux-0-lux-met-ir","24":"pa_mobiele-app-fabrikant-ja","25":"pa_nachtzicht-ja","26":"pa_omgeving-binnen-en-buiten","27":"pa_opnemen-op-sd-kaart-ja","28":"pa_poe-802-3af","29":"pa_product-status-a","30":"pa_resolutie-max-pixels-full-hd-2688x1520","31":"pa_vandaalbestendig-ik10","32":"pa_voeding-12vdc","33":"pa_voeding-poe","34":"pa_wdr-ja","36":"first","37":"onbackorder","38":"taxable","39":"shipping-taxable","40":"purchasable","41":"product-type-simple"},"brands":[{"id":3367,"name":"Hikvision","slug":"hikvision"}],"_links":{"self":[{"href":"https:\/\/webstore4.com\/de\/wp-json\/wp\/v2\/product\/8102","targetHints":{"allow":["GET"]}}],"collection":[{"href":"https:\/\/webstore4.com\/de\/wp-json\/wp\/v2\/product"}],"about":[{"href":"https:\/\/webstore4.com\/de\/wp-json\/wp\/v2\/types\/product"}],"replies":[{"embeddable":true,"href":"https:\/\/webstore4.com\/de\/wp-json\/wp\/v2\/comments?post=8102"}],"wp:featuredmedia":[{"embeddable":true,"href":"https:\/\/webstore4.com\/de\/wp-json\/wp\/v2\/media\/13113"}],"wp:attachment":[{"href":"https:\/\/webstore4.com\/de\/wp-json\/wp\/v2\/media?parent=8102"}],"wp:term":[{"taxonomy":"pwb-brand","embeddable":true,"href":"https:\/\/webstore4.com\/de\/wp-json\/wp\/v2\/pwb-brand?post=8102"},{"taxonomy":"product_cat","embeddable":true,"href":"https:\/\/webstore4.com\/de\/wp-json\/wp\/v2\/product_cat?post=8102"},{"taxonomy":"product_tag","embeddable":true,"href":"https:\/\/webstore4.com\/de\/wp-json\/wp\/v2\/product_tag?post=8102"}],"curies":[{"name":"wp","href":"https:\/\/api.w.org\/{rel}","templated":true}]}}