{"id":8067,"date":"2018-05-15T02:16:50","date_gmt":"2018-05-15T00:16:50","guid":{"rendered":"https:\/\/webstore4.com\/\/?product=wl4-srpp-24-1u-rack-patch-panel-met-24-utp-rj45-poorten-cat6"},"modified":"2024-04-19T15:05:08","modified_gmt":"2024-04-19T14:05:08","slug":"wl4-srpp-24-1u-rack-patch-panel-met-24-utp-rj45-poorten-cat6","status":"publish","type":"product","link":"https:\/\/webstore4.com\/de\/product\/wl4-srpp-24-1u-rack-patch-panel-met-24-utp-rj45-poorten-cat6\/","title":{"rendered":"WL4 SRPP-24 1U-Rack-Patchpanel mit 24 UTP-RJ45-Ports CAT6"},"content":{"rendered":"<p>Das WL4 SRPP-24 ist ein 1U-Rack-Patchpanel mit 24 UTP-RJ45-Ports CAT6, das f\u00fcr die Serverschr\u00e4nke SR4U-B, SR6U-B, SRC6U-B, SR9U-B und SR18U-B geeignet ist. Der WL4 SRPP-24 wird inklusive Montagematerial geliefert.<br \/>\nDas Patchpanel verf\u00fcgt \u00fcber zwei IDC: 110 IDC und Krone IDC f\u00fcr den direkten Anschluss von UTP-Netzwerkkabeln.<\/p>\n<p><strong>Wichtigste Funktionen<\/strong><\/p>\n<ul>\n<li>Geeignet unter anderem f\u00fcr SR4U-B, SR6U-B, SRC6U-B, SR9U-B und SR18U-B<\/li>\n<li>24 RJ45-Anschl\u00fcsse<\/li>\n<li>Dualer IDC<\/li>\n<\/ul>\n<p><a href=\"https:\/\/www.webstore4ipcameras.nl\/Copyright\" target=\"_blank\" rel=\"noopener\"><span style=\"color: #ff6e03; font-size: 11px;\">\u00a9 Der Text ist urheberrechtlich gesch\u00fctzt<\/span><\/a><\/p>\n<p>&nbsp;<\/p>","protected":false},"excerpt":{"rendered":"<p>De WL4 SRPP-24 is een 1U rack patch panel met 24 UTP RJ45 poorten CAT6 geschikt voor onder meer\u00a0de SR4U-B, SR6U-B, SRC6U-B,\u00a0SR9U-B en SR18U-B serverkast. De WL4 SRPP-24 wordt geleverd met bevestigingsmateriaal. De patch panel beschikt over dual IDC: 110 IDC en Krone IDC voor directe aansluiting van UTP netwerkbekabeling. Belangrijkste kenmerken Geschikt voor onder<\/p>\n<div class=\"klb-readmore button\"><a class=\"btn link\" href=\"https:\/\/webstore4.com\/de\/product\/wl4-srpp-24-1u-rack-patch-panel-met-24-utp-rj45-poorten-cat6\/\">Mehr lesen <i class=\"klbth-icon-right-arrow\"><\/i><\/a><\/div>","protected":false},"featured_media":8068,"comment_status":"open","ping_status":"closed","template":"","meta":[],"pwb-brand":[3380],"product_cat":[4204,4206,4213],"product_tag":[],"class_list":{"0":"post-8067","1":"product","2":"type-product","3":"status-publish","4":"has-post-thumbnail","6":"pwb-brand-wl4","7":"product_cat-kasten-kluizen","8":"product_cat-recorder-kasten","9":"product_cat-serverkasten-kasten-kluizen","10":"product_shipping_class-pakket","11":"pa_merk-wl4","12":"pa_product-accessoires","14":"first","15":"onbackorder","16":"taxable","17":"shipping-taxable","18":"purchasable","19":"product-type-simple"},"brands":[{"id":3380,"name":"WL4","slug":"wl4"}],"_links":{"self":[{"href":"https:\/\/webstore4.com\/de\/wp-json\/wp\/v2\/product\/8067","targetHints":{"allow":["GET"]}}],"collection":[{"href":"https:\/\/webstore4.com\/de\/wp-json\/wp\/v2\/product"}],"about":[{"href":"https:\/\/webstore4.com\/de\/wp-json\/wp\/v2\/types\/product"}],"replies":[{"embeddable":true,"href":"https:\/\/webstore4.com\/de\/wp-json\/wp\/v2\/comments?post=8067"}],"wp:featuredmedia":[{"embeddable":true,"href":"https:\/\/webstore4.com\/de\/wp-json\/wp\/v2\/media\/8068"}],"wp:attachment":[{"href":"https:\/\/webstore4.com\/de\/wp-json\/wp\/v2\/media?parent=8067"}],"wp:term":[{"taxonomy":"pwb-brand","embeddable":true,"href":"https:\/\/webstore4.com\/de\/wp-json\/wp\/v2\/pwb-brand?post=8067"},{"taxonomy":"product_cat","embeddable":true,"href":"https:\/\/webstore4.com\/de\/wp-json\/wp\/v2\/product_cat?post=8067"},{"taxonomy":"product_tag","embeddable":true,"href":"https:\/\/webstore4.com\/de\/wp-json\/wp\/v2\/product_tag?post=8067"}],"curies":[{"name":"wp","href":"https:\/\/api.w.org\/{rel}","templated":true}]}}