{"id":8047,"date":"2018-05-09T00:19:29","date_gmt":"2018-05-08T22:19:29","guid":{"rendered":"https:\/\/webstore4.com\/\/?product=x-security-xs-nvr2104m-4kh-4-kanaals-8mp-ultrahd-4k-netwerk-video-recorder-met-hdmi-h-265-en-80mbps"},"modified":"2024-06-20T08:03:42","modified_gmt":"2024-06-20T07:03:42","slug":"x-security-xs-nvr2104m-4kh-4-kanaals-8mp-ultrahd-4k-netwerk-video-recorder-met-hdmi-h-265-en-80mbps","status":"publish","type":"product","link":"https:\/\/webstore4.com\/de\/product\/x-security-xs-nvr2104m-4kh-4-kanaals-8mp-ultrahd-4k-netwerk-video-recorder-met-hdmi-h-265-en-80mbps\/","title":{"rendered":"X-Security XS-NVR2104M-4KH 4-Kanal 8MP UltraHD 4K Netzwerk-Videorecorder mit HDMI, H.265 und 80 Mbit\/s"},"content":{"rendered":"<p>Die X-Sicherheit Die X-Sicherheit Von diesem Produkt sind nur noch 2 St\u00fcck auf Lager.<\/p>\n<p>Der X-Security XS-NVR2104M-4KH erfordert die Verwendung der Dahua-Software und mobilen Apps.<\/p>\n<p><strong>M\u00f6glichkeiten<\/strong><\/p>\n<p>\u00dcber das Netzwerk k\u00f6nnen bis zu 4 IP-Kameras mit dem NVR verbunden werden. Ein kurzes Netzwerkkabel zum Anschluss des NVR an das Netzwerk ist im Lieferumfang enthalten. Der X-Security XS-NVR2104M-4KH verf\u00fcgt \u00fcber keine Ausg\u00e4nge und daher auch nicht \u00fcber PoE. Auf den NVR kann \u00fcber einen Webbrowser, die Dahua-Videoverwaltungssoftware und mit der kostenlosen Dahua-App f\u00fcr Smartphone und Tablet zugegriffen werden.<\/p>\n<p>Der NVR unterst\u00fctzt Kameras mit bis zu 8 Megapixeln und H.265-Kodierung f\u00fcr eine effiziente Nutzung von Bandbreite und Speicher. Der NVR verf\u00fcgt au\u00dferdem \u00fcber einen HDMI- und einen VGA-Ausgang zum (gleichzeitigen) Anschluss an einen normalen Fernseher, unter anderem zur Bildanzeige. Au\u00dferdem gibt es einen USB-Anschluss zum Anschluss der mitgelieferten Maus.<\/p>\n<p><strong>Festplatten<\/strong><\/p>\n<p>Der X-Security XS-NVR2104M-4KH unterst\u00fctzt eine 3,5-Zoll-Festplatte mit bis zu 6 Terabyte. Der X-Security XS-NVR2104M-4KH wird ohne Festplatte geliefert. Wir liefern Western Digital Purple-Festplatten, die speziell f\u00fcr \u00dcberwachungszwecke rund um die Uhr entwickelt wurden. Suchen Sie nach Festplatten unter der Registerkarte \u201eOptionen\u201c.<\/p>\n<p><strong>Wichtigste Funktionen<\/strong><\/p>\n<ul>\n<li>Geeignet f\u00fcr bis zu 4 IP-Kameras oder beispielsweise eine IP-Video-T\u00fcrklingel<\/li>\n<li>Maximal 80 Mbit\/s eingehende Bandbreite<\/li>\n<li>Unterst\u00fctzt 4K UltraHD-Aufl\u00f6sung<\/li>\n<li>Funktioniert mit Produkten anderer Marken<\/li>\n<li>Unterst\u00fctzt Easy4IP<\/li>\n<li>Audioeingang\/-ausgang<\/li>\n<li>HDMI\/VGA-Ausgang<\/li>\n<li>Plug<\/li>\n<li>H.265 und H.264<\/li>\n<li>Maximal 6 TB Festplatte<\/li>\n<\/ul>","protected":false},"excerpt":{"rendered":"<p>De X-Security XS-NVR2104M-4KH is een 4 kanaals UltraHD 4K Netwerk Video Recorder (NVR) waar de beelden van 4 IP camera&#8217;s of een IP intercom systeem mee kunnen worden opgenomen en worden beheerd. De X-Security XS-NVR2104M-4KH is voorzien van een HDMI en VGA uitgang, H.265 compressie techniek, 80Mbps inkomende bandbreedte, maximaal 8MP UltraHD 4K resolutie, plaats<\/p>\n<div class=\"klb-readmore button\"><a class=\"btn link\" href=\"https:\/\/webstore4.com\/de\/product\/x-security-xs-nvr2104m-4kh-4-kanaals-8mp-ultrahd-4k-netwerk-video-recorder-met-hdmi-h-265-en-80mbps\/\">Mehr lesen <i class=\"klbth-icon-right-arrow\"><\/i><\/a><\/div>","protected":false},"featured_media":8048,"comment_status":"closed","ping_status":"closed","template":"","meta":[],"pwb-brand":[3395],"product_cat":[4210],"product_tag":[],"class_list":{"0":"post-8047","1":"product","2":"type-product","3":"status-publish","4":"has-post-thumbnail","6":"pwb-brand-x-security","7":"product_cat-recorders-opslagmedia-benodigdheden","8":"pa_aanbieding-opop","9":"pa_harddisk-type-1-x-3-5-inch-max-6tb","10":"pa_maximaal-ip-camera-kanalen-3721","11":"pa_maximum-aantal-harddisks-3722","12":"pa_merk-x-security","13":"pa_omgeving-binnen","14":"pa_poe-nee","15":"pa_rj45-lan-aansluiting-1x-10100","16":"pa_voeding-inclusief-adapter","18":"first","19":"instock","20":"sale","21":"taxable","22":"shipping-taxable","23":"purchasable","24":"product-type-simple"},"brands":[{"id":3395,"name":"X-Security","slug":"x-security"}],"_links":{"self":[{"href":"https:\/\/webstore4.com\/de\/wp-json\/wp\/v2\/product\/8047","targetHints":{"allow":["GET"]}}],"collection":[{"href":"https:\/\/webstore4.com\/de\/wp-json\/wp\/v2\/product"}],"about":[{"href":"https:\/\/webstore4.com\/de\/wp-json\/wp\/v2\/types\/product"}],"replies":[{"embeddable":true,"href":"https:\/\/webstore4.com\/de\/wp-json\/wp\/v2\/comments?post=8047"}],"wp:featuredmedia":[{"embeddable":true,"href":"https:\/\/webstore4.com\/de\/wp-json\/wp\/v2\/media\/8048"}],"wp:attachment":[{"href":"https:\/\/webstore4.com\/de\/wp-json\/wp\/v2\/media?parent=8047"}],"wp:term":[{"taxonomy":"pwb-brand","embeddable":true,"href":"https:\/\/webstore4.com\/de\/wp-json\/wp\/v2\/pwb-brand?post=8047"},{"taxonomy":"product_cat","embeddable":true,"href":"https:\/\/webstore4.com\/de\/wp-json\/wp\/v2\/product_cat?post=8047"},{"taxonomy":"product_tag","embeddable":true,"href":"https:\/\/webstore4.com\/de\/wp-json\/wp\/v2\/product_tag?post=8047"}],"curies":[{"name":"wp","href":"https:\/\/api.w.org\/{rel}","templated":true}]}}