{"id":8045,"date":"2018-05-08T20:05:52","date_gmt":"2018-05-08T18:05:52","guid":{"rendered":"https:\/\/webstore4.com\/\/?product=wl4-lb4u-zware-metalen-4u-lock-box-safe-met-ventilator-en-sleutelslot-voor-nvr-en-dvr-video-recorders"},"modified":"2025-11-11T10:49:15","modified_gmt":"2025-11-11T09:49:15","slug":"wl4-lb4u-zware-metalen-4u-lock-box-safe","status":"publish","type":"product","link":"https:\/\/webstore4.com\/de\/product\/wl4-lb4u-zware-metalen-4u-lock-box-safe\/","title":{"rendered":"WL4 LB4U Schwerer 4U-Schlie\u00dfkastentresor aus Metall mit L\u00fcfter und Schl\u00fcsselschloss f\u00fcr NVR- und DVR-Videorecorder"},"content":{"rendered":"<p>Der WL4 LB4U ist ein robuster Tresor aus Metall mit integriertem L\u00fcfter und Schl\u00fcsselschloss, unter anderem f\u00fcr NVR- und DVR-Videorecorder.<\/p>\n<p><strong>M\u00f6glichkeiten<\/strong><\/p>\n<p>De metalen LB4U lockbox is geschikt voor videorecorders tot 4U hoogte of andere diefstal- of sabotage gevoelige elektronische apparaten. Een ventilator met snoer en stekker is voor gemonteerd. De LB4U is uitgevoerd met een camlock met 2 sleutels. Onder het tabblad &#8216;Gerelateerd&#8217; zijn bijpassende muursteunen opgenomen die afzonderlijk kunnen worden besteld.<\/p>\n<p><strong>Wichtige Funktionen<\/strong><\/p>\n<ul>\n<li>1,5 mm dickes Metall<\/li>\n<li>Camlock-Schloss mit 2 x Schl\u00fcssel<\/li>\n<li>Ventilator mit 12 cm Durchmesser, Kabel und SCHUKO-Stecker<\/li>\n<li>Bel\u00fcftungs\u00f6ffnungen<\/li>\n<li>2 x 3cm ronde kabeldoorvoer achter en\u00a0onder<\/li>\n<li>Befestigungspunkte<\/li>\n<li>Au\u00dfenma\u00dfe 210 (H) x 545 (B) x 540 (T)<\/li>\n<li>Innenma\u00dfe 205 (H) x 533 (B) x 533 (T)<\/li>\n<li>\u00d6ffnungsgr\u00f6\u00dfe 203 (H) x 533 (B) x 533 (T)<\/li>\n<li>Gewicht 10 kg<\/li>\n<\/ul>\n<p><a href=\"https:\/\/www.webstore4ipcameras.nl\/Copyright\" target=\"_blank\" rel=\"noopener\"><span style=\"color: #ff6e03; font-size: 11px;\">\u00a9 Der Text ist urheberrechtlich gesch\u00fctzt<\/span><\/a><\/p>","protected":false},"excerpt":{"rendered":"<p>De WL4 LB4U is een zwaar uitgevoerde metalen lock box kluis met ingebouwde ventilator en een sleutelslot voor onder andere NVR en DVR video recorders. Mogelijkheden De metalen LB4U lockbox is geschikt voor videorecorders tot 4U hoogte of andere diefstal- of sabotage gevoelige elektronische apparaten. Een ventilator met snoer en stekker is voor gemonteerd. De<\/p>\n<div class=\"klb-readmore button\"><a class=\"btn link\" href=\"https:\/\/webstore4.com\/de\/product\/wl4-lb4u-zware-metalen-4u-lock-box-safe\/\">Mehr lesen <i class=\"klbth-icon-right-arrow\"><\/i><\/a><\/div>","protected":false},"featured_media":8046,"comment_status":"open","ping_status":"closed","template":"","meta":[],"pwb-brand":[3380],"product_cat":[4204,4206],"product_tag":[],"class_list":{"0":"post-8045","1":"product","2":"type-product","3":"status-publish","4":"has-post-thumbnail","6":"pwb-brand-wl4","7":"product_cat-kasten-kluizen","8":"product_cat-recorder-kasten","9":"product_shipping_class-pakket","10":"pa_breedte-545-mm","11":"pa_diepte-540-mm","12":"pa_hoogte-210-mm","13":"pa_materiaal-metaal","14":"pa_merk-wl4","15":"pa_omgeving-binnen","16":"pa_product-kluis","18":"first","19":"onbackorder","20":"taxable","21":"shipping-taxable","22":"purchasable","23":"product-type-simple"},"brands":[{"id":3380,"name":"WL4","slug":"wl4"}],"_links":{"self":[{"href":"https:\/\/webstore4.com\/de\/wp-json\/wp\/v2\/product\/8045","targetHints":{"allow":["GET"]}}],"collection":[{"href":"https:\/\/webstore4.com\/de\/wp-json\/wp\/v2\/product"}],"about":[{"href":"https:\/\/webstore4.com\/de\/wp-json\/wp\/v2\/types\/product"}],"replies":[{"embeddable":true,"href":"https:\/\/webstore4.com\/de\/wp-json\/wp\/v2\/comments?post=8045"}],"wp:featuredmedia":[{"embeddable":true,"href":"https:\/\/webstore4.com\/de\/wp-json\/wp\/v2\/media\/8046"}],"wp:attachment":[{"href":"https:\/\/webstore4.com\/de\/wp-json\/wp\/v2\/media?parent=8045"}],"wp:term":[{"taxonomy":"pwb-brand","embeddable":true,"href":"https:\/\/webstore4.com\/de\/wp-json\/wp\/v2\/pwb-brand?post=8045"},{"taxonomy":"product_cat","embeddable":true,"href":"https:\/\/webstore4.com\/de\/wp-json\/wp\/v2\/product_cat?post=8045"},{"taxonomy":"product_tag","embeddable":true,"href":"https:\/\/webstore4.com\/de\/wp-json\/wp\/v2\/product_tag?post=8045"}],"curies":[{"name":"wp","href":"https:\/\/api.w.org\/{rel}","templated":true}]}}