{"id":8043,"date":"2018-05-08T19:57:35","date_gmt":"2018-05-08T17:57:35","guid":{"rendered":"https:\/\/webstore4.com\/\/?product=wl4-br-lb4u-muursteun-set-voor-wl4-lb4u-lockbox"},"modified":"2024-04-19T15:05:04","modified_gmt":"2024-04-19T14:05:04","slug":"wl4-br-lb4u-muursteun-set-voor-wl4-lb4u-lockbox","status":"publish","type":"product","link":"https:\/\/webstore4.com\/de\/product\/wl4-br-lb4u-muursteun-set-voor-wl4-lb4u-lockbox\/","title":{"rendered":"WL4 BR-LB4U Wandhalterungsset f\u00fcr WL4 LB4U Schlie\u00dffach"},"content":{"rendered":"<p>Der WL4 BR-LB4U ist ein Satz Wandhalterungen f\u00fcr den WL4 LB4U Lockbox. Die Wandhalterung ist verstellbar.<\/p>\n<p>&nbsp;<\/p>","protected":false},"excerpt":{"rendered":"<p>Der WL4 BR-LB4U ist ein Satz Wandhalterungen f\u00fcr den WL4 LB4U Lockbox. Die Wandhalterung ist verstellbar. &nbsp;<\/p>","protected":false},"featured_media":8044,"comment_status":"open","ping_status":"closed","template":"","meta":[],"pwb-brand":[3380],"product_cat":[4204,4206],"product_tag":[],"class_list":{"0":"post-8043","1":"product","2":"type-product","3":"status-publish","4":"has-post-thumbnail","6":"pwb-brand-wl4","7":"product_cat-kasten-kluizen","8":"product_cat-recorder-kasten","9":"product_shipping_class-pakket","10":"pa_materiaal-metaal","11":"pa_merk-wl4","12":"pa_product-accessoires","14":"first","15":"instock","16":"taxable","17":"shipping-taxable","18":"purchasable","19":"product-type-simple"},"brands":[{"id":3380,"name":"WL4","slug":"wl4"}],"_links":{"self":[{"href":"https:\/\/webstore4.com\/de\/wp-json\/wp\/v2\/product\/8043","targetHints":{"allow":["GET"]}}],"collection":[{"href":"https:\/\/webstore4.com\/de\/wp-json\/wp\/v2\/product"}],"about":[{"href":"https:\/\/webstore4.com\/de\/wp-json\/wp\/v2\/types\/product"}],"replies":[{"embeddable":true,"href":"https:\/\/webstore4.com\/de\/wp-json\/wp\/v2\/comments?post=8043"}],"wp:featuredmedia":[{"embeddable":true,"href":"https:\/\/webstore4.com\/de\/wp-json\/wp\/v2\/media\/8044"}],"wp:attachment":[{"href":"https:\/\/webstore4.com\/de\/wp-json\/wp\/v2\/media?parent=8043"}],"wp:term":[{"taxonomy":"pwb-brand","embeddable":true,"href":"https:\/\/webstore4.com\/de\/wp-json\/wp\/v2\/pwb-brand?post=8043"},{"taxonomy":"product_cat","embeddable":true,"href":"https:\/\/webstore4.com\/de\/wp-json\/wp\/v2\/product_cat?post=8043"},{"taxonomy":"product_tag","embeddable":true,"href":"https:\/\/webstore4.com\/de\/wp-json\/wp\/v2\/product_tag?post=8043"}],"curies":[{"name":"wp","href":"https:\/\/api.w.org\/{rel}","templated":true}]}}