{"id":7991,"date":"2018-04-17T01:14:29","date_gmt":"2018-04-16T23:14:29","guid":{"rendered":"https:\/\/webstore4.com\/\/?product=zkteco-c3-400-vier-deur-access-controller-tcpip-wiegand-rs485"},"modified":"2026-02-23T14:46:31","modified_gmt":"2026-02-23T13:46:31","slug":"zkteco-c3-400-vier-deur-access-controller-tcpip-wiegand-rs485","status":"publish","type":"product","link":"https:\/\/webstore4.com\/de\/product\/zkteco-c3-400-vier-deur-access-controller-tcpip-wiegand-rs485\/","title":{"rendered":"ZKTeco C3-400 Zutrittscontroller f\u00fcr vier T\u00fcren, TCP\/IP, Wiegand, RS485"},"content":{"rendered":"<p>Der ZKTeco C3-400 ist ein 4-T\u00fcr-Zutrittskontroll-Netzwerkcontroller f\u00fcr bis zu 4 Leseger\u00e4te (PIN\/Karte) vom Typ ZKTeco KR101E und\/oder ZKTeco 102E. F\u00fcr die Verwaltung des Zutrittskontrollsystems steht eine kostenlose PC-Software zur Verf\u00fcgung. Der ZKTeco C3-400 kann mit der kostenlosen ZKTeco Windows-Software verwaltet und mit der ZKTeco-App f\u00fcr Android und Apple iOS gesteuert werden. Die Verwaltung im Webinterface ist auch \u00fcber einen Browser m\u00f6glich.<\/p>\n<p>De ZKTeco C3-400 moet worden gevoed met een, niet inbegrepen, 12VDC\/1,5A voeding. Onder het tabblad &#8216;Opties&#8217; staat een geschikte voeding die kan worden mee besteld. Voor installatiegemak raden wij aan een DC connector (vrouwelijk) met deze voeding mee te bestellen.<\/p>\n<p>Onder het tabblad &#8216;Documentatie&#8217; staat een link naar de website van de fabrikant met veel informatie waaronder de datasheet, software en handleidingen.<\/p>\n<p><strong>Wichtigste Funktionen<\/strong><\/p>\n<ul>\n<li>30.000 Karten und 100.000 Protokolle<\/li>\n<li>Wiegand-26-Protokoll<\/li>\n<li>TCP\/IP und RS485<\/li>\n<li>4 Relais-T\u00fcrverriegelungsausg\u00e4nge<\/li>\n<li>4 Exit-Button-Eing\u00e4nge<\/li>\n<li>4 T\u00fcrsensoreing\u00e4nge<\/li>\n<li>Kostenlose Verwaltungs-PC-Software<\/li>\n<\/ul>\n<p><a href=\"https:\/\/webstore4.com\/Copyright\/\" target=\"_blank\" rel=\"noopener\"><span style=\"color: #ff6e03; font-size: 11px;\">\u00a9 Der Text ist urheberrechtlich gesch\u00fctzt<\/span><\/a><\/p>","protected":false},"excerpt":{"rendered":"<p>De ZKTeco C3-400 is een 4 deur toegangscontrole netwerk controller voor maximaal 4 lezers (PIN\/kaart) type ZKTeco KR101E en\/of ZKTeco 102E. Er is gratis PC software beschikbaar voor beheer van het toegangscontrole systeem.\u00a0De\u00a0ZKTeco C3-400 kan worden beheerd met gratis ZKTeco Windows software en kan worden bediend met de ZKTeco app voor Android en Apple iOS.<\/p>\n<div class=\"klb-readmore button\"><a class=\"btn link\" href=\"https:\/\/webstore4.com\/de\/product\/zkteco-c3-400-vier-deur-access-controller-tcpip-wiegand-rs485\/\">Mehr lesen <i class=\"klbth-icon-right-arrow\"><\/i><\/a><\/div>","protected":false},"featured_media":7992,"comment_status":"open","ping_status":"closed","template":"","meta":[],"pwb-brand":[3394],"product_cat":[4191,4193],"product_tag":[],"class_list":{"0":"post-7991","1":"product","2":"type-product","3":"status-publish","4":"has-post-thumbnail","6":"pwb-brand-zkteco","7":"product_cat-access","8":"product_cat-toegangscontrole-access","9":"product_shipping_class-pakket","10":"pa_garantie-3-jaar","11":"pa_merk-zkteco","12":"pa_omgeving-binnen","13":"pa_product-access-controller","14":"pa_voeding-12vdc","16":"first","17":"onbackorder","18":"taxable","19":"shipping-taxable","20":"purchasable","21":"product-type-simple"},"brands":[{"id":3394,"name":"ZKTeco","slug":"zkteco"}],"_links":{"self":[{"href":"https:\/\/webstore4.com\/de\/wp-json\/wp\/v2\/product\/7991","targetHints":{"allow":["GET"]}}],"collection":[{"href":"https:\/\/webstore4.com\/de\/wp-json\/wp\/v2\/product"}],"about":[{"href":"https:\/\/webstore4.com\/de\/wp-json\/wp\/v2\/types\/product"}],"replies":[{"embeddable":true,"href":"https:\/\/webstore4.com\/de\/wp-json\/wp\/v2\/comments?post=7991"}],"wp:featuredmedia":[{"embeddable":true,"href":"https:\/\/webstore4.com\/de\/wp-json\/wp\/v2\/media\/7992"}],"wp:attachment":[{"href":"https:\/\/webstore4.com\/de\/wp-json\/wp\/v2\/media?parent=7991"}],"wp:term":[{"taxonomy":"pwb-brand","embeddable":true,"href":"https:\/\/webstore4.com\/de\/wp-json\/wp\/v2\/pwb-brand?post=7991"},{"taxonomy":"product_cat","embeddable":true,"href":"https:\/\/webstore4.com\/de\/wp-json\/wp\/v2\/product_cat?post=7991"},{"taxonomy":"product_tag","embeddable":true,"href":"https:\/\/webstore4.com\/de\/wp-json\/wp\/v2\/product_tag?post=7991"}],"curies":[{"name":"wp","href":"https:\/\/api.w.org\/{rel}","templated":true}]}}