{"id":7972,"date":"2018-03-17T01:43:44","date_gmt":"2018-03-16T23:43:44","guid":{"rendered":"https:\/\/webstore4.com\/\/?product=dahua-asr1101a-d-codepaneel-keypad-en-rfid-kaartlezer-rs485-wiegand-outlet"},"modified":"2024-04-19T15:04:41","modified_gmt":"2024-04-19T14:04:41","slug":"dahua-asr1101a-d-codepaneel-keypad-en-rfid-kaartlezer-rs485-wiegand-outlet","status":"publish","type":"product","link":"https:\/\/webstore4.com\/de\/product\/dahua-asr1101a-d-codepaneel-keypad-en-rfid-kaartlezer-rs485-wiegand-outlet\/","title":{"rendered":"Dahua ASR1101A-D Code-Panel\/Tastatur und RFID-Kartenleser RS485 Wiegand \u2013 OUTLET"},"content":{"rendered":"<p><strong>Grund f\u00fcr Steckdose: Montagehalterung nicht vorhanden. 1 Produkt verf\u00fcgbar.<\/strong><\/p>\n<p>Das Dahua ASR1101A-D ist ein Codepanel\/Tastatur und RFID-Kartenleser mit RS485-Protokollausgang. Die Zugangskontrolle erfolgt mittels PIN-Code und\/oder RFID-Proximity-Karte oder -Tag. Der Dahua ASR1101A-D ist ideal f\u00fcr den Einsatz in H\u00e4usern, Mehrfamilienh\u00e4usern, Gesch\u00e4ftsr\u00e4umen und B\u00fcros.<\/p>\n<p><strong>Reasonoutlet:<\/strong>\u00a0Montagehalterung nicht vorhanden. 1 Produkt verf\u00fcgbar.<\/p>\n<p><strong>M\u00f6glichkeiten<\/strong><\/p>\n<p>Der Dahua ASR1101A-D kommuniziert \u00fcber das RS485-Protokoll und Wiegand 26\/34. Separater Controller ist erforderlich. Der Dahua ASR1101A-D kann \u00fcber einen Dahua-Zutrittscontroller \u00fcber die kostenlose Dahua-Software SmartPSS auf einem Windows-PC verwaltet werden.<\/p>\n<p>Der Dahua ASR1100A l\u00e4sst sich einfach selbst installieren. Der Dahua ASR1100A kann \u00fcber den Controller (nicht im Lieferumfang enthalten) mit Strom versorgt werden. Passende Controller k\u00f6nnen unter dem Reiter \u201eOptionen\u201c gefunden und bestellt werden. Unter dem Reiter \u201eDokumentation\u201c gibt es einen Link zur Website des Herstellers inklusive Datenblatt und Handbuch (Register \u201eDownload\u201c).<\/p>\n<p><strong>Wichtigste Funktionen<\/strong><\/p>\n<ul>\n<li>RS-485-Protokoll<\/li>\n<li>Wiegand 26\/34<\/li>\n<li>125-kHz-Karten oder -Tags (RFID)<\/li>\n<li>Touch-Tastatur mit blauer Hintergrundbeleuchtung<\/li>\n<li>Watch-Dog-Funktion<\/li>\n<li>Oberfl\u00e4chen-Montage<\/li>\n<\/ul>\n<p><strong>Dokumentation<\/strong><\/p>\n<p><span style=\"font-size:14px\">\u00dcber die untenstehenden Links k\u00f6nnen Sie die Produktinformationen und Software auf der Website des Herstellers einsehen und bei Bedarf herunterladen.<\/span><\/p>\n<p><span style=\"font-size:14px\"><a href=\"http:\/\/www.dahuasecurity.com\/asset\/upload\/download\/ASR1101A_ASR1101A-D_Datasheet_201708.pdf\" target=\"_blank\" rel=\"noopener\"><span style=\"color:#FF6E03\"><img decoding=\"async\" alt=\"\" src=\"https:\/\/www.webstore4ipcameras.nl\/image\/data\/multistore\/pdf-icon.png\" style=\"float:left;height:20px;margin-left:5px;margin-right:5px;width:20px\">Datenblatt Dahua ASR1101A ASR1101A-D<\/span><\/a><\/span><\/p>\n<p><span style=\"font-size:14px\"><a href=\"http:\/\/www.dahuasecurity.com\/products\/productDetail\/7141\" target=\"_blank\" rel=\"noopener\"><span style=\"color:#FF6E03\"><img decoding=\"async\" alt=\"\" src=\"https:\/\/www.webstore4ipcameras.nl\/image\/data\/multistore\/pdf-icon.png\" style=\"float:left;height:20px;margin-left:5px;margin-right:5px;width:20px\">Produktseite Dahua ASR1101A ASR1101A-D<\/span><\/a><\/span><\/p>","protected":false},"excerpt":{"rendered":"<p>Reden outlet:\u00a0montage beugel niet aanwezig. 1 product beschikbaar. De Dahua ASR1101A-D is een codepaneel \/ keypad en RFID kaartlezer met RS485 protocol uitgang.\u00a0De toegangscontrole vindt plaats door middel van een PIN code en\/of RFID proximity kaart of tag. De Dahua ASR1101A-D is ideaal voor gebruik in woningen, appartementsgebouwen, bedrijfsverzamelgebouwen en kantoren. Redenoutlet:\u00a0montage beugel niet aanwezig.<\/p>\n<div class=\"klb-readmore button\"><a class=\"btn link\" href=\"https:\/\/webstore4.com\/de\/product\/dahua-asr1101a-d-codepaneel-keypad-en-rfid-kaartlezer-rs485-wiegand-outlet\/\">Mehr lesen <i class=\"klbth-icon-right-arrow\"><\/i><\/a><\/div>","protected":false},"featured_media":7973,"comment_status":"closed","ping_status":"closed","template":"","meta":[],"pwb-brand":[3376],"product_cat":[3454],"product_tag":[],"class_list":{"0":"post-7972","1":"product","2":"type-product","3":"status-publish","4":"has-post-thumbnail","6":"pwb-brand-dahua","7":"product_cat-outlet","8":"pa_garantie-3-jaar","9":"pa_merk-dahua","10":"pa_omgeving-binnen","11":"pa_voeding-12vdc","13":"first","14":"instock","15":"sale","16":"sold-individually","17":"taxable","18":"shipping-taxable","19":"purchasable","20":"product-type-simple"},"brands":[{"id":3376,"name":"Dahua","slug":"dahua"}],"_links":{"self":[{"href":"https:\/\/webstore4.com\/de\/wp-json\/wp\/v2\/product\/7972","targetHints":{"allow":["GET"]}}],"collection":[{"href":"https:\/\/webstore4.com\/de\/wp-json\/wp\/v2\/product"}],"about":[{"href":"https:\/\/webstore4.com\/de\/wp-json\/wp\/v2\/types\/product"}],"replies":[{"embeddable":true,"href":"https:\/\/webstore4.com\/de\/wp-json\/wp\/v2\/comments?post=7972"}],"wp:featuredmedia":[{"embeddable":true,"href":"https:\/\/webstore4.com\/de\/wp-json\/wp\/v2\/media\/7973"}],"wp:attachment":[{"href":"https:\/\/webstore4.com\/de\/wp-json\/wp\/v2\/media?parent=7972"}],"wp:term":[{"taxonomy":"pwb-brand","embeddable":true,"href":"https:\/\/webstore4.com\/de\/wp-json\/wp\/v2\/pwb-brand?post=7972"},{"taxonomy":"product_cat","embeddable":true,"href":"https:\/\/webstore4.com\/de\/wp-json\/wp\/v2\/product_cat?post=7972"},{"taxonomy":"product_tag","embeddable":true,"href":"https:\/\/webstore4.com\/de\/wp-json\/wp\/v2\/product_tag?post=7972"}],"curies":[{"name":"wp","href":"https:\/\/api.w.org\/{rel}","templated":true}]}}