{"id":7948,"date":"2018-03-10T00:52:43","date_gmt":"2018-03-09T22:52:43","guid":{"rendered":"https:\/\/webstore4.com\/\/?product=yli-isk-841dled-uitgang-knop-in-of-opbouw-met-contactloze-infrarood-sensor"},"modified":"2024-04-25T11:18:30","modified_gmt":"2024-04-25T10:18:30","slug":"yli-isk-841dled-uitgang-knop-in-of-opbouw-met-contactloze-infrarood-sensor","status":"publish","type":"product","link":"https:\/\/webstore4.com\/de\/product\/yli-isk-841dled-uitgang-knop-in-of-opbouw-met-contactloze-infrarood-sensor\/","title":{"rendered":"YLI ISK-841D(LED) Uitgang knop in- of opbouw met contactloze infrarood sensor"},"content":{"rendered":"<p>Der YLI ISK-841C(LED) ist ein Freisprech-Ausgangstaster mit Infrarotsensor, der beispielsweise zum Entriegeln eines elektrischen T\u00fcrschlosses oder T\u00fcr\u00f6ffners verwendet werden kann.<\/p>\n<p>De verlichte LED ring op de YLI ISK-841D geeft de status aan: wit is uit, rood is standby en groen is detectie.<\/p>\n<p>De YLI ISK-841D moet deels ingebouwd worden of kan worden opgebouwd met de optionele behuizing. De YLI ISK-841D exit button is geschikt voor binnen montage en moet worden gevoed met 12VDC. Een adapter wordt niet meegeleverd. Onder het tabblad &#8220;Opties&#8221; staan geschikte adapters en de optionele opbouw behuizing. Onder het tabblad &#8220;Documentatie&#8221; is een link opgenomen naar de product pagina van de fabrikant en een link naar de datasheet met gegevens zoals afmetingen.<\/p>\n<p><strong>Wichtigste Funktionen<\/strong><\/p>\n<ul>\n<li>Instelbaar detectiebereik 4 tot 10 cm<\/li>\n<li>Ausgangskontakt NO\/NC\/COM<\/li>\n<\/ul>\n<p><a href=\"https:\/\/www.webstore4ipcameras.nl\/Copyright\" target=\"_blank\" rel=\"noopener\"><span style=\"color: #ff6e03; font-size: 11px;\">\u00a9 Der Text ist urheberrechtlich gesch\u00fctzt<\/span><\/a><\/p>","protected":false},"excerpt":{"rendered":"<p>De YLI ISK-841D(LED) is een handsfree uitgang knop met infrarood sensor die kan worden gebruikt om bijvoorbeeld een elektrisch deurslot of deuropener te ontgrendelen. De verlichte LED ring op de YLI ISK-841D geeft de status aan: wit is uit, rood is standby en groen is detectie. De YLI ISK-841D moet deels ingebouwd worden of kan<\/p>\n<div class=\"klb-readmore button\"><a class=\"btn link\" href=\"https:\/\/webstore4.com\/de\/product\/yli-isk-841dled-uitgang-knop-in-of-opbouw-met-contactloze-infrarood-sensor\/\">Mehr lesen <i class=\"klbth-icon-right-arrow\"><\/i><\/a><\/div>","protected":false},"featured_media":10846,"comment_status":"closed","ping_status":"closed","template":"","meta":[],"pwb-brand":[3382],"product_cat":[4191,4197],"product_tag":[],"class_list":{"0":"post-7948","1":"product","2":"type-product","3":"status-publish","4":"has-post-thumbnail","6":"pwb-brand-yli","7":"product_cat-access","8":"product_cat-elektrische-sloten","9":"pa_bewegingssensor-ja","10":"pa_materiaal-roestvast-staal","11":"pa_merk-yli","12":"pa_montage-inbouw","13":"pa_montage-opbouw","14":"pa_omgeving-binnen","15":"pa_product-sensor","16":"pa_voeding-12vdc","18":"first","19":"instock","20":"taxable","21":"shipping-taxable","22":"purchasable","23":"product-type-simple"},"brands":[{"id":3382,"name":"YLI","slug":"yli"}],"_links":{"self":[{"href":"https:\/\/webstore4.com\/de\/wp-json\/wp\/v2\/product\/7948","targetHints":{"allow":["GET"]}}],"collection":[{"href":"https:\/\/webstore4.com\/de\/wp-json\/wp\/v2\/product"}],"about":[{"href":"https:\/\/webstore4.com\/de\/wp-json\/wp\/v2\/types\/product"}],"replies":[{"embeddable":true,"href":"https:\/\/webstore4.com\/de\/wp-json\/wp\/v2\/comments?post=7948"}],"wp:featuredmedia":[{"embeddable":true,"href":"https:\/\/webstore4.com\/de\/wp-json\/wp\/v2\/media\/10846"}],"wp:attachment":[{"href":"https:\/\/webstore4.com\/de\/wp-json\/wp\/v2\/media?parent=7948"}],"wp:term":[{"taxonomy":"pwb-brand","embeddable":true,"href":"https:\/\/webstore4.com\/de\/wp-json\/wp\/v2\/pwb-brand?post=7948"},{"taxonomy":"product_cat","embeddable":true,"href":"https:\/\/webstore4.com\/de\/wp-json\/wp\/v2\/product_cat?post=7948"},{"taxonomy":"product_tag","embeddable":true,"href":"https:\/\/webstore4.com\/de\/wp-json\/wp\/v2\/product_tag?post=7948"}],"curies":[{"name":"wp","href":"https:\/\/api.w.org\/{rel}","templated":true}]}}