{"id":7924,"date":"2018-02-16T17:26:50","date_gmt":"2018-02-16T15:26:50","guid":{"rendered":"https:\/\/webstore4.com\/\/?product=wl4-rfid-tags-groen-met-key-ring-10-stuks"},"modified":"2024-12-03T09:47:44","modified_gmt":"2024-12-03T08:47:44","slug":"wl4-rfid-tags-groen-met-key-ring-10-stuks","status":"publish","type":"product","link":"https:\/\/webstore4.com\/de\/product\/wl4-rfid-tags-groen-met-key-ring-10-stuks\/","title":{"rendered":"WL4 RFID-Tags gr\u00fcn mit Schl\u00fcsselring (10 St\u00fcck)"},"content":{"rendered":"<p>De WL4 RFID tags zijn tien groene tags die gebruikt worden als toegangsdruppel van bijvoorbeeld RFID toegangscontrole systeem. De tags hebben een keyring, waardoor ze eenvoudig aan een sleutelbos verbonden kunnen worden. De tags werken op frequentie 125 KHz en zijn niet kopieerbaar.<\/p>\n<p><strong>Wichtigste Funktionen<\/strong><\/p>\n<ul>\n<li>Frequentie 125 KHz RFID<\/li>\n<li>Gr\u00fcn<\/li>\n<li>10 St\u00fcck<\/li>\n<\/ul>\n<p><a href=\"https:\/\/webstore4.com\/Copyright\/\" target=\"_blank\" rel=\"noopener\"><span style=\"color: #ff6e03; font-size: 11px;\">\u00a9 Der Text ist urheberrechtlich gesch\u00fctzt<\/span><\/a><\/p>","protected":false},"excerpt":{"rendered":"<p>De WL4 RFID tags zijn tien groene tags die gebruikt worden als toegangsdruppel van bijvoorbeeld RFID toegangscontrole systeem. De tags hebben een keyring, waardoor ze eenvoudig aan een sleutelbos verbonden kunnen worden. De tags werken op frequentie 125 KHz en zijn niet kopieerbaar. Belangrijkste kenmerken Frequentie 125 KHz RFID Groen 10 stuks \u00a9 Tekst is<\/p>\n<div class=\"klb-readmore button\"><a class=\"btn link\" href=\"https:\/\/webstore4.com\/de\/product\/wl4-rfid-tags-groen-met-key-ring-10-stuks\/\">Mehr lesen <i class=\"klbth-icon-right-arrow\"><\/i><\/a><\/div>","protected":false},"featured_media":7925,"comment_status":"open","ping_status":"closed","template":"","meta":[],"pwb-brand":[3380],"product_cat":[4191,4196],"product_tag":[],"class_list":{"0":"post-7924","1":"product","2":"type-product","3":"status-publish","4":"has-post-thumbnail","6":"pwb-brand-wl4","7":"product_cat-access","8":"product_cat-tags","9":"product_shipping_class-brievenbuspakket","10":"pa_frequentie-tags-en-readers-rfid-125-khz","11":"pa_kleur-groen","12":"pa_materiaal-kunststof","13":"pa_merk-wl4","14":"pa_product-tag","16":"first","17":"onbackorder","18":"taxable","19":"shipping-taxable","20":"purchasable","21":"product-type-simple"},"brands":[{"id":3380,"name":"WL4","slug":"wl4"}],"_links":{"self":[{"href":"https:\/\/webstore4.com\/de\/wp-json\/wp\/v2\/product\/7924","targetHints":{"allow":["GET"]}}],"collection":[{"href":"https:\/\/webstore4.com\/de\/wp-json\/wp\/v2\/product"}],"about":[{"href":"https:\/\/webstore4.com\/de\/wp-json\/wp\/v2\/types\/product"}],"replies":[{"embeddable":true,"href":"https:\/\/webstore4.com\/de\/wp-json\/wp\/v2\/comments?post=7924"}],"wp:featuredmedia":[{"embeddable":true,"href":"https:\/\/webstore4.com\/de\/wp-json\/wp\/v2\/media\/7925"}],"wp:attachment":[{"href":"https:\/\/webstore4.com\/de\/wp-json\/wp\/v2\/media?parent=7924"}],"wp:term":[{"taxonomy":"pwb-brand","embeddable":true,"href":"https:\/\/webstore4.com\/de\/wp-json\/wp\/v2\/pwb-brand?post=7924"},{"taxonomy":"product_cat","embeddable":true,"href":"https:\/\/webstore4.com\/de\/wp-json\/wp\/v2\/product_cat?post=7924"},{"taxonomy":"product_tag","embeddable":true,"href":"https:\/\/webstore4.com\/de\/wp-json\/wp\/v2\/product_tag?post=7924"}],"curies":[{"name":"wp","href":"https:\/\/api.w.org\/{rel}","templated":true}]}}