{"id":7918,"date":"2018-01-21T02:37:54","date_gmt":"2018-01-21T00:37:54","guid":{"rendered":"https:\/\/webstore4.com\/\/?product=dahua-lr1002-1ec-single-port-long-reach-ethernet-over-coax-eoc-extender-receiver"},"modified":"2024-04-19T15:04:28","modified_gmt":"2024-04-19T14:04:28","slug":"dahua-lr1002-1ec-single-port-long-reach-ethernet-over-coax-eoc-extender-receiver","status":"publish","type":"product","link":"https:\/\/webstore4.com\/de\/product\/dahua-lr1002-1ec-single-port-long-reach-ethernet-over-coax-eoc-extender-receiver\/","title":{"rendered":"Dahua LR1002-1EC Single-Port-Long-Reach-Ethernet-\u00fcber-Koax-EoC-Extender-Empf\u00e4nger"},"content":{"rendered":"<p>Der Dahua LR1002-1EC ist ein Single-Port-Long-Reach-Ethernet-over-Coax-EoC-Extender-Empf\u00e4nger f\u00fcr die Verwendung von IP-Kameras \u00fcber analoges Koaxialkabel. Dahua LR1002-1EC unterst\u00fctzt sowohl PoE als auch ePoE.<br \/>\nDer Empf\u00e4nger ist mit einem RJ45-Anschluss ausgestattet und erm\u00f6glicht die \u00dcbertragung von Strom \u00fcber gro\u00dfe Entfernungen.<\/p>\n<p>Das Datenblatt und der Link zur Produktseite des Herstellers sind im Reiter \u201eDokumentation\u201c enthalten. Alle Optionen sind in dieser Dokumentation enthalten. Unter \u201eOptionen\u201c sind auch der Receiver und ein Kombiprodukt enthalten.<\/p>\n<p><strong>Wichtigste Funktionen<\/strong><\/p>\n<ul>\n<li>Koaxialer EoC-Extender-Empf\u00e4nger<\/li>\n<li>Ein RJ45-Anschluss<\/li>\n<\/ul>\n<p><a href=\"https:\/\/webstore4.com\/Copyright\/\" target=\"_blank\" rel=\"noopener\"><span style=\"color: #ff6e03; font-size: 11px;\">\u00a9 Der Text ist urheberrechtlich gesch\u00fctzt<\/span><\/a><\/p>","protected":false},"excerpt":{"rendered":"<p>De Dahua LR1002-1EC is een Single-Port Long Reach Ethernet over Coax EoC Extender ontvanger voor gebruik van IP camera&#8217;s over analoge coax kabel. Dahua LR1002-1EC ondersteund zowel PoE als ePoE. De receiver is uitgerust met \u00e9\u00e9n RJ45 poort en maakt het mogelijk om transmissie van voeding over lange afstand te cre\u00ebren. Onder het tabblad &#8216;Documentatie&#8217;<\/p>\n<div class=\"klb-readmore button\"><a class=\"btn link\" href=\"https:\/\/webstore4.com\/de\/product\/dahua-lr1002-1ec-single-port-long-reach-ethernet-over-coax-eoc-extender-receiver\/\">Mehr lesen <i class=\"klbth-icon-right-arrow\"><\/i><\/a><\/div>","protected":false},"featured_media":15517,"comment_status":"open","ping_status":"closed","template":"","meta":[],"pwb-brand":[3376],"product_cat":[3440,4188],"product_tag":[],"class_list":{"0":"post-7918","1":"product","2":"type-product","3":"status-publish","4":"has-post-thumbnail","6":"pwb-brand-dahua","7":"product_cat-netwerk","8":"product_cat-poe","9":"product_shipping_class-pakket","10":"pa_merk-dahua","12":"first","13":"instock","14":"taxable","15":"shipping-taxable","16":"purchasable","17":"product-type-simple"},"brands":[{"id":3376,"name":"Dahua","slug":"dahua"}],"_links":{"self":[{"href":"https:\/\/webstore4.com\/de\/wp-json\/wp\/v2\/product\/7918","targetHints":{"allow":["GET"]}}],"collection":[{"href":"https:\/\/webstore4.com\/de\/wp-json\/wp\/v2\/product"}],"about":[{"href":"https:\/\/webstore4.com\/de\/wp-json\/wp\/v2\/types\/product"}],"replies":[{"embeddable":true,"href":"https:\/\/webstore4.com\/de\/wp-json\/wp\/v2\/comments?post=7918"}],"wp:featuredmedia":[{"embeddable":true,"href":"https:\/\/webstore4.com\/de\/wp-json\/wp\/v2\/media\/15517"}],"wp:attachment":[{"href":"https:\/\/webstore4.com\/de\/wp-json\/wp\/v2\/media?parent=7918"}],"wp:term":[{"taxonomy":"pwb-brand","embeddable":true,"href":"https:\/\/webstore4.com\/de\/wp-json\/wp\/v2\/pwb-brand?post=7918"},{"taxonomy":"product_cat","embeddable":true,"href":"https:\/\/webstore4.com\/de\/wp-json\/wp\/v2\/product_cat?post=7918"},{"taxonomy":"product_tag","embeddable":true,"href":"https:\/\/webstore4.com\/de\/wp-json\/wp\/v2\/product_tag?post=7918"}],"curies":[{"name":"wp","href":"https:\/\/api.w.org\/{rel}","templated":true}]}}