{"id":7916,"date":"2018-01-21T02:18:45","date_gmt":"2018-01-21T00:18:45","guid":{"rendered":"https:\/\/webstore4.com\/\/?product=dahua-lr1002-1et-single-port-long-reach-ethernet-over-coax-eoc-extender-transmitter"},"modified":"2024-04-19T15:04:27","modified_gmt":"2024-04-19T14:04:27","slug":"dahua-lr1002-1et-single-port-long-reach-ethernet-over-coax-eoc-extender-transmitter","status":"publish","type":"product","link":"https:\/\/webstore4.com\/de\/product\/dahua-lr1002-1et-single-port-long-reach-ethernet-over-coax-eoc-extender-transmitter\/","title":{"rendered":"Dahua LR1002-1ET Single-Port-Long-Reach-Ethernet-\u00fcber-Koax-EoC-Extender-Sender"},"content":{"rendered":"<p>Der Dahua LR1002-1ET ist ein Single-Port-Long-Reach-Ethernet-\u00fcber-Koax-EoC-Extender-Sender. Der LR1002-1ET ist f\u00fcr die Verwendung mit IP-Kameras \u00fcber analoges Koaxialkabel vorgesehen. Unterst\u00fctzt POE und ePOE.<\/p>\n<p>Alle Optionen finden Sie im Datenblatt auf der Produktseite des Herstellers. Ein Link zu dieser Seite ist unter der Registerkarte \u201eDokumentation\u201c enthalten.<\/p>\n<p><strong>Wichtigste Funktionen<\/strong><\/p>\n<ul>\n<li>Single-Port-Long-Reach-Ethernet-\u00fcber-Koax-EoC-Extender-Sender<\/li>\n<li>Unterst\u00fctzt PoE und ePoE<\/li>\n<\/ul>\n<p><a href=\"https:\/\/webstore4.com\/Copyright\/\" target=\"_blank\" rel=\"noopener\"><span style=\"color: #ff6e03; font-size: 11px;\">\u00a9 Der Text ist urheberrechtlich gesch\u00fctzt<\/span><\/a><\/p>","protected":false},"excerpt":{"rendered":"<p>De Dahua LR1002-1ET is een Single-Port Long Reach Ethernet over Coax EoC Extender zender. De LR1002-1ET is voor gebruik van IP camera&#8217;s over analoge coax kabel. Ondersteunt POE en ePOE. Bekijk onder meer de datasheet op de product pagina van de fabrikant voor alle mogelijkheden. Een link naar deze pagina is opgenomen onder het tabblad<\/p>\n<div class=\"klb-readmore button\"><a class=\"btn link\" href=\"https:\/\/webstore4.com\/de\/product\/dahua-lr1002-1et-single-port-long-reach-ethernet-over-coax-eoc-extender-transmitter\/\">Mehr lesen <i class=\"klbth-icon-right-arrow\"><\/i><\/a><\/div>","protected":false},"featured_media":15516,"comment_status":"open","ping_status":"closed","template":"","meta":[],"pwb-brand":[3376],"product_cat":[3440,4188],"product_tag":[],"class_list":{"0":"post-7916","1":"product","2":"type-product","3":"status-publish","4":"has-post-thumbnail","6":"pwb-brand-dahua","7":"product_cat-netwerk","8":"product_cat-poe","9":"product_shipping_class-pakket","10":"pa_merk-dahua","12":"first","13":"instock","14":"taxable","15":"shipping-taxable","16":"purchasable","17":"product-type-simple"},"brands":[{"id":3376,"name":"Dahua","slug":"dahua"}],"_links":{"self":[{"href":"https:\/\/webstore4.com\/de\/wp-json\/wp\/v2\/product\/7916","targetHints":{"allow":["GET"]}}],"collection":[{"href":"https:\/\/webstore4.com\/de\/wp-json\/wp\/v2\/product"}],"about":[{"href":"https:\/\/webstore4.com\/de\/wp-json\/wp\/v2\/types\/product"}],"replies":[{"embeddable":true,"href":"https:\/\/webstore4.com\/de\/wp-json\/wp\/v2\/comments?post=7916"}],"wp:featuredmedia":[{"embeddable":true,"href":"https:\/\/webstore4.com\/de\/wp-json\/wp\/v2\/media\/15516"}],"wp:attachment":[{"href":"https:\/\/webstore4.com\/de\/wp-json\/wp\/v2\/media?parent=7916"}],"wp:term":[{"taxonomy":"pwb-brand","embeddable":true,"href":"https:\/\/webstore4.com\/de\/wp-json\/wp\/v2\/pwb-brand?post=7916"},{"taxonomy":"product_cat","embeddable":true,"href":"https:\/\/webstore4.com\/de\/wp-json\/wp\/v2\/product_cat?post=7916"},{"taxonomy":"product_tag","embeddable":true,"href":"https:\/\/webstore4.com\/de\/wp-json\/wp\/v2\/product_tag?post=7916"}],"curies":[{"name":"wp","href":"https:\/\/api.w.org\/{rel}","templated":true}]}}