{"id":7887,"date":"2018-01-12T01:52:13","date_gmt":"2018-01-11T23:52:13","guid":{"rendered":"https:\/\/webstore4.com\/\/?product=zkteco-sf420-stand-alone-vingerafdruk-pin-en-rfid-kaart-lezer-voor-binnen-met-2-8-inch-touch-screen-tcpip"},"modified":"2024-06-25T09:53:40","modified_gmt":"2024-06-25T08:53:40","slug":"zkteco-sf420-stand-alone-vingerafdruk-pin-en-rfid-kaart-lezer-voor-binnen-met-2-8-inch-touch-screen-tcpip","status":"publish","type":"product","link":"https:\/\/webstore4.com\/de\/product\/zkteco-sf420-stand-alone-vingerafdruk-pin-en-rfid-kaart-lezer-voor-binnen-met-2-8-inch-touch-screen-tcpip\/","title":{"rendered":"ZKTeco SF420 eigenst\u00e4ndiger Fingerabdruck-, PIN- und RFID-Kartenleser f\u00fcr den Innenbereich mit 2,8-Zoll-Touchscreen TCP\/IP"},"content":{"rendered":"<p>De ZKTeco SF420 is een hoogwaardige stand alone vingerafdruk en RFID kaart lezer met\u00a02.8-inch touch screen en geschikt voor binnen.\u00a0De ZKTeco\u00a0SF420\u00a0is ook\u00a0geschikt voor aanwezigheid management.\u00a0De toegangscontrole vindt plaats door middel van een vingerafdruk, PIN en\/of proximity kaart of tag. De\u00a0ZKTeco SF420\u00a0is ideaal voor gebruik in woningen, appartementsgebouwen, bedrijfsverzamelgebouwen en kantoren.<\/p>\n<p><strong>M\u00f6glichkeiten<\/strong><\/p>\n<p>Der ZKTeco SF420 verf\u00fcgt \u00fcber die Kommunikation \u00fcber das RS485- und Wiegand 26-Protokoll. Der ZKTeco SF420 arbeitet eigenst\u00e4ndig und ben\u00f6tigt daher keinen separaten Controller. Der ZKTeco SF420 verf\u00fcgt \u00fcber einen leistungsstarken Prozessor und Sensor f\u00fcr sehr schnelle und genaue Fingerabdruckscans. Der ZKTeco SF420 kann \u00fcber den Touchscreen und mit der kostenlosen ZKTeco Windows-Software verwaltet werden.<\/p>\n<p>Der ZKTeco UA150PRO kann mit einem 12-V-Netzteil betrieben werden, das nicht im Lieferumfang enthalten ist. Unter dem Reiter \u201eOptionen\u201c gibt es ein passendes Netzteil, das bestellt werden kann. Zur einfacheren Installation empfehlen wir, zu diesem Netzteil einen DC-Stecker (weiblich) zu bestellen. Unter der Registerkarte \u201eDokumentation\u201c gibt es einen Link zur Website des Herstellers mit vielen Informationen, darunter Datenblatt, Software und Handb\u00fccher.<\/p>\n<p><strong>Wichtigste Funktionen<\/strong><\/p>\n<ul>\n<li>Unterst\u00fctzt 1500 Fingerabdr\u00fccke<\/li>\n<li>Standalone- oder Slave-Nutzung<\/li>\n<li>Touchscreen-Bedienung<\/li>\n<li>Auch zur Anwesenheitsverwaltung geeignet<\/li>\n<li>Unterst\u00fctzt bis zu 5000 RFID-Karten oder -Tags (125 kHz).<\/li>\n<li>Unterst\u00fctzt die Verwendung einer Karte\/Tag, einer PIN oder eines Fingerabdrucks oder einer Kombination davon<\/li>\n<li>RS-485 interface,\u00a0TCP\/IP<\/li>\n<li>Ausfahrt Wiegand 26<\/li>\n<li>Wiegand 26-Eingang f\u00fcr zus\u00e4tzlichen Leser<\/li>\n<li>T\u00fcrklingeltaster mit Anschluss f\u00fcr T\u00fcrklingel<\/li>\n<li>T\u00fcrsensoreingang<\/li>\n<li>Alarm-Sabotage-Ausgang<\/li>\n<li>NO\/NC-Relaisausgang<\/li>\n<li>Eingabe der Exit-Taste<\/li>\n<\/ul>\n<p><a href=\"https:\/\/webstore4.com\/Copyright\/\" target=\"_blank\" rel=\"noopener\"><span style=\"color: #ff6e03; font-size: 11px;\">\u00a9 Der Text ist urheberrechtlich gesch\u00fctzt<\/span><\/a><\/p>","protected":false},"excerpt":{"rendered":"<p>De ZKTeco SF420 is een hoogwaardige stand alone vingerafdruk en RFID kaart lezer met\u00a02.8-inch touch screen en geschikt voor binnen.\u00a0De ZKTeco\u00a0SF420\u00a0is ook\u00a0geschikt voor aanwezigheid management.\u00a0De toegangscontrole vindt plaats door middel van een vingerafdruk, PIN en\/of proximity kaart of tag. De\u00a0ZKTeco SF420\u00a0is ideaal voor gebruik in woningen, appartementsgebouwen, bedrijfsverzamelgebouwen en kantoren. Mogelijkheden De ZKTeco SF420 beschikt<\/p>\n<div class=\"klb-readmore button\"><a class=\"btn link\" href=\"https:\/\/webstore4.com\/de\/product\/zkteco-sf420-stand-alone-vingerafdruk-pin-en-rfid-kaart-lezer-voor-binnen-met-2-8-inch-touch-screen-tcpip\/\">Mehr lesen <i class=\"klbth-icon-right-arrow\"><\/i><\/a><\/div>","protected":false},"featured_media":7888,"comment_status":"open","ping_status":"closed","template":"","meta":[],"pwb-brand":[3394],"product_cat":[4191,4193],"product_tag":[],"class_list":{"0":"post-7887","1":"product","2":"type-product","3":"status-publish","4":"has-post-thumbnail","6":"pwb-brand-zkteco","7":"product_cat-access","8":"product_cat-toegangscontrole-access","9":"product_shipping_class-pakket","10":"pa_frequentie-tags-en-readers-rfid-125-khz","11":"pa_garantie-3-jaar","12":"pa_max-aantal-gebruikers-3679","13":"pa_merk-zkteco","14":"pa_omgeving-binnen","15":"pa_product-codepaneel","16":"pa_product-reader","17":"pa_stand-alone-ja","18":"pa_toegang-met-kaartlezer","19":"pa_toegang-met-keypad","20":"pa_toegang-met-vingerafdruk","21":"pa_voeding-12vdc","23":"first","24":"onbackorder","25":"taxable","26":"shipping-taxable","27":"purchasable","28":"product-type-simple"},"brands":[{"id":3394,"name":"ZKTeco","slug":"zkteco"}],"_links":{"self":[{"href":"https:\/\/webstore4.com\/de\/wp-json\/wp\/v2\/product\/7887","targetHints":{"allow":["GET"]}}],"collection":[{"href":"https:\/\/webstore4.com\/de\/wp-json\/wp\/v2\/product"}],"about":[{"href":"https:\/\/webstore4.com\/de\/wp-json\/wp\/v2\/types\/product"}],"replies":[{"embeddable":true,"href":"https:\/\/webstore4.com\/de\/wp-json\/wp\/v2\/comments?post=7887"}],"wp:featuredmedia":[{"embeddable":true,"href":"https:\/\/webstore4.com\/de\/wp-json\/wp\/v2\/media\/7888"}],"wp:attachment":[{"href":"https:\/\/webstore4.com\/de\/wp-json\/wp\/v2\/media?parent=7887"}],"wp:term":[{"taxonomy":"pwb-brand","embeddable":true,"href":"https:\/\/webstore4.com\/de\/wp-json\/wp\/v2\/pwb-brand?post=7887"},{"taxonomy":"product_cat","embeddable":true,"href":"https:\/\/webstore4.com\/de\/wp-json\/wp\/v2\/product_cat?post=7887"},{"taxonomy":"product_tag","embeddable":true,"href":"https:\/\/webstore4.com\/de\/wp-json\/wp\/v2\/product_tag?post=7887"}],"curies":[{"name":"wp","href":"https:\/\/api.w.org\/{rel}","templated":true}]}}