{"id":7879,"date":"2018-01-06T20:36:01","date_gmt":"2018-01-06T18:36:01","guid":{"rendered":"https:\/\/webstore4.com\/\/?product=safire-sf-ipdm360w-5-full-hd-5mp-binnen-fisheye-360-graden-camera-met-ir-nachtzicht-eptz-poe-en-microsd-opname"},"modified":"2024-06-20T08:32:28","modified_gmt":"2024-06-20T07:32:28","slug":"safire-sf-ipdm360w-5-5mp-fisheye-camera","status":"publish","type":"product","link":"https:\/\/webstore4.com\/de\/product\/safire-sf-ipdm360w-5-5mp-fisheye-camera\/","title":{"rendered":"Safire SF-IPDM360W-5 Full HD 5MP Indoor-Fischaugen-360-Grad-Kamera mit IR-Nachtsicht, ePTZ, PoE und microSD-Aufzeichnung"},"content":{"rendered":"<p>De Safire SF-IPDM360W-5 is een Full HD 5MP binnen fisheye 360 graden camera met IR nachtzicht, ePTZ, PoE en de mogelijkheid om op een microSD kaart op te nemen. Slechts \u00e9\u00e9n stuks beschikbaar.<\/p>\n<p><strong>M\u00f6glichkeiten<\/strong><\/p>\n<p>Der Safire SF-IPDM360W-5 zeigt Bilder in einer Full-HD-Aufl\u00f6sung von 2560 x 1920 an. Die Kamera verf\u00fcgt \u00fcber einen eingebauten automatischen IR-Sperrfilter, was sie zu einer echten Tag-\/Nachtkamera macht. Bei Dunkelheit kann die Kamera die integrierte IR-Beleuchtung einschalten, die auch bei v\u00f6lliger Dunkelheit (0 Lux) f\u00fcr ein gestochen scharfes Bild sorgt. Die IR-Beleuchtung hat eine Reichweite von 8 Metern. Die Kamera verf\u00fcgt \u00fcber einen 120 dB Wide Dynamic Range (WDR), wodurch die Kamera auch komplexe Lichtverh\u00e4ltnisse, beispielsweise durch Gegenlicht der Sonne oder Autoscheinwerfer, sehr gut bew\u00e4ltigen kann.<\/p>\n<p>Das 1,05-mm-Festobjektiv hat einen horizontalen Betrachtungswinkel von 360 Grad. Die ePTZ-Funktion erm\u00f6glicht das digitale Neigen, Drehen und Zoomen des Bildes. Die mobile App bietet auch ePTZ-Optionen. Mit der Safire Control Center Software und der Weboberfl\u00e4che der Kamera ist es au\u00dferdem m\u00f6glich, das Bild in 9 separate rechteckige Bilder Ihrer Wahl zu unterteilen.<\/p>\n<p>De Safire SF-IPDM360W-5\u00a0beschikt over\u00a0Intelligent Video System (IVS)\u00a0waarmee slimme detectie als Tripwire en Intrusion detection mogelijk is. Beelden kunnen onder meer worden opgeslagen op een Netwerk Video Recorder (NVR). De camera beschikt ook over de mogelijkheid om in de camera op te nemen op een microSD geheugenkaart tot maximaal 128Gb.<\/p>\n<p>Safire heeft gratis mobile app beschikbaar voor Apple iOS, Windows Phone en Android. De camera heeft een interne webserver die met een webbrowser kan worden bekeken en beheerd. Op de website van Safire is onder meer de gratis Video Management Software (VMS) Safire Control Center voor een PC te downloaden. Onder de tab &#8216;Documentatie&#8217; is een link naar de datasheet van een vergelijkbare camera opgenomen.<\/p>\n<p>De Safire SF-IPDM360W-5 is geschikt voor binnen gebruik. De behuizing van de camera is van metaal. Voor installatiegemak kan de camera via de netwerkkabel worden gevoed met Power over Ethernet (standaard 802.3af POE). PoE kan worden verkregen door een PoE NVR, een PoE switch of met een PoE injector. De camera kan ook worden gevoed met een optionele 12VDC voeding adapter. Onder het tabblad &#8220;Opties&#8221; kan worden aangegeven of een adapter moet worden meegeleverd. Onder het tabblad &#8220;Opties&#8221; staan geschikte Hikvision montagebeugels.<\/p>\n<p><strong>Wichtigste Funktionen<\/strong><\/p>\n<ul>\n<li>5-Megapixel-Full-HD-Fisheye-Kamera mit ePTZ<\/li>\n<li>Tag-\/Nachtkamera mit automatischem mechanischem IR-Sperrfilter<\/li>\n<li>Intelligente IR-Nachtsichtbeleuchtung bis zu 8 Meter<\/li>\n<li>Aufnahme in der Kamera auf SD-Karte<\/li>\n<li>360-Grad-Bild mit Entzerrungsfunktion f\u00fcr 9 separate Bilder<\/li>\n<li>120 dB breiter Dynamikbereich (WDR)<\/li>\n<li>Zonen-optionale Gegenlichtkompensation (BLC)<\/li>\n<li>3D-Digital-Rauschunterdr\u00fcckung (3D-DNR)<\/li>\n<li>Bewegungserkennung, Manipulationsalarm, Privatzonenmaske, Intelligentes Videosystem (IVS)<\/li>\n<li>ONVIF-Protokoll<\/li>\n<li>H.265+ \/ H.265 \/ H.264+ \/ H.264\u00a0codec<\/li>\n<li>Stromversorgung \u00fcber 12VDC-Adapter oder \u00fcber PoE (802.3af)<\/li>\n<li>Bitrate 32 Kbit\/s ~ 16 Mbit\/s<\/li>\n<li>Operationeel temperatuurbereik\u00a0-10 \u00b0C ~ + 50 \u00b0C<\/li>\n<\/ul>\n<p><a href=\"https:\/\/www.webstore4ipcameras.nl\/Copyright\" target=\"_blank\" rel=\"noopener\"><span style=\"color: #ff6e03; font-size: 11px;\">\u00a9 Der Text ist urheberrechtlich gesch\u00fctzt<\/span><\/a><\/p>","protected":false},"excerpt":{"rendered":"<p>De Safire SF-IPDM360W-5 is een Full HD 5MP binnen fisheye 360 graden camera met IR nachtzicht, ePTZ, PoE en de mogelijkheid om op een microSD kaart op te nemen. Slechts \u00e9\u00e9n stuks beschikbaar. Mogelijkheden De Safire SF-IPDM360W-5\u00a0geeft beelden weer in een Full HD 2560&#215;1920 resolutie. De camera heeft een ingebouwd automatisch IR-cut filter en is<\/p>\n<div class=\"klb-readmore button\"><a class=\"btn link\" href=\"https:\/\/webstore4.com\/de\/product\/safire-sf-ipdm360w-5-5mp-fisheye-camera\/\">Mehr lesen <i class=\"klbth-icon-right-arrow\"><\/i><\/a><\/div>","protected":false},"featured_media":7880,"comment_status":"open","ping_status":"closed","template":"","meta":[],"pwb-brand":[3385],"product_cat":[3435,4184,4185,4198,4211],"product_tag":[],"class_list":{"0":"post-7879","1":"product","2":"type-product","3":"status-publish","4":"has-post-thumbnail","6":"pwb-brand-safire","7":"product_cat-ip-cameras","8":"product_cat-cameras","9":"product_cat-180-360-ptz-cameras","10":"product_cat-series","11":"product_cat-safire-pro-series","12":"product_shipping_class-pakket","13":"pa_aanbieding-opop","14":"pa_alarm-ingang-uitgang-nee","15":"pa_audio-nee","16":"pa_beeldhoek-graden-horizontaal-3674","17":"pa_beeldsensor-1-2-5-cmos","18":"pa_dag-nacht-ir-cut-filter-ja","19":"pa_geheugenkaart-type-micro-sdsdhcsdxc-128gb","20":"pa_ingebouwd-type-nachtzicht-infrared-ir-led","21":"pa_lens-mm-1-05","22":"pa_materiaal-metaal","23":"pa_megapixel-5mp","24":"pa_merk-safire","25":"pa_minimale-verlichting-0-01-lux-0-lux-met-ir","26":"pa_mobiele-app-fabrikant-ja","27":"pa_nachtzicht-ja","28":"pa_omgeving-binnen","29":"pa_opnemen-op-sd-kaart-ja","30":"pa_poe-802-3af","31":"pa_resolutie-max-pixels-full-hd-2560x1920","32":"pa_vandaalbestendig-nee","33":"pa_voeding-12vdc","34":"pa_voeding-poe","35":"pa_wdr-ja","37":"first","38":"instock","39":"sale","40":"sold-individually","41":"taxable","42":"shipping-taxable","43":"purchasable","44":"product-type-simple"},"brands":[{"id":3385,"name":"Safire","slug":"safire"}],"_links":{"self":[{"href":"https:\/\/webstore4.com\/de\/wp-json\/wp\/v2\/product\/7879","targetHints":{"allow":["GET"]}}],"collection":[{"href":"https:\/\/webstore4.com\/de\/wp-json\/wp\/v2\/product"}],"about":[{"href":"https:\/\/webstore4.com\/de\/wp-json\/wp\/v2\/types\/product"}],"replies":[{"embeddable":true,"href":"https:\/\/webstore4.com\/de\/wp-json\/wp\/v2\/comments?post=7879"}],"wp:featuredmedia":[{"embeddable":true,"href":"https:\/\/webstore4.com\/de\/wp-json\/wp\/v2\/media\/7880"}],"wp:attachment":[{"href":"https:\/\/webstore4.com\/de\/wp-json\/wp\/v2\/media?parent=7879"}],"wp:term":[{"taxonomy":"pwb-brand","embeddable":true,"href":"https:\/\/webstore4.com\/de\/wp-json\/wp\/v2\/pwb-brand?post=7879"},{"taxonomy":"product_cat","embeddable":true,"href":"https:\/\/webstore4.com\/de\/wp-json\/wp\/v2\/product_cat?post=7879"},{"taxonomy":"product_tag","embeddable":true,"href":"https:\/\/webstore4.com\/de\/wp-json\/wp\/v2\/product_tag?post=7879"}],"curies":[{"name":"wp","href":"https:\/\/api.w.org\/{rel}","templated":true}]}}