{"id":7855,"date":"2017-10-20T00:59:47","date_gmt":"2017-10-19T22:59:47","guid":{"rendered":"https:\/\/webstore4.com\/\/?product=dahua-ipc-hdbw2431rp-zs-s2-full-hd-4mp-buiten-dome-camera-met-ir-nachtzicht-gemotoriseerde-varifocale-lens-120db-wdr-en-sd-slot"},"modified":"2026-01-27T20:59:21","modified_gmt":"2026-01-27T19:59:21","slug":"dahua-ipc-hdbw2431r-zs-s2-4mp-dome-camera","status":"publish","type":"product","link":"https:\/\/webstore4.com\/de\/product\/dahua-ipc-hdbw2431r-zs-s2-4mp-dome-camera\/","title":{"rendered":"Dahua IPC-HDBW2431R-ZS-S2 Full HD 4MP buiten dome camera met IR nachtzicht, gemotoriseerde varifocale lens, 120dB WDR en SD slot"},"content":{"rendered":"<p>De Dahua IPC-HDBW2431R-ZS-S2 is een 4 megapixel Full HD dome camera met infrarood nachtzicht en een gemotoriseerde varifocale lens voor binnen of buiten. De camera is zeer geschikt voor gebruik bij woningen, kantoren, restaurants, hotels en bedrijfsruimten.<\/p>\n<p><strong>M\u00f6glichkeiten<\/strong><\/p>\n<p>De Dahua IPC-HDBW2431R-ZS-S2 geeft beelden weer in een Full HD 2688&#215;1520 resolutie. De camera heeft een ingebouwd automatisch IR-cut filter en is daarmee een echte dag\/nacht camera. In donkere omstandigheden kan de camera de ingebouwde IR verlichting inschakelen waardoor er zelfs in volledige duisternis (0 Lux) een haarscherp beeld is. De IR verlichting heeft een bereik van maar liefst 30 meter. De camera beschikt over 120dB Wide Dynamic Range (WDR) waardoor de camera zeer goed kan omgaan met complexe lichtomstandigheden als gevolg van bijvoorbeeld tegenlicht van de zon of auto koplampen.<\/p>\n<p>Das motorisch verstellbare 2,7- bis 13,5-mm-Varifokalobjektiv erm\u00f6glicht es, die Kamera aus der Ferne auf ein entferntes oder nahes Bild zu fokussieren. Durch das Vergr\u00f6\u00dfern und Verkleinern variiert der Blickwinkel zwischen 104 und 28 Grad.<\/p>\n<p>Beelden kunnen onder meer worden opgeslagen op een Netwerk Video Recorder (NVR). Geschikte NVR&#8217;s staan onder het tabblad &#8220;Gerelateerd&#8221;.\u00a0De camera beschikt ook over de mogelijkheid om in de camera op te nemen op een microSD geheugenkaart tot maximaal 128Gb.<\/p>\n<p>Dahua bietet eine kostenlose niederl\u00e4ndische App f\u00fcr Apple iOS und Android an. Die Kamera verf\u00fcgt \u00fcber einen internen Webserver, der \u00fcber einen Webbrowser angezeigt und verwaltet werden kann. Video Management Software (VMS) f\u00fcr einen Computer kann kostenlos von der Dahua-Website heruntergeladen werden. Der Reiter \u201eDokumentation\u201c enth\u00e4lt einen Link zur Produktseite des Herstellers.<\/p>\n<p>De Dahua IPC-HDBW2431R-ZS-S2 heeft een IP67 rating waardoor de camera uitermate geschikt is voor gebruik buiten. Voor installatiegemak kan de camera via de netwerkkabel worden gevoed met Power over Ethernet (standaard 802.3af POE). PoE kan worden verkregen door een PoE NVR, een PoE switch of met een PoE injector. De camera kan ook worden gevoed met een optionele 12V voeding adapter.<\/p>\n<p>Onder het tabblad opties kan worden aangegeven of een adapter moet worden meegeleverd. De camera is verstelbaar over 3 assen en daardoor ook zeer geschikt om verticaal tegen een wand te plaatsen. De camera is vandaalbestendig (IK10 rating).<\/p>\n<p><strong>Wichtigste Funktionen<\/strong><\/p>\n<ul>\n<li>4-Megapixel-Full-HD-Kamera mit motorisiertem Varioobjektiv f\u00fcr gestochen scharfe Bilder<\/li>\n<li>Tag-\/Nachtkamera mit automatischem mechanischem IR-Sperrfilter<\/li>\n<li>IR-Nachtsichtbeleuchtung<\/li>\n<li>Aufnahme in der Kamera auf SD-Karte<\/li>\n<li>Auf 3 Achsen verstellbar<\/li>\n<li>120 dB breiter Dynamikbereich (WDR)<\/li>\n<li>Zonen-optionale Hintergrundbeleuchtungskompensation (BLC)<\/li>\n<li>3D-Digital-Rauschunterdr\u00fcckung (3D-DNR)<\/li>\n<li>Bewegungserkennung, Manipulationsalarm, Privatzonenmaske<\/li>\n<li>ONVIF-Protokoll<\/li>\n<li>Stromversorgung \u00fcber 12VDC-Adapter oder \u00fcber PoE (802.3af)<\/li>\n<li>Vandalensicher (IK10)<\/li>\n<\/ul>\n<p><a href=\"https:\/\/www.webstore4ipcameras.nl\/Copyright\" target=\"_blank\" rel=\"noopener\"><span style=\"color: #ff6e03; font-size: 11px;\">\u00a9 Der Text ist urheberrechtlich gesch\u00fctzt<\/span><\/a><\/p>","protected":false},"excerpt":{"rendered":"<p>De Dahua IPC-HDBW2431R-ZS-S2 is een 4 megapixel Full HD dome camera met infrarood nachtzicht en een gemotoriseerde varifocale lens voor binnen of buiten. De camera is zeer geschikt voor gebruik bij woningen, kantoren, restaurants, hotels en bedrijfsruimten. Mogelijkheden De Dahua IPC-HDBW2431R-ZS-S2 geeft beelden weer in een Full HD 2688&#215;1520 resolutie. De camera heeft een ingebouwd<\/p>\n<div class=\"klb-readmore button\"><a class=\"btn link\" href=\"https:\/\/webstore4.com\/de\/product\/dahua-ipc-hdbw2431r-zs-s2-4mp-dome-camera\/\">Mehr lesen <i class=\"klbth-icon-right-arrow\"><\/i><\/a><\/div>","protected":false},"featured_media":7856,"comment_status":"closed","ping_status":"closed","template":"","meta":[],"pwb-brand":[3376],"product_cat":[3435,4184,4200,4199],"product_tag":[],"class_list":{"0":"post-7855","1":"product","2":"type-product","3":"status-publish","4":"has-post-thumbnail","6":"pwb-brand-dahua","7":"product_cat-ip-cameras","8":"product_cat-cameras","9":"product_cat-dome-eyeball-cameras-cameras","10":"product_cat-dahua-starlight-series","11":"product_shipping_class-pakket","12":"pa_audio-nee","13":"pa_beeldhoek-graden-horizontaal-104-27","14":"pa_beeldsensor-1-3-cmos","15":"pa_dag-nacht-ir-cut-filter-ja","16":"pa_geheugenkaart-type-micro-sdsdhcsdxc-256gb","17":"pa_ingebouwd-type-nachtzicht-infrared-ir-led","18":"pa_lens-mm-2-7-13-5","19":"pa_megapixel-4mp","20":"pa_merk-dahua","21":"pa_minimale-verlichting-0-008-lux-0-lux-met-ir","22":"pa_mobiele-app-fabrikant-ja","23":"pa_nachtzicht-ja","24":"pa_omgeving-binnen-en-buiten","25":"pa_opnemen-op-sd-kaart-ja","26":"pa_poe-802-3af","27":"pa_product-status-a","28":"pa_resolutie-max-pixels-full-hd-2688x1520","29":"pa_vandaalbestendig-ik10","30":"pa_verstelbare-assen-3631","31":"pa_voeding-12vdc","32":"pa_voeding-poe","33":"pa_wdr-ja","35":"first","36":"onbackorder","37":"taxable","38":"shipping-taxable","39":"purchasable","40":"product-type-simple"},"brands":[{"id":3376,"name":"Dahua","slug":"dahua"}],"_links":{"self":[{"href":"https:\/\/webstore4.com\/de\/wp-json\/wp\/v2\/product\/7855","targetHints":{"allow":["GET"]}}],"collection":[{"href":"https:\/\/webstore4.com\/de\/wp-json\/wp\/v2\/product"}],"about":[{"href":"https:\/\/webstore4.com\/de\/wp-json\/wp\/v2\/types\/product"}],"replies":[{"embeddable":true,"href":"https:\/\/webstore4.com\/de\/wp-json\/wp\/v2\/comments?post=7855"}],"wp:featuredmedia":[{"embeddable":true,"href":"https:\/\/webstore4.com\/de\/wp-json\/wp\/v2\/media\/7856"}],"wp:attachment":[{"href":"https:\/\/webstore4.com\/de\/wp-json\/wp\/v2\/media?parent=7855"}],"wp:term":[{"taxonomy":"pwb-brand","embeddable":true,"href":"https:\/\/webstore4.com\/de\/wp-json\/wp\/v2\/pwb-brand?post=7855"},{"taxonomy":"product_cat","embeddable":true,"href":"https:\/\/webstore4.com\/de\/wp-json\/wp\/v2\/product_cat?post=7855"},{"taxonomy":"product_tag","embeddable":true,"href":"https:\/\/webstore4.com\/de\/wp-json\/wp\/v2\/product_tag?post=7855"}],"curies":[{"name":"wp","href":"https:\/\/api.w.org\/{rel}","templated":true}]}}