{"id":7843,"date":"2017-10-11T00:02:51","date_gmt":"2017-10-10T22:02:51","guid":{"rendered":"https:\/\/webstore4.com\/\/?product=dahua-vto3211d-p2-s2-ip-video-intercom-2-knop-buiten-station-netwerkkabel-aansluiting-met-poe-en-mifare-kaartlezer"},"modified":"2024-08-22T16:03:46","modified_gmt":"2024-08-22T15:03:46","slug":"dahua-vto3211d-p2-s2-ip-video-intercom-2-knop-buiten-station","status":"publish","type":"product","link":"https:\/\/webstore4.com\/de\/product\/dahua-vto3211d-p2-s2-ip-video-intercom-2-knop-buiten-station\/","title":{"rendered":"Dahua VTO3211D-P2-S2 IP-Video-Gegensprechanlage 2-Tasten-Au\u00dfenstation (Netzwerkkabelanschluss) mit PoE und Mifare-Kartenleser"},"content":{"rendered":"<p>Die Dahua VTO3211D-P2-S2 ist eine Aufputz-IP-Video-Gegensprechanlage mit 2 Tasten und einer 2-Megapixel-Kamera sowie einem Mifare-Kartenleser zur Bedienung eines elektrischen T\u00fcrschlosses. Der Dahua VTO3211D-P2 kann problemlos mit 802.3af Power over Ethernet (PoE) betrieben werden. Die Au\u00dfenstation ist vandalensicher und eignet sich ideal f\u00fcr Geb\u00e4ude mit 2 Wohnungen oder beispielsweise ein B\u00fcro oder eine Praxis zu Hause.<\/p>\n<p><img decoding=\"async\" style=\"float: right; height: 125px; margin: 20px; width: 200px;\" src=\"https:\/\/webstore4.com\/wp-content\/uploads\/content\/Dahua_DMSS.jpg\" alt=\"Dahua DMSS\" \/><\/p>\n<p><strong>M\u00f6glichkeiten<\/strong><\/p>\n<p>Die Au\u00dfenstation verf\u00fcgt \u00fcber eine 2 Megapixel HD-Kamera mit einem sehr weiten Blickwinkel von 140 Grad und ist mit einem ICR-Infrarotfilter f\u00fcr gute Sichtbarkeit im Dunkeln ausgestattet. Der Dahua VTO3211D-P2 besteht aus robustem Aluminium und verf\u00fcgt \u00fcber die Schutzart IP65 f\u00fcr den Au\u00dfenbereich. Selbstverst\u00e4ndlich verf\u00fcgt der VTO3211D-P2 \u00fcber ein empfindliches omnidirektionales Mikrofon und einen Lautsprecher f\u00fcr klare Gespr\u00e4che. Der VTO3211D-P2 kann in Kombination mit einem Dahua-Innenmonitor verwendet werden, kann aber auch allein mit der kostenlosen mobilen Dahua-App verwendet werden. Live-Bilder k\u00f6nnen jederzeit mit der App oder im Monitor betrachtet werden.<\/p>\n<p>Het buiten station beschikt over een ingebouwd relais dat bedraad kan worden verbonden met een elektrische deurvergrendeling om op afstand een deur te ontgrendelen of door een Mifare kaart op het buiten station. Onder het tabblad &#8216;Opties&#8217; staan geschikte Mifare tags en Mifare kaarten.<\/p>\n<p>Op de Dahua VTO3211D-P2-S2 kan een, afzonderlijk te verkrijgen, extern RS485 relais (Dahua DEE1010B) worden aangesloten om een tweede deur of bijvoorbeeld een hek te ontgrendelen. Het DEE1010B relais kan ook als enig relais worden gebruikt en in het gebouw worden geplaatst voor extra veiligheid.<br \/>\nEr is de mogelijkheid om een exit knop op het buiten station aan te sluiten voor het ontgrendelen van een deur om naar buiten te gaan. In de categorie &#8216;Toegangscontrole&#8217; staan geschikte exit knoppen en er zijn enkele knoppen opgenomen onder &#8216;Opties&#8217;.<\/p>\n<p>Wir verf\u00fcgen \u00fcber die neueste Firmware in Englisch, Italienisch, Spanisch, Franz\u00f6sisch, Niederl\u00e4ndisch, Deutsch und Portugiesisch.<\/p>\n<p>De Dahua VTO3211D-P2-S2 kan worden geconfigureerd en beheerd in de ingebouwde web interface via een browser op een Windows PC. De VTO3211D-P2 werkt samen met de gratis smartPSS Dahua Video Management Software (VMS) voor Windows en de mobile app voor iOS en Android. In de VTO3211D-P2 kan een microSD van maximaal 64Gb worden geplaatst voor opname van snapshots en audio\/video boodschappen.<br \/>\nUploaden van beelden naar een FTP server is ook mogelijk. De beelden van de camera kunnen ook worden opgenomen op een Netwerk Video Recorder (NVR).<\/p>\n<p><strong>Montage<\/strong><\/p>\n<p>De Dahua VTO3211D-P2 kan worden gevoed met een niet meegeleverde 12VDC adapter of met Power over Ethernet (PoE 802.3af). Een geschikte 12VDC adapter kan worden mee besteld onder het tabblad &#8216;Opties&#8217;. Voor installatiegemak raden wij aan een DC connector (vrouwelijk) mee te bestellen. Deze DC connector kan worden gevonden onder het tabblad &#8216;Opties&#8217;. Onder het tabblad &#8216;Opties&#8217; staan ook enkele geschikte PoE injectors en switches. De Dahua VTO3211D-P2 kan niet worden aangesloten op de Dahua VTNS1060A intercom switch.<\/p>\n<p><strong>Wichtigste Funktionen<\/strong><\/p>\n<ul>\n<li>2,0-Megapixel-HD-CMOS-Kamera<\/li>\n<li>140 Grad Betrachtungswinkel<\/li>\n<li>Wetterfest (IP65)<\/li>\n<li>Vandalensicher (IK08)<\/li>\n<li>Sabotagealarm<\/li>\n<li>T\u00fcren aus der Ferne \u00f6ffnen<\/li>\n<li>Rufgruppe und Verwaltungszentrale<\/li>\n<li>Hinterlassen einer Video- und Audionachricht durch den Besucher<\/li>\n<li>PoE-Stromversorgung und Signal \u00fcber 1 Netzwerkkabel oder Netzteil mit einem 12-VDC-Adapter<\/li>\n<li>P2P-Verbindung, daher ist keine Portweiterleitung erforderlich<\/li>\n<\/ul>\n<p><a href=\"https:\/\/webstore4.com\/Copyright\/\" target=\"_blank\" rel=\"noopener\"><span style=\"color: #ff6e03; font-size: 11px;\">\u00a9 Der Text ist urheberrechtlich gesch\u00fctzt<\/span><\/a><\/p>","protected":false},"excerpt":{"rendered":"<p>De Dahua VTO3211D-P2-S2 is een opbouw IP video intercom 2-button buiten station met een 2 megapixel camera en een Mifare kaartlezer\u00a0voor bediening van een elektrisch deurslot. De\u00a0Dahua VTO3211D-P2 kan eenvoudig worden gevoed met 802.3af Power over Ethernet (PoE). Het buiten station is vandaalbestendig en is ideaal voor gebouwen met 2 appartementen of bijvoorbeeld een kantoor<\/p>\n<div class=\"klb-readmore button\"><a class=\"btn link\" href=\"https:\/\/webstore4.com\/de\/product\/dahua-vto3211d-p2-s2-ip-video-intercom-2-knop-buiten-station\/\">Mehr lesen <i class=\"klbth-icon-right-arrow\"><\/i><\/a><\/div>","protected":false},"featured_media":7844,"comment_status":"open","ping_status":"closed","template":"","meta":[],"pwb-brand":[3376],"product_cat":[4178,4179],"product_tag":[1625],"class_list":{"0":"post-7843","1":"product","2":"type-product","3":"status-publish","4":"has-post-thumbnail","6":"pwb-brand-dahua","7":"product_cat-intercom","8":"product_cat-dahua-ip-video","9":"product_tag-vto3211d-p2","10":"product_shipping_class-pakket","11":"pa_aansluiting-netwerk-kabel","12":"pa_audio-microfoon-speaker","13":"pa_beeldhoek-graden-horizontaal-3661","14":"pa_draadloos-nee","15":"pa_frequentie-tags-en-readers-mifare-13-56-mhz","16":"pa_geheugenkaart-type-micro-sdsdhcsdxc-64gb","17":"pa_kaartlezer-ja","18":"pa_kleur-grijs","19":"pa_materiaal-aluminium","20":"pa_megapixel-2mp","21":"pa_merk-dahua","22":"pa_mobiele-app-fabrikant-ja","23":"pa_montage-opbouw","24":"pa_nachtzicht-ja","25":"pa_omgeving-binnen-en-buiten","26":"pa_poe-802-3af","27":"pa_product-buitenpost","28":"pa_product-status-d","29":"pa_stand-alone-ja","30":"pa_vandaalbestendig-ik08","31":"pa_voeding-12vdc","32":"pa_voeding-poe","34":"first","35":"onbackorder","36":"taxable","37":"shipping-taxable","38":"purchasable","39":"product-type-simple"},"brands":[{"id":3376,"name":"Dahua","slug":"dahua"}],"_links":{"self":[{"href":"https:\/\/webstore4.com\/de\/wp-json\/wp\/v2\/product\/7843","targetHints":{"allow":["GET"]}}],"collection":[{"href":"https:\/\/webstore4.com\/de\/wp-json\/wp\/v2\/product"}],"about":[{"href":"https:\/\/webstore4.com\/de\/wp-json\/wp\/v2\/types\/product"}],"replies":[{"embeddable":true,"href":"https:\/\/webstore4.com\/de\/wp-json\/wp\/v2\/comments?post=7843"}],"wp:featuredmedia":[{"embeddable":true,"href":"https:\/\/webstore4.com\/de\/wp-json\/wp\/v2\/media\/7844"}],"wp:attachment":[{"href":"https:\/\/webstore4.com\/de\/wp-json\/wp\/v2\/media?parent=7843"}],"wp:term":[{"taxonomy":"pwb-brand","embeddable":true,"href":"https:\/\/webstore4.com\/de\/wp-json\/wp\/v2\/pwb-brand?post=7843"},{"taxonomy":"product_cat","embeddable":true,"href":"https:\/\/webstore4.com\/de\/wp-json\/wp\/v2\/product_cat?post=7843"},{"taxonomy":"product_tag","embeddable":true,"href":"https:\/\/webstore4.com\/de\/wp-json\/wp\/v2\/product_tag?post=7843"}],"curies":[{"name":"wp","href":"https:\/\/api.w.org\/{rel}","templated":true}]}}