{"id":7839,"date":"2017-08-28T02:25:49","date_gmt":"2017-08-28T00:25:49","guid":{"rendered":"https:\/\/webstore4.com\/\/?product=maxalarm-vega-plus-bedrade-buiten-sirene-met-2-rode-led-flitsbalken-en-backup-accu-grade-3"},"modified":"2025-03-26T18:54:23","modified_gmt":"2025-03-26T17:54:23","slug":"maxalarm-vega-plus-bedrade-buiten-sirene-rood","status":"publish","type":"product","link":"https:\/\/webstore4.com\/de\/product\/maxalarm-vega-plus-bedrade-buiten-sirene-rood\/","title":{"rendered":"Maxalarm Vega Plus kabelgebundene Au\u00dfensirene mit 2 roten LED-Blitzbalken und Pufferbatterie der G\u00fcteklasse 3"},"content":{"rendered":"<p>Die kabelgebundene Au\u00dfensirene Maxalarm Vega Plus verf\u00fcgt \u00fcber 2 rote LED-Blitzbalken mit hoher Intensit\u00e4t und eine 112-dB-Sirene. Der Maxalarm Vega Plus ist universell einsetzbar und verf\u00fcgt \u00fcber die Zertifizierung EN 50131-4 Grad 3 \/ Umweltklasse III.<\/p>\n<p><strong>Wichtige Funktionen<\/strong><\/p>\n<ul>\n<li>Geeignet f\u00fcr den Au\u00dfenbereich<\/li>\n<li>2 Lautsprecher<\/li>\n<li>4 w\u00e4hlbare Sounds<\/li>\n<li>W\u00e4hlbarer LED-Blitz<\/li>\n<li>Ein\/Aus-Ton und Blitz m\u00f6glich<\/li>\n<li>Akustische oder visuelle Ausl\u00f6sung durch positive oder negative Eingabe<\/li>\n<li>Einstellbare Dauer von 3 oder 15 Minuten<\/li>\n<li>Mitgelieferter wiederaufladbarer Backup-Akku mit 6 V und 1,3 Ah<\/li>\n<li>Sabotageschalter vorne und hinten<\/li>\n<li>12VDC Netzteil (nicht im Lieferumfang enthalten)<\/li>\n<li>Zertifizierung nach EN 50131-4 Klasse 3 \/ Umweltklasse III<\/li>\n<\/ul>\n<p><a href=\"https:\/\/www.webstore4ipcameras.nl\/Copyright\" target=\"_blank\" rel=\"noopener\"><span style=\"color: #ff6e03; font-size: 11px;\">\u00a9 Der Text ist urheberrechtlich gesch\u00fctzt<\/span><\/a><\/p>","protected":false},"excerpt":{"rendered":"<p>Die kabelgebundene Au\u00dfensirene Maxalarm Vega Plus verf\u00fcgt \u00fcber 2 rote LED-Blitzbalken und eine Sirene.<\/p>","protected":false},"featured_media":7840,"comment_status":"open","ping_status":"closed","template":"","meta":[],"pwb-brand":[3392],"product_cat":[3466,4194],"product_tag":[],"class_list":{"0":"post-7839","1":"product","2":"type-product","3":"status-publish","4":"has-post-thumbnail","6":"pwb-brand-maxalarm","7":"product_cat-alarm","8":"product_cat-audio","9":"product_shipping_class-pakket","10":"pa_garantie-3-jaar","11":"pa_merk-maxalarm","12":"pa_omgeving-binnen-en-buiten","13":"pa_voeding-12vdc","15":"first","16":"onbackorder","17":"taxable","18":"shipping-taxable","19":"purchasable","20":"product-type-simple"},"brands":[{"id":3392,"name":"Maxalarm","slug":"maxalarm"}],"_links":{"self":[{"href":"https:\/\/webstore4.com\/de\/wp-json\/wp\/v2\/product\/7839","targetHints":{"allow":["GET"]}}],"collection":[{"href":"https:\/\/webstore4.com\/de\/wp-json\/wp\/v2\/product"}],"about":[{"href":"https:\/\/webstore4.com\/de\/wp-json\/wp\/v2\/types\/product"}],"replies":[{"embeddable":true,"href":"https:\/\/webstore4.com\/de\/wp-json\/wp\/v2\/comments?post=7839"}],"wp:featuredmedia":[{"embeddable":true,"href":"https:\/\/webstore4.com\/de\/wp-json\/wp\/v2\/media\/7840"}],"wp:attachment":[{"href":"https:\/\/webstore4.com\/de\/wp-json\/wp\/v2\/media?parent=7839"}],"wp:term":[{"taxonomy":"pwb-brand","embeddable":true,"href":"https:\/\/webstore4.com\/de\/wp-json\/wp\/v2\/pwb-brand?post=7839"},{"taxonomy":"product_cat","embeddable":true,"href":"https:\/\/webstore4.com\/de\/wp-json\/wp\/v2\/product_cat?post=7839"},{"taxonomy":"product_tag","embeddable":true,"href":"https:\/\/webstore4.com\/de\/wp-json\/wp\/v2\/product_tag?post=7839"}],"curies":[{"name":"wp","href":"https:\/\/api.w.org\/{rel}","templated":true}]}}