{"id":7809,"date":"2017-06-16T01:51:33","date_gmt":"2017-06-15T23:51:33","guid":{"rendered":"https:\/\/webstore4.com\/\/?product=olle-vr-190-kluis-met-sleutelslot-voor-video-recorders-voor-montage-in-19-rack"},"modified":"2024-07-12T08:20:34","modified_gmt":"2024-07-12T07:20:34","slug":"olle-vr-190-kluis-met-sleutelslot-voor-video-recorders","status":"publish","type":"product","link":"https:\/\/webstore4.com\/de\/product\/olle-vr-190-kluis-met-sleutelslot-voor-video-recorders\/","title":{"rendered":"Oll\u00e9 VR-190 Tresor mit Schl\u00fcsselschloss f\u00fcr Videorecorder zur Montage in einem 19\u2033-Rack"},"content":{"rendered":"<p>Der Arcas Oll\u00e9 VR-190E ist ein hochwertiger Tresor mit sicherem elektronischem Codeschloss f\u00fcr Videorecorder oder andere diebstahl- oder sabotageempfindliche Ger\u00e4te. Der Arcas Oll\u00e9 VR-190E ist f\u00fcr die Montage in einem 19\u2033-Rack geeignet. ARCAS OLLE ist ein Familienunternehmen mit Sitz in Spanien, das sich seit 1845 der Herstellung von Tresoren widmet. Aufgrund seines sehr hohen Qualit\u00e4tsniveaus ist der Tresor VR-190E nicht mit den \u00fcblicherweise angebotenen Recorder-Tresoren vergleichbar.<\/p>\n<p>Wir sind der offizielle ARCAS OLLE-Distributor und Wiederverk\u00e4ufer in der BENELUX- und DACH-Region f\u00fcr die Videorecorder-Safes der VR-Serie.<\/p>\n<p><strong>M\u00f6glichkeiten<\/strong><\/p>\n<p>Der Arcas Oll\u00e9 VR-190 bietet Schutz f\u00fcr Ger\u00e4te, die gegen Diebstahl oder Manipulation empfindlich sind, w\u00e4hrend die Anschlussm\u00f6glichkeiten und die K\u00fchlung durch Aussparungen im Safe erhalten bleiben. Der Tresor ist ideal zum Schutz vor Diebstahl oder Sabotage von Kamera-Videorecordern, NAS, Servern, Switches, Zugangscontrollern usw. Der Tresor besteht aus einem 4 mm dicken Stahlrahmen und einer T\u00fcr sowie einem 2 mm dicken Stahlgeh\u00e4use und ist mit einem Tresor ausgestattet und hochwertiges Schloss. Der Tresor verf\u00fcgt \u00fcber eine Pulverbeschichtung und eine Farbe \u00e4hnlich der RAL-Farbe 7022.<\/p>\n<p>Optional ist ein Einbaul\u00fcfter-Kit erh\u00e4ltlich. Diese Option ist auf der Registerkarte \u201eOptionen\u201c enthalten. Alle Abmessungen und das Benutzerhandbuch finden Sie unter den Links im Reiter \u201eDokumentation\u201c.<img decoding=\"async\" style=\"float: right; height: 30%; margin: 10px; width: 30%;\" src=\"https:\/\/webstore4.com\/wp-content\/uploads\/content\/Arcas_Olle_rack_19_VR119.jpg\" alt=\"Arcas Olle VR-190(E)\" \/><\/p>\n<p><strong>Wichtigste Funktionen<\/strong><\/p>\n<ul>\n<li>Elektronischer Ger\u00e4tetresor aus Stahl und sehr hoher Qualit\u00e4t<\/li>\n<li>Montage im 19\u2033-Rack<\/li>\n<li>Sicheres 6-Hebel-Einsteckschl\u00fcsselschloss mit Doppelbart<\/li>\n<li>Wiegt 13 Kilo<\/li>\n<li>Tastensperre<\/li>\n<li>Pulverbeschichtung<\/li>\n<\/ul>\n<p><a href=\"https:\/\/webstore4.com\/Copyright\/\" target=\"_blank\" rel=\"noopener\"><span style=\"color: #ff6e03; font-size: 11px;\">\u00a9 Der Text ist urheberrechtlich gesch\u00fctzt<\/span><\/a><\/p>","protected":false},"excerpt":{"rendered":"<p>De Arcas\u00a0Oll\u00e9 VR-190 is een kwalitatief hoogwaardige kluis met een veilig sleutelslot voor video recorders of andere diefstal- of sabotagegevoelige apparatuur.\u00a0De Arcas\u00a0Oll\u00e9 VR-190 is geschikt voor montage in 19&#8243; rack.\u00a0ARCAS OLLE is een familiebedrijf gevestigd in Spanje gewijd aan de vervaardiging van kluizen sinds 1845.\u00a0Vanwege het zeer hoge kwaliteitsniveau is de VR-190 kluis niet vergelijkbaar<\/p>\n<div class=\"klb-readmore button\"><a class=\"btn link\" href=\"https:\/\/webstore4.com\/de\/product\/olle-vr-190-kluis-met-sleutelslot-voor-video-recorders\/\">Mehr lesen <i class=\"klbth-icon-right-arrow\"><\/i><\/a><\/div>","protected":false},"featured_media":7810,"comment_status":"open","ping_status":"closed","template":"","meta":[],"pwb-brand":[3388],"product_cat":[4204,4206],"product_tag":[],"class_list":{"0":"post-7809","1":"product","2":"type-product","3":"status-publish","4":"has-post-thumbnail","6":"pwb-brand-arcas-olle","7":"product_cat-kasten-kluizen","8":"product_cat-recorder-kasten","9":"product_shipping_class-pakket","10":"pa_breedte-443-mm","11":"pa_diepte-450-mm","12":"pa_hoogte-178-mm","13":"pa_materiaal-staal","14":"pa_merk-arcas-olle","15":"pa_omgeving-binnen","16":"pa_product-kluis","18":"first","19":"onbackorder","20":"featured","21":"taxable","22":"shipping-taxable","23":"purchasable","24":"product-type-simple"},"brands":[{"id":3388,"name":"Arcas Oll\u00e9","slug":"arcas-olle"}],"_links":{"self":[{"href":"https:\/\/webstore4.com\/de\/wp-json\/wp\/v2\/product\/7809","targetHints":{"allow":["GET"]}}],"collection":[{"href":"https:\/\/webstore4.com\/de\/wp-json\/wp\/v2\/product"}],"about":[{"href":"https:\/\/webstore4.com\/de\/wp-json\/wp\/v2\/types\/product"}],"replies":[{"embeddable":true,"href":"https:\/\/webstore4.com\/de\/wp-json\/wp\/v2\/comments?post=7809"}],"wp:featuredmedia":[{"embeddable":true,"href":"https:\/\/webstore4.com\/de\/wp-json\/wp\/v2\/media\/7810"}],"wp:attachment":[{"href":"https:\/\/webstore4.com\/de\/wp-json\/wp\/v2\/media?parent=7809"}],"wp:term":[{"taxonomy":"pwb-brand","embeddable":true,"href":"https:\/\/webstore4.com\/de\/wp-json\/wp\/v2\/pwb-brand?post=7809"},{"taxonomy":"product_cat","embeddable":true,"href":"https:\/\/webstore4.com\/de\/wp-json\/wp\/v2\/product_cat?post=7809"},{"taxonomy":"product_tag","embeddable":true,"href":"https:\/\/webstore4.com\/de\/wp-json\/wp\/v2\/product_tag?post=7809"}],"curies":[{"name":"wp","href":"https:\/\/api.w.org\/{rel}","templated":true}]}}