{"id":7803,"date":"2017-06-15T19:15:59","date_gmt":"2017-06-15T17:15:59","guid":{"rendered":"https:\/\/webstore4.com\/\/?product=olle-vr1301p-plateau-voor-in-de-kluizen-vr-130-en-vr-130e"},"modified":"2024-06-21T09:25:50","modified_gmt":"2024-06-21T08:25:50","slug":"olle-vr1301p-plateau","status":"publish","type":"product","link":"https:\/\/webstore4.com\/de\/product\/olle-vr1301p-plateau\/","title":{"rendered":"Oll\u00e9 VR1301P Plateau f\u00fcr die Tresore VR-130 und VR-130E"},"content":{"rendered":"<p>Die Oll\u00e9 VR1301P ist eine Plattform mit K\u00fchll\u00f6chern f\u00fcr den Einsatz in den Tresoren VR-130 und VR-130E.<\/p>\n<p>ARCAS OLLE ist ein Familienunternehmen mit Sitz in Spanien, das sich seit 1845 der Herstellung von Tresoren widmet. Wir sind der offizielle ARCAS OLLE-Distributor und Wiederverk\u00e4ufer in der BENELUX- und DACH-Region f\u00fcr die VCR-Tresore der VR-Serie.<\/p>\n<p><strong>Wichtigste Funktionen<\/strong><\/p>\n<ul>\n<li>Plateau met koelgaten<\/li>\n<li>Geschikt voor VR-130 en VR-130E<\/li>\n<\/ul>\n<p><a href=\"https:\/\/webstore4.com\/Copyright\/\" target=\"_blank\" rel=\"noopener\"><span style=\"color: #ff6e03; font-size: 11px;\">\u00a9 Der Text ist urheberrechtlich gesch\u00fctzt<\/span><\/a><\/p>","protected":false},"excerpt":{"rendered":"<p>De Oll\u00e9 VR1301P is een plateau met koelgaten voor gebruik in de kluizen VR-130 en VR-130E. ARCAS OLLE is een familiebedrijf gevestigd in Spanje gewijd aan de vervaardiging van kluizen sinds 1845. Wij zijn de offici\u00eble ARCAS OLLE\u00a0distributeur en reseller in de BENELUX en DACH regio voor de VR-serie videorecorder kluizen. Belangrijkste kenmerken Plateau met<\/p>\n<div class=\"klb-readmore button\"><a class=\"btn link\" href=\"https:\/\/webstore4.com\/de\/product\/olle-vr1301p-plateau\/\">Mehr lesen <i class=\"klbth-icon-right-arrow\"><\/i><\/a><\/div>","protected":false},"featured_media":7804,"comment_status":"closed","ping_status":"closed","template":"","meta":[],"pwb-brand":[3388],"product_cat":[4204,4206],"product_tag":[],"class_list":{"0":"post-7803","1":"product","2":"type-product","3":"status-publish","4":"has-post-thumbnail","6":"pwb-brand-arcas-olle","7":"product_cat-kasten-kluizen","8":"product_cat-recorder-kasten","9":"pa_merk-arcas-olle","10":"pa_omgeving-binnen","11":"pa_product-accessoires","13":"first","14":"onbackorder","15":"taxable","16":"shipping-taxable","17":"purchasable","18":"product-type-simple"},"brands":[{"id":3388,"name":"Arcas Oll\u00e9","slug":"arcas-olle"}],"_links":{"self":[{"href":"https:\/\/webstore4.com\/de\/wp-json\/wp\/v2\/product\/7803","targetHints":{"allow":["GET"]}}],"collection":[{"href":"https:\/\/webstore4.com\/de\/wp-json\/wp\/v2\/product"}],"about":[{"href":"https:\/\/webstore4.com\/de\/wp-json\/wp\/v2\/types\/product"}],"replies":[{"embeddable":true,"href":"https:\/\/webstore4.com\/de\/wp-json\/wp\/v2\/comments?post=7803"}],"wp:featuredmedia":[{"embeddable":true,"href":"https:\/\/webstore4.com\/de\/wp-json\/wp\/v2\/media\/7804"}],"wp:attachment":[{"href":"https:\/\/webstore4.com\/de\/wp-json\/wp\/v2\/media?parent=7803"}],"wp:term":[{"taxonomy":"pwb-brand","embeddable":true,"href":"https:\/\/webstore4.com\/de\/wp-json\/wp\/v2\/pwb-brand?post=7803"},{"taxonomy":"product_cat","embeddable":true,"href":"https:\/\/webstore4.com\/de\/wp-json\/wp\/v2\/product_cat?post=7803"},{"taxonomy":"product_tag","embeddable":true,"href":"https:\/\/webstore4.com\/de\/wp-json\/wp\/v2\/product_tag?post=7803"}],"curies":[{"name":"wp","href":"https:\/\/api.w.org\/{rel}","templated":true}]}}