{"id":7801,"date":"2017-06-15T19:06:23","date_gmt":"2017-06-15T17:06:23","guid":{"rendered":"https:\/\/webstore4.com\/\/?product=olle-vr-120e-kluis-met-electronisch-slot-met-vertraging-voor-video-recorders"},"modified":"2024-06-21T09:25:50","modified_gmt":"2024-06-21T08:25:50","slug":"olle-vr-120e-kluis-met-electronisch-slot-voor-video-recorders","status":"publish","type":"product","link":"https:\/\/webstore4.com\/de\/product\/olle-vr-120e-kluis-met-electronisch-slot-voor-video-recorders\/","title":{"rendered":"Oll\u00e9 VR-120E Tresor mit elektronischem Schloss mit Verz\u00f6gerung f\u00fcr Videorecorder"},"content":{"rendered":"<p>Der Arcas Oll\u00e9 VR-120E ist ein hochwertiger Tresor mit sicherem elektronischem Codeschloss f\u00fcr Videorecorder oder andere diebstahl- oder sabotageempfindliche Ger\u00e4te. ARCAS OLLE ist ein in Spanien ans\u00e4ssiges Familienunternehmen, das sich seit 1845 der Herstellung von Tresoren widmet. Aufgrund seines sehr hohen Qualit\u00e4tsniveaus ist der Tresor VR-120E nicht mit den \u00fcblicherweise angebotenen Recorder-Tresoren vergleichbar.<\/p>\n<p>Wir sind der offizielle ARCAS OLLE-Distributor und Wiederverk\u00e4ufer in der BENELUX- und DACH-Region f\u00fcr die Videorecorder-Safes der VR-Serie.<\/p>\n<p><strong>M\u00f6glichkeiten<\/strong><\/p>\n<p>De Arcas\u00a0Oll\u00e9 VR-120E biedt bescherming voor\u00a0diefstal- of sabotagegevoelige apparatuur met behoud van aansluitmogelijkheden en koeling door middel van uitsparingen in de kluis. De kluis is ideaal voor het bescherming tegen diefstal of sabotage van camera video recorders, NAS, servers, switches, access controllers etc. De kluis is gemaakt van 4mm dik stalen frame en deur en een 2mm dik stalen behuizing.<\/p>\n<p>De kluis is uitgerust met een veilig en hoogwaardig elektronisch PIN code slot. Na viermaal de verkeerde code invoer is een wachttijd van 5 minuten. Daarna is er weer een wachttijd van 5 minuten bij invoer van twee foutieve codes. Er is een standaard openingsvertraging van 10 minuten. Op verzoek is een activatiecode verkrijgbaar om de vertraging zelf in te stellen tussen de 0 en 99 minuten. Er is een standaard open tijd van 5 minuten. Op verzoek is een activatiecode verkrijgbaar om de open tijd\u00a0tussen de 1 en 19 minuten in te stellen. Het slot wordt gevoed met een 9V batterij.<\/p>\n<p>Der Tresor verf\u00fcgt an der Unterseite \u00fcber 9-mm-Rundl\u00f6cher zur Verankerung. Der Tresor verf\u00fcgt \u00fcber eine Pulverbeschichtung und eine Farbe \u00e4hnlich der RAL-Farbe 7022.<\/p>\n<p>Optional sind ein Einbaul\u00fcfter-Kit und eine ausziehbare Schublade erh\u00e4ltlich. Diese Optionen sind auf der Registerkarte \u201eOptionen\u201c enthalten. Alle Abmessungen und das Benutzerhandbuch finden Sie unter den Links im Reiter \u201eDokumentation\u201c.<\/p>\n<p><strong>Wichtigste Funktionen<\/strong><\/p>\n<ul>\n<li>Elektronischer Ger\u00e4tetresor aus Stahl und sehr hoher Qualit\u00e4t<\/li>\n<li>Elektronisches Codeschloss mit Verz\u00f6gerung<\/li>\n<li>Wiegt 26 Kilo<\/li>\n<li>Pulverbeschichtung<\/li>\n<\/ul>\n<p><img decoding=\"async\" style=\"height: 100%; margin: 10px; width: 100%;\" src=\"https:\/\/webstore4.com\/wp-content\/uploads\/content\/Arcas_Olle_VR-series.jpg\" alt=\"Arcas Olle VR-series\" \/><\/p>\n<p><a href=\"https:\/\/webstore4.com\/Copyright\/\" target=\"_blank\" rel=\"noopener\"><span style=\"color: #ff6e03; font-size: 11px;\">\u00a9 Der Text ist urheberrechtlich gesch\u00fctzt<\/span><\/a><\/p>","protected":false},"excerpt":{"rendered":"<p>Der Arcas Oll\u00e9 VR-120E ist ein hochwertiger Tresor mit sicherem elektronischem Codeschloss f\u00fcr Videorecorder oder andere diebstahl- oder sabotageempfindliche Ger\u00e4te. ARCAS OLLE ist ein in Spanien ans\u00e4ssiges Familienunternehmen, das sich seit 1845 der Herstellung von Tresoren widmet. Aufgrund seines sehr hohen Qualit\u00e4tsniveaus ist der Tresor VR-120E nicht mit den \u00fcblicherweise angebotenen Recorder-Tresoren vergleichbar.<\/p>\n<div class=\"klb-readmore button\"><a class=\"btn link\" href=\"https:\/\/webstore4.com\/de\/product\/olle-vr-120e-kluis-met-electronisch-slot-voor-video-recorders\/\">Mehr lesen <i class=\"klbth-icon-right-arrow\"><\/i><\/a><\/div>","protected":false},"featured_media":7802,"comment_status":"open","ping_status":"closed","template":"","meta":[],"pwb-brand":[3388],"product_cat":[4204,4206],"product_tag":[],"class_list":{"0":"post-7801","1":"product","2":"type-product","3":"status-publish","4":"has-post-thumbnail","6":"pwb-brand-arcas-olle","7":"product_cat-kasten-kluizen","8":"product_cat-recorder-kasten","9":"product_shipping_class-pakket","10":"pa_breedte-615-mm","11":"pa_diepte-550-mm","12":"pa_hoogte-225-mm","13":"pa_materiaal-staal","14":"pa_merk-arcas-olle","15":"pa_omgeving-binnen","16":"pa_product-kluis-code-slot","18":"first","19":"onbackorder","20":"taxable","21":"shipping-taxable","22":"purchasable","23":"product-type-simple"},"brands":[{"id":3388,"name":"Arcas Oll\u00e9","slug":"arcas-olle"}],"_links":{"self":[{"href":"https:\/\/webstore4.com\/de\/wp-json\/wp\/v2\/product\/7801","targetHints":{"allow":["GET"]}}],"collection":[{"href":"https:\/\/webstore4.com\/de\/wp-json\/wp\/v2\/product"}],"about":[{"href":"https:\/\/webstore4.com\/de\/wp-json\/wp\/v2\/types\/product"}],"replies":[{"embeddable":true,"href":"https:\/\/webstore4.com\/de\/wp-json\/wp\/v2\/comments?post=7801"}],"wp:featuredmedia":[{"embeddable":true,"href":"https:\/\/webstore4.com\/de\/wp-json\/wp\/v2\/media\/7802"}],"wp:attachment":[{"href":"https:\/\/webstore4.com\/de\/wp-json\/wp\/v2\/media?parent=7801"}],"wp:term":[{"taxonomy":"pwb-brand","embeddable":true,"href":"https:\/\/webstore4.com\/de\/wp-json\/wp\/v2\/pwb-brand?post=7801"},{"taxonomy":"product_cat","embeddable":true,"href":"https:\/\/webstore4.com\/de\/wp-json\/wp\/v2\/product_cat?post=7801"},{"taxonomy":"product_tag","embeddable":true,"href":"https:\/\/webstore4.com\/de\/wp-json\/wp\/v2\/product_tag?post=7801"}],"curies":[{"name":"wp","href":"https:\/\/api.w.org\/{rel}","templated":true}]}}