{"id":7799,"date":"2017-06-15T18:58:36","date_gmt":"2017-06-15T16:58:36","guid":{"rendered":"https:\/\/webstore4.com\/\/?product=olle-vr-120-kluis-met-sleutelslot-voor-video-recorders"},"modified":"2024-06-21T09:25:50","modified_gmt":"2024-06-21T08:25:50","slug":"olle-vr-120-kluis-met-sleutelslot-voor-video-recorders","status":"publish","type":"product","link":"https:\/\/webstore4.com\/de\/product\/olle-vr-120-kluis-met-sleutelslot-voor-video-recorders\/","title":{"rendered":"Oll\u00e9 VR-120 Tresor mit Schl\u00fcsselschloss f\u00fcr Videorecorder"},"content":{"rendered":"<p>Der Arcas Oll\u00e9 VR-120 ist ein hochwertiger Tresor mit sicherem Tastenschloss f\u00fcr Videorecorder oder andere Ger\u00e4te, die anf\u00e4llig f\u00fcr Diebstahl oder Manipulation sind. ARCAS OLLE ist ein Familienunternehmen mit Sitz in Spanien, das sich seit 1845 der Herstellung von Tresoren widmet. Aufgrund seines sehr hohen Qualit\u00e4tsniveaus ist der VR-120-Tresor nicht mit den \u00fcblicherweise angebotenen Recorder-Tresoren vergleichbar.<\/p>\n<p>Wir sind der offizielle ARCAS OLLE-Distributor und Wiederverk\u00e4ufer in der BENELUX- und DACH-Region f\u00fcr die Videorecorder-Safes der VR-Serie.<\/p>\n<p><strong>M\u00f6glichkeiten<\/strong><\/p>\n<p>Der Arcas Oll\u00e9 VR-130 bietet Schutz f\u00fcr diebstahl- oder sabotageempfindliche Ausr\u00fcstung und beh\u00e4lt gleichzeitig die Anschlussm\u00f6glichkeiten und die K\u00fchlung durch Aussparungen im Tresor bei. Der Tresor ist ideal zum Schutz vor Diebstahl oder Sabotage von Kamera-Videorecordern, NAS, Servern, Switches, Zugangscontrollern usw. Der Tresor besteht aus einem 4 mm dicken Stahlrahmen und einer T\u00fcr sowie einem 2 mm dicken Stahlgeh\u00e4use und ist mit einem Tresor ausgestattet und hochwertiges Schloss. Der Tresor verf\u00fcgt an der Unterseite \u00fcber 9-mm-Rundl\u00f6cher zur Verankerung. Der Tresor verf\u00fcgt \u00fcber eine Pulverbeschichtung und eine Farbe \u00e4hnlich der RAL-Farbe 7022.<\/p>\n<p>Optional sind ein Einbaul\u00fcfter-Kit und eine ausziehbare Schublade erh\u00e4ltlich. Diese Optionen sind auf der Registerkarte \u201eOptionen\u201c enthalten. Alle Abmessungen und das Benutzerhandbuch finden Sie unter den Links im Reiter \u201eDokumentation\u201c.<\/p>\n<p><strong>Wichtigste Funktionen<\/strong><\/p>\n<ul>\n<li>Elektronischer Ger\u00e4tetresor aus Stahl und sehr hoher Qualit\u00e4t<\/li>\n<li>Sicheres 6-Hebel-Einsteckschl\u00fcsselschloss mit Doppelbart<\/li>\n<li>Wiegt 26 Kilo<\/li>\n<li>Tastensperre<\/li>\n<li>Pulverbeschichtung<\/li>\n<\/ul>\n<p><img decoding=\"async\" style=\"height: 100%; margin: 10px; width: 100%;\" src=\"https:\/\/webstore4.com\/wp-content\/uploads\/content\/Arcas_Olle_VR-series.jpg\" alt=\"Arcas Olle VR-series\" \/><\/p>\n<p><a href=\"https:\/\/webstore4.com\/Copyright\/\" target=\"_blank\" rel=\"noopener\"><span style=\"color: #ff6e03; font-size: 11px;\">\u00a9 Der Text ist urheberrechtlich gesch\u00fctzt<\/span><\/a><\/p>","protected":false},"excerpt":{"rendered":"<p>De Arcas\u00a0Oll\u00e9 VR-120 is een kwalitatief hoogwaardige kluis met een veilig sleutelslot voor video recorders of andere diefstal- of sabotagegevoelige apparatuur.\u00a0ARCAS OLLE is een familiebedrijf gevestigd in Spanje gewijd aan de vervaardiging van kluizen sinds 1845.\u00a0Vanwege het zeer hoge kwaliteitsniveau is de VR-120 kluis niet vergelijkbaar met recorder kluizen die doorgaans worden aangeboden. Wij zijn<\/p>\n<div class=\"klb-readmore button\"><a class=\"btn link\" href=\"https:\/\/webstore4.com\/de\/product\/olle-vr-120-kluis-met-sleutelslot-voor-video-recorders\/\">Mehr lesen <i class=\"klbth-icon-right-arrow\"><\/i><\/a><\/div>","protected":false},"featured_media":7800,"comment_status":"open","ping_status":"closed","template":"","meta":[],"pwb-brand":[3388],"product_cat":[4204,4206],"product_tag":[],"class_list":{"0":"post-7799","1":"product","2":"type-product","3":"status-publish","4":"has-post-thumbnail","6":"pwb-brand-arcas-olle","7":"product_cat-kasten-kluizen","8":"product_cat-recorder-kasten","9":"product_shipping_class-pakket","10":"pa_breedte-615-mm","11":"pa_diepte-550-mm","12":"pa_hoogte-225-mm","13":"pa_materiaal-staal","14":"pa_merk-arcas-olle","15":"pa_omgeving-binnen","16":"pa_product-kluis","18":"first","19":"onbackorder","20":"taxable","21":"shipping-taxable","22":"purchasable","23":"product-type-simple"},"brands":[{"id":3388,"name":"Arcas Oll\u00e9","slug":"arcas-olle"}],"_links":{"self":[{"href":"https:\/\/webstore4.com\/de\/wp-json\/wp\/v2\/product\/7799","targetHints":{"allow":["GET"]}}],"collection":[{"href":"https:\/\/webstore4.com\/de\/wp-json\/wp\/v2\/product"}],"about":[{"href":"https:\/\/webstore4.com\/de\/wp-json\/wp\/v2\/types\/product"}],"replies":[{"embeddable":true,"href":"https:\/\/webstore4.com\/de\/wp-json\/wp\/v2\/comments?post=7799"}],"wp:featuredmedia":[{"embeddable":true,"href":"https:\/\/webstore4.com\/de\/wp-json\/wp\/v2\/media\/7800"}],"wp:attachment":[{"href":"https:\/\/webstore4.com\/de\/wp-json\/wp\/v2\/media?parent=7799"}],"wp:term":[{"taxonomy":"pwb-brand","embeddable":true,"href":"https:\/\/webstore4.com\/de\/wp-json\/wp\/v2\/pwb-brand?post=7799"},{"taxonomy":"product_cat","embeddable":true,"href":"https:\/\/webstore4.com\/de\/wp-json\/wp\/v2\/product_cat?post=7799"},{"taxonomy":"product_tag","embeddable":true,"href":"https:\/\/webstore4.com\/de\/wp-json\/wp\/v2\/product_tag?post=7799"}],"curies":[{"name":"wp","href":"https:\/\/api.w.org\/{rel}","templated":true}]}}