{"id":7797,"date":"2017-06-15T18:52:33","date_gmt":"2017-06-15T16:52:33","guid":{"rendered":"https:\/\/webstore4.com\/\/?product=olle-vr-110e-kluis-met-electronisch-slot-met-vertraging-voor-video-recorders"},"modified":"2026-03-05T03:07:20","modified_gmt":"2026-03-05T02:07:20","slug":"olle-vr-110e-kluis-met-electronisch-slot-voor-video-recorders","status":"publish","type":"product","link":"https:\/\/webstore4.com\/de\/product\/olle-vr-110e-kluis-met-electronisch-slot-voor-video-recorders\/","title":{"rendered":"Oll\u00e9 VR-110E Tresor mit elektronischem Schloss mit Verz\u00f6gerung f\u00fcr Videorecorder"},"content":{"rendered":"<p>Der Arcas Oll\u00e9 VR-110E ist ein hochwertiger Tresor mit sicherem elektronischem Codeschloss f\u00fcr Videorecorder oder andere diebstahl- oder sabotageempfindliche Ger\u00e4te. ARCAS OLLE ist ein Familienunternehmen mit Sitz in Spanien, das sich seit 1845 der Herstellung von Tresoren widmet. Aufgrund seines sehr hohen Qualit\u00e4tsniveaus ist der Tresor VR-110E nicht mit den \u00fcblicherweise angebotenen Recorder-Tresoren vergleichbar.<\/p>\n<p>Wir sind der offizielle ARCAS OLLE-Distributor und Wiederverk\u00e4ufer in der BENELUX- und DACH-Region f\u00fcr die Videorecorder-Safes der VR-Serie.<\/p>\n<p><strong>M\u00f6glichkeiten<\/strong><\/p>\n<p>Der Arcas Oll\u00e9 VR-110E bietet Schutz f\u00fcr diebstahl- oder sabotageempfindliche Ausr\u00fcstung und beh\u00e4lt gleichzeitig Anschlussm\u00f6glichkeiten und K\u00fchlung durch Aussparungen im Tresor bei. Der Safe ist ideal zum Schutz vor Diebstahl oder Sabotage von Kamera-Videorecordern, NAS, Servern, Switches, Zugangscontrollern usw. Der Safe besteht aus einem 4 mm dicken Stahlrahmen und einer T\u00fcr sowie einem 2 mm dicken Stahlgeh\u00e4use. Der Tresor ist mit einem sicheren und hochwertigen elektronischen PIN-Code-Schloss ausgestattet. Nach viermaliger Eingabe eines falschen Codes kommt es zu einer Wartezeit von 5 Minuten. Bei der Eingabe zweier falscher Codes kommt es dann erneut zu einer Wartezeit von 5 Minuten. Die \u00d6ffnungsverz\u00f6gerung betr\u00e4gt standardm\u00e4\u00dfig 10 Minuten. Auf Anfrage ist ein Aktivierungscode erh\u00e4ltlich, mit dem Sie die Verz\u00f6gerung selbst zwischen 0 und 99 Minuten einstellen k\u00f6nnen. Die Standard\u00f6ffnungszeit betr\u00e4gt 5 Minuten. Auf Anfrage ist ein Aktivierungscode erh\u00e4ltlich, um die \u00d6ffnungszeit zwischen 1 und 19 Minuten einzustellen. Das Schloss wird mit einer 9-V-Batterie betrieben.<\/p>\n<p>Der Tresor verf\u00fcgt an der Unterseite \u00fcber 9-mm-Rundl\u00f6cher zur Verankerung. Der Tresor verf\u00fcgt \u00fcber eine Pulverbeschichtung und eine Farbe \u00e4hnlich der RAL-Farbe 7022.<\/p>\n<p>Optional sind ein Einbaul\u00fcfter-Kit und eine ausziehbare Schublade erh\u00e4ltlich. Diese Optionen sind auf der Registerkarte \u201eOptionen\u201c enthalten. Alle Abmessungen und das Benutzerhandbuch finden Sie unter den Links im Reiter \u201eDokumentation\u201c.<\/p>\n<p><strong>Wichtigste Funktionen<\/strong><\/p>\n<ul>\n<li>Elektronischer Ger\u00e4tetresor aus Stahl und sehr hoher Qualit\u00e4t<\/li>\n<li>Elektronisches Codeschloss mit Verz\u00f6gerung<\/li>\n<li>Wiegt 18 Kilo<\/li>\n<li>Pulverbeschichtung<\/li>\n<\/ul>\n<p><img decoding=\"async\" style=\"height: 100%; margin: 10px; width: 100%;\" src=\"https:\/\/webstore4.com\/wp-content\/uploads\/content\/Arcas_Olle_VR-series.jpg\" alt=\"Arcas Olle VR-series\" \/><\/p>\n<p><a href=\"https:\/\/webstore4.com\/Copyright\/\" target=\"_blank\" rel=\"noopener\"><span style=\"color: #ff6e03; font-size: 11px;\">\u00a9 Der Text ist urheberrechtlich gesch\u00fctzt<\/span><\/a><\/p>","protected":false},"excerpt":{"rendered":"<p>Der Arcas Oll\u00e9 VR-110E ist ein hochwertiger Tresor mit sicherem elektronischem Codeschloss f\u00fcr Videorecorder oder andere diebstahl- oder sabotageempfindliche Ger\u00e4te. ARCAS OLLE ist ein Familienunternehmen mit Sitz in Spanien, das sich seit 1845 der Herstellung von Tresoren widmet. Aufgrund seines sehr hohen Qualit\u00e4tsniveaus ist der Tresor VR-110E nicht mit den \u00fcblicherweise angebotenen Recorder-Tresoren vergleichbar.<\/p>\n<div class=\"klb-readmore button\"><a class=\"btn link\" href=\"https:\/\/webstore4.com\/de\/product\/olle-vr-110e-kluis-met-electronisch-slot-voor-video-recorders\/\">Mehr lesen <i class=\"klbth-icon-right-arrow\"><\/i><\/a><\/div>","protected":false},"featured_media":7798,"comment_status":"open","ping_status":"closed","template":"","meta":[],"pwb-brand":[3388],"product_cat":[4204,4206],"product_tag":[],"class_list":{"0":"post-7797","1":"product","2":"type-product","3":"status-publish","4":"has-post-thumbnail","6":"pwb-brand-arcas-olle","7":"product_cat-kasten-kluizen","8":"product_cat-recorder-kasten","9":"product_shipping_class-pakket","10":"pa_breedte-515-mm","11":"pa_diepte-450-mm","12":"pa_hoogte-200-mm","13":"pa_materiaal-staal","14":"pa_merk-arcas-olle","15":"pa_omgeving-binnen","16":"pa_product-kluis-code-slot","18":"first","19":"onbackorder","20":"taxable","21":"shipping-taxable","22":"purchasable","23":"product-type-simple"},"brands":[{"id":3388,"name":"Arcas Oll\u00e9","slug":"arcas-olle"}],"_links":{"self":[{"href":"https:\/\/webstore4.com\/de\/wp-json\/wp\/v2\/product\/7797","targetHints":{"allow":["GET"]}}],"collection":[{"href":"https:\/\/webstore4.com\/de\/wp-json\/wp\/v2\/product"}],"about":[{"href":"https:\/\/webstore4.com\/de\/wp-json\/wp\/v2\/types\/product"}],"replies":[{"embeddable":true,"href":"https:\/\/webstore4.com\/de\/wp-json\/wp\/v2\/comments?post=7797"}],"wp:featuredmedia":[{"embeddable":true,"href":"https:\/\/webstore4.com\/de\/wp-json\/wp\/v2\/media\/7798"}],"wp:attachment":[{"href":"https:\/\/webstore4.com\/de\/wp-json\/wp\/v2\/media?parent=7797"}],"wp:term":[{"taxonomy":"pwb-brand","embeddable":true,"href":"https:\/\/webstore4.com\/de\/wp-json\/wp\/v2\/pwb-brand?post=7797"},{"taxonomy":"product_cat","embeddable":true,"href":"https:\/\/webstore4.com\/de\/wp-json\/wp\/v2\/product_cat?post=7797"},{"taxonomy":"product_tag","embeddable":true,"href":"https:\/\/webstore4.com\/de\/wp-json\/wp\/v2\/product_tag?post=7797"}],"curies":[{"name":"wp","href":"https:\/\/api.w.org\/{rel}","templated":true}]}}