{"id":7795,"date":"2017-06-15T18:21:41","date_gmt":"2017-06-15T16:21:41","guid":{"rendered":"https:\/\/webstore4.com\/\/?product=olle-vr-110-kluis-met-sleutelslot-voor-video-recorders"},"modified":"2024-06-21T09:25:50","modified_gmt":"2024-06-21T08:25:50","slug":"olle-vr-110-kluis-met-sleutelslot-voor-video-recorders","status":"publish","type":"product","link":"https:\/\/webstore4.com\/de\/product\/olle-vr-110-kluis-met-sleutelslot-voor-video-recorders\/","title":{"rendered":"Oll\u00e9 VR-110 Tresor mit Schl\u00fcsselschloss f\u00fcr Videorecorder"},"content":{"rendered":"<p>De Arcas\u00a0Oll\u00e9 VR-110 is een kwalitatief hoogwaardige kluis met een veilig sleutelslot voor video recorders of andere diefstal- of sabotagegevoelige apparatuur.\u00a0ARCAS OLLE is een familiebedrijf gevestigd in Spanje gewijd aan de vervaardiging van kluizen sinds 1845.\u00a0Vanwege het zeer hoge kwaliteitsniveau is de VR-110 kluis niet vergelijkbaar met recorder kluizen die doorgaans worden aangeboden.<\/p>\n<p>Wir sind der offizielle ARCAS OLLE-Distributor und Wiederverk\u00e4ufer in der BENELUX- und DACH-Region f\u00fcr die Videorecorder-Safes der VR-Serie.<\/p>\n<p><strong>M\u00f6glichkeiten<\/strong><\/p>\n<p>De Arcas\u00a0Oll\u00e9 VR-110 biedt bescherming voor\u00a0diefstal- of sabotagegevoelige apparatuur met behoud van aansluitmogelijkheden en koeling door middel van uitsparingen in de kluis. De kluis is ideaal voor het bescherming tegen diefstal of sabotage van camera video recorders, NAS, servers, switches, access controllers etc.<br \/>\nDe kluis is gemaakt van 4mm dik stalen frame en deur en een 2mm dik stalen behuizing en is uitgerust met een veilig en hoogwaardig slot. De kluis heeft 9mm ronde gaten voor verankering aan de onderkant. De kluis heeft een poedercoating en een kleur gelijkend op RAL kleur 7022.<\/p>\n<p>Optional sind ein Einbaul\u00fcfter-Kit und eine ausziehbare Schublade erh\u00e4ltlich. Diese Optionen sind auf der Registerkarte \u201eOptionen\u201c enthalten. Alle Abmessungen und das Benutzerhandbuch finden Sie unter den Links im Reiter \u201eDokumentation\u201c.<\/p>\n<p><strong>Wichtigste Funktionen<\/strong><\/p>\n<ul>\n<li>Elektronischer Ger\u00e4tetresor aus Stahl und sehr hoher Qualit\u00e4t<\/li>\n<li>Sicheres 6-Hebel-Einsteckschl\u00fcsselschloss mit Doppelbart<\/li>\n<li>Wiegt 18 Kilo<\/li>\n<li>Tastensperre<\/li>\n<li>Pulverbeschichtung<\/li>\n<\/ul>\n<p><img decoding=\"async\" style=\"height: 100%; margin: 10px; width: 100%;\" src=\"https:\/\/webstore4.com\/wp-content\/uploads\/content\/Arcas_Olle_VR-series.jpg\" alt=\"Arcas Olle VR-series\" \/><\/p>\n<p><a href=\"https:\/\/webstore4.com\/Copyright\/\" target=\"_blank\" rel=\"noopener\"><span style=\"color: #ff6e03; font-size: 11px;\">\u00a9 Der Text ist urheberrechtlich gesch\u00fctzt<\/span><\/a><\/p>","protected":false},"excerpt":{"rendered":"<p>De Arcas\u00a0Oll\u00e9 VR-110 is een kwalitatief hoogwaardige kluis met een veilig sleutelslot voor video recorders of andere diefstal- of sabotagegevoelige apparatuur.\u00a0ARCAS OLLE is een familiebedrijf gevestigd in Spanje gewijd aan de vervaardiging van kluizen sinds 1845.\u00a0Vanwege het zeer hoge kwaliteitsniveau is de VR-110 kluis niet vergelijkbaar met recorder kluizen die doorgaans worden aangeboden. Wij zijn<\/p>\n<div class=\"klb-readmore button\"><a class=\"btn link\" href=\"https:\/\/webstore4.com\/de\/product\/olle-vr-110-kluis-met-sleutelslot-voor-video-recorders\/\">Mehr lesen <i class=\"klbth-icon-right-arrow\"><\/i><\/a><\/div>","protected":false},"featured_media":7796,"comment_status":"open","ping_status":"closed","template":"","meta":[],"pwb-brand":[3388],"product_cat":[4204,4206],"product_tag":[],"class_list":{"0":"post-7795","1":"product","2":"type-product","3":"status-publish","4":"has-post-thumbnail","6":"pwb-brand-arcas-olle","7":"product_cat-kasten-kluizen","8":"product_cat-recorder-kasten","9":"product_shipping_class-pakket","10":"pa_breedte-515-mm","11":"pa_diepte-450-mm","12":"pa_hoogte-200-mm","13":"pa_materiaal-staal","14":"pa_merk-arcas-olle","15":"pa_omgeving-binnen","16":"pa_product-kluis","18":"first","19":"onbackorder","20":"taxable","21":"shipping-taxable","22":"purchasable","23":"product-type-simple"},"brands":[{"id":3388,"name":"Arcas Oll\u00e9","slug":"arcas-olle"}],"_links":{"self":[{"href":"https:\/\/webstore4.com\/de\/wp-json\/wp\/v2\/product\/7795","targetHints":{"allow":["GET"]}}],"collection":[{"href":"https:\/\/webstore4.com\/de\/wp-json\/wp\/v2\/product"}],"about":[{"href":"https:\/\/webstore4.com\/de\/wp-json\/wp\/v2\/types\/product"}],"replies":[{"embeddable":true,"href":"https:\/\/webstore4.com\/de\/wp-json\/wp\/v2\/comments?post=7795"}],"wp:featuredmedia":[{"embeddable":true,"href":"https:\/\/webstore4.com\/de\/wp-json\/wp\/v2\/media\/7796"}],"wp:attachment":[{"href":"https:\/\/webstore4.com\/de\/wp-json\/wp\/v2\/media?parent=7795"}],"wp:term":[{"taxonomy":"pwb-brand","embeddable":true,"href":"https:\/\/webstore4.com\/de\/wp-json\/wp\/v2\/pwb-brand?post=7795"},{"taxonomy":"product_cat","embeddable":true,"href":"https:\/\/webstore4.com\/de\/wp-json\/wp\/v2\/product_cat?post=7795"},{"taxonomy":"product_tag","embeddable":true,"href":"https:\/\/webstore4.com\/de\/wp-json\/wp\/v2\/product_tag?post=7795"}],"curies":[{"name":"wp","href":"https:\/\/api.w.org\/{rel}","templated":true}]}}