{"id":7791,"date":"2017-06-15T17:13:03","date_gmt":"2017-06-15T15:13:03","guid":{"rendered":"https:\/\/webstore4.com\/\/?product=olle-vr050-ventilator-kit-voor-olle-vr-serie-kluizen"},"modified":"2024-04-19T15:03:53","modified_gmt":"2024-04-19T14:03:53","slug":"olle-vr050-ventilator-kit-voor-olle-vr-serie-kluizen","status":"publish","type":"product","link":"https:\/\/webstore4.com\/de\/product\/olle-vr050-ventilator-kit-voor-olle-vr-serie-kluizen\/","title":{"rendered":"Oll\u00e9 VR050 L\u00fcfterset f\u00fcr Tresore der Oll\u00e9 VR-Serie"},"content":{"rendered":"<p>Das Oll\u00e9 VR-050 ist ein L\u00fcfterset f\u00fcr Tresore der Oll\u00e9 VR-Serie zur guten K\u00fchlung der Ausr\u00fcstung.<\/p>\n<p>ARCAS OLLE ist ein Familienunternehmen mit Sitz in Spanien, das sich seit 1845 der Herstellung von Tresoren widmet. Wir sind der offizielle ARCAS OLLE-Distributor und Wiederverk\u00e4ufer in der BENELUX- und DACH-Region f\u00fcr die VCR-Tresore der VR-Serie.<\/p>\n<p><strong>M\u00f6glichkeiten<\/strong><\/p>\n<p>Das Oll\u00e9 VR050 ist ein komplettes Bel\u00fcftungsset f\u00fcr Tresore der VR-Serie, die Ger\u00e4te enthalten, die viel W\u00e4rme erzeugen und zus\u00e4tzliche K\u00fchlung ben\u00f6tigen. Der L\u00fcfter ben\u00f6tigt eine Stromversorgung von 220\u2013240 VAC.<\/p>\n<p><a href=\"https:\/\/webstore4.com\/Copyright\/\" target=\"_blank\" rel=\"noopener\"><span style=\"color: #ff6e03; font-size: 11px;\">\u00a9 Der Text ist urheberrechtlich gesch\u00fctzt<\/span><\/a><\/p>\n<p><img decoding=\"async\" style=\"height: 40%; margin: 10px; width: 40%;\" src=\"https:\/\/webstore4.com\/wp-content\/uploads\/content\/Arcas_Olle_ventilator_kit.jpg\" alt=\"Arcas Olle VR050\" \/><\/p>","protected":false},"excerpt":{"rendered":"<p>De Oll\u00e9 VR-050 is een ventilator kit voor Oll\u00e9 VR-serie kluizen voor goede koeling van apparatuur. ARCAS OLLE is een familiebedrijf gevestigd in Spanje gewijd aan de vervaardiging van kluizen sinds 1845. Wij zijn de offici\u00eble ARCAS OLLE\u00a0distributeur en reseller in de BENELUX en DACH regio voor de VR-serie videorecorder kluizen. Mogelijkheden De Oll\u00e9 VR050<\/p>\n<div class=\"klb-readmore button\"><a class=\"btn link\" href=\"https:\/\/webstore4.com\/de\/product\/olle-vr050-ventilator-kit-voor-olle-vr-serie-kluizen\/\">Mehr lesen <i class=\"klbth-icon-right-arrow\"><\/i><\/a><\/div>","protected":false},"featured_media":7792,"comment_status":"open","ping_status":"closed","template":"","meta":[],"pwb-brand":[3388],"product_cat":[4204,4206],"product_tag":[],"class_list":{"0":"post-7791","1":"product","2":"type-product","3":"status-publish","4":"has-post-thumbnail","6":"pwb-brand-arcas-olle","7":"product_cat-kasten-kluizen","8":"product_cat-recorder-kasten","9":"product_shipping_class-pakket","10":"pa_merk-arcas-olle","11":"pa_product-accessoires","13":"first","14":"onbackorder","15":"taxable","16":"shipping-taxable","17":"purchasable","18":"product-type-simple"},"brands":[{"id":3388,"name":"Arcas Oll\u00e9","slug":"arcas-olle"}],"_links":{"self":[{"href":"https:\/\/webstore4.com\/de\/wp-json\/wp\/v2\/product\/7791","targetHints":{"allow":["GET"]}}],"collection":[{"href":"https:\/\/webstore4.com\/de\/wp-json\/wp\/v2\/product"}],"about":[{"href":"https:\/\/webstore4.com\/de\/wp-json\/wp\/v2\/types\/product"}],"replies":[{"embeddable":true,"href":"https:\/\/webstore4.com\/de\/wp-json\/wp\/v2\/comments?post=7791"}],"wp:featuredmedia":[{"embeddable":true,"href":"https:\/\/webstore4.com\/de\/wp-json\/wp\/v2\/media\/7792"}],"wp:attachment":[{"href":"https:\/\/webstore4.com\/de\/wp-json\/wp\/v2\/media?parent=7791"}],"wp:term":[{"taxonomy":"pwb-brand","embeddable":true,"href":"https:\/\/webstore4.com\/de\/wp-json\/wp\/v2\/pwb-brand?post=7791"},{"taxonomy":"product_cat","embeddable":true,"href":"https:\/\/webstore4.com\/de\/wp-json\/wp\/v2\/product_cat?post=7791"},{"taxonomy":"product_tag","embeddable":true,"href":"https:\/\/webstore4.com\/de\/wp-json\/wp\/v2\/product_tag?post=7791"}],"curies":[{"name":"wp","href":"https:\/\/api.w.org\/{rel}","templated":true}]}}