{"id":7787,"date":"2017-06-15T15:29:38","date_gmt":"2017-06-15T13:29:38","guid":{"rendered":"https:\/\/webstore4.com\/\/?product=olle-vr010-uittrekbare-lade-voor-de-kluizen-vr-110-en-vr-110e"},"modified":"2024-06-21T09:25:29","modified_gmt":"2024-06-21T08:25:29","slug":"olle-vr010-uittrekbare-lade","status":"publish","type":"product","link":"https:\/\/webstore4.com\/de\/product\/olle-vr010-uittrekbare-lade\/","title":{"rendered":"Oll\u00e9 VR010 ausziehbare Schublade f\u00fcr die Tresore VR-110 und VR-110E"},"content":{"rendered":"<p>Die Oll\u00e9 VR010 ist eine ausziehbare Schublade f\u00fcr die Tresore VR-110 und VR-110E f\u00fcr einfachen Zugriff auf die Ausr\u00fcstung.<\/p>\n<p>ARCAS OLLE ist ein Familienunternehmen mit Sitz in Spanien, das sich seit 1845 der Herstellung von Tresoren widmet. Wir sind der offizielle ARCAS OLLE-Distributor und Wiederverk\u00e4ufer in der BENELUX- und DACH-Region f\u00fcr die VCR-Tresore der VR-Serie.<\/p>\n<p><strong>M\u00f6glichkeiten<\/strong><\/p>\n<p>F\u00fcr eine gute K\u00fchlung ist der Oll\u00e9 VR010 mit Bel\u00fcftungsl\u00f6chern ausgestattet. Die Schublade ist mit robusten und langlebigen Teleskop-Schubladenf\u00fchrungen mit Rollenlagern ausgestattet. Die Schublade l\u00e4sst sich komplett aus dem Tresor herausziehen und durch einen Hebel an der F\u00fchrung komplett entnehmen.<\/p>\n<p>Voor alle afmetingen en de gebruikshandleiding verwijzen wij graag naar de links opgenomen onder het tabblad &#8220;Documentatie&#8221;.<\/p>\n<p><strong>Wichtigste Funktionen<\/strong><\/p>\n<ul>\n<li>Teleskopische Schubladenf\u00fchrung mit Rollenlager<\/li>\n<li>Ausgestattet mit K\u00fchll\u00f6chern<\/li>\n<li>Bis zu 1 HE Rack<\/li>\n<\/ul>\n<p><a href=\"https:\/\/webstore4.com\/Copyright\/\" target=\"_blank\" rel=\"noopener\"><span style=\"color: #ff6e03; font-size: 11px;\">\u00a9 Der Text ist urheberrechtlich gesch\u00fctzt<\/span><\/a><\/p>","protected":false},"excerpt":{"rendered":"<p>De Oll\u00e9 VR010 is een uittrekbare lade voor de kluizen VR-110 en VR-110E voor gemakkelijke toegang tot apparatuur. ARCAS OLLE is een familiebedrijf gevestigd in Spanje gewijd aan de vervaardiging van kluizen sinds 1845. Wij zijn de offici\u00eble ARCAS OLLE\u00a0distributeur en reseller in de BENELUX en DACH regio voor de VR-serie videorecorder kluizen. Mogelijkheden De<\/p>\n<div class=\"klb-readmore button\"><a class=\"btn link\" href=\"https:\/\/webstore4.com\/de\/product\/olle-vr010-uittrekbare-lade\/\">Mehr lesen <i class=\"klbth-icon-right-arrow\"><\/i><\/a><\/div>","protected":false},"featured_media":7788,"comment_status":"open","ping_status":"closed","template":"","meta":[],"pwb-brand":[3388],"product_cat":[4204,4206],"product_tag":[],"class_list":{"0":"post-7787","1":"product","2":"type-product","3":"status-publish","4":"has-post-thumbnail","6":"pwb-brand-arcas-olle","7":"product_cat-kasten-kluizen","8":"product_cat-recorder-kasten","9":"product_shipping_class-pakket","10":"pa_merk-arcas-olle","11":"pa_omgeving-binnen","12":"pa_product-accessoires","14":"first","15":"onbackorder","16":"taxable","17":"shipping-taxable","18":"purchasable","19":"product-type-simple"},"brands":[{"id":3388,"name":"Arcas Oll\u00e9","slug":"arcas-olle"}],"_links":{"self":[{"href":"https:\/\/webstore4.com\/de\/wp-json\/wp\/v2\/product\/7787","targetHints":{"allow":["GET"]}}],"collection":[{"href":"https:\/\/webstore4.com\/de\/wp-json\/wp\/v2\/product"}],"about":[{"href":"https:\/\/webstore4.com\/de\/wp-json\/wp\/v2\/types\/product"}],"replies":[{"embeddable":true,"href":"https:\/\/webstore4.com\/de\/wp-json\/wp\/v2\/comments?post=7787"}],"wp:featuredmedia":[{"embeddable":true,"href":"https:\/\/webstore4.com\/de\/wp-json\/wp\/v2\/media\/7788"}],"wp:attachment":[{"href":"https:\/\/webstore4.com\/de\/wp-json\/wp\/v2\/media?parent=7787"}],"wp:term":[{"taxonomy":"pwb-brand","embeddable":true,"href":"https:\/\/webstore4.com\/de\/wp-json\/wp\/v2\/pwb-brand?post=7787"},{"taxonomy":"product_cat","embeddable":true,"href":"https:\/\/webstore4.com\/de\/wp-json\/wp\/v2\/product_cat?post=7787"},{"taxonomy":"product_tag","embeddable":true,"href":"https:\/\/webstore4.com\/de\/wp-json\/wp\/v2\/product_tag?post=7787"}],"curies":[{"name":"wp","href":"https:\/\/api.w.org\/{rel}","templated":true}]}}